{"id":10017,"date":"2024-11-27T19:58:50","date_gmt":"2024-11-27T16:58:50","guid":{"rendered":"https:\/\/www.makitamarket.com.tr\/site\/urun\/knipex-papuc-sikma-pensi-250-mm\/"},"modified":"2026-04-06T13:20:11","modified_gmt":"2026-04-06T10:20:11","slug":"knipex-papuc-sikma-pensi-250-mm","status":"publish","type":"product","link":"https:\/\/www.makitamarket.com.tr\/site\/urun\/knipex-papuc-sikma-pensi-250-mm\/","title":{"rendered":"Knipex 975206 PAPU\u00c7 SIKMA PENS\u0130 250 mm"},"content":{"rendered":"<p><b>97 52 06 S\u0131kma Pense<\/b><br \/>Lehimsiz elektrik ba\u011flant\u0131lar\u0131 i\u00e7in. Yeni tip makas kolu sayesinde, klasik s\u0131kma penselerine g\u00f6re %30&#8217;a varan oranda daha az el kuvveti gerektirir. Y\u00fcksek kilitleme, s\u0131kma mekanizmas\u0131 sayesinde;kolay s\u0131kma yap\u0131l\u0131labilir. S\u0131kma bask\u0131s\u0131 fabrika taraf\u0131ndan tam olarak ayarlanm\u0131\u015ft\u0131r (kalibrasyonlu). B\u00fcy\u00fck iletken kesitlerinin kolayca s\u0131k\u0131lmas\u0131 i\u00e7in iki elle kullan\u0131m. Dengeli a\u011f\u0131rl\u0131k merkezi, a\u00e7\u0131l\u0131 kafa ve ergonomik saplar\u0131 sayesinde iyi kullan\u0131m <\/p>\n<li><b>Uygulama: <\/b>\u0130zoleli kablo pabu\u00e7lar\u0131, soket konekt\u00f6r + s\u0131k\u0131\u015ft\u0131rmal\u0131 konekt\u00f6r<\/li>\n<li><b>Kapasite milimetrekare: <\/b>0,5 \u2014 6 mm\u00b2<\/li>\n<li><b>Yuva say\u0131s\u0131: <\/b>3<\/li>\n<li><b>AWG: <\/b>20 \u2014 10 <\/li>\n<table>\n<tr>\n<td>Uzunluk<\/td>\n<td>250<\/td>\n<\/tr>\n<tr>\n<td>Kapasite<\/td>\n<td>0.5-1-1.5-2.5-4-6.0mm\u00b2<\/td>\n<\/tr>\n<tr>\n<td>A\u011f\u0131rl\u0131k<\/td>\n<td>565 gr<\/td>\n<\/tr>\n<\/table>\n","protected":false},"excerpt":{"rendered":"<p><b>97 52 06 S\u0131kma Pense<\/b><br \/>Lehimsiz elektrik ba\u011flant\u0131lar\u0131 i\u00e7in. Yeni tip makas kolu sayesinde, klasik s\u0131kma penselerine g\u00f6re %30&#8217;a varan oranda daha az el kuvveti gerektirir. Y\u00fcksek kilitleme, s\u0131kma mekanizmas\u0131 sayesinde;kolay s\u0131kma yap\u0131l\u0131labilir. S\u0131kma bask\u0131s\u0131 fabrika taraf\u0131ndan tam olarak ayarlanm\u0131\u015ft\u0131r (kalibrasyonlu). B\u00fcy\u00fck iletken kesitlerinin kolayca s\u0131k\u0131lmas\u0131 i\u00e7in iki elle kullan\u0131m. Dengeli a\u011f\u0131rl\u0131k merkezi, a\u00e7\u0131l\u0131 kafa ve ergonomik saplar\u0131 sayesinde iyi kullan\u0131m <\/p>\n<li><b>Uygulama: <\/b>\u0130zoleli kablo pabu\u00e7lar\u0131, soket konekt\u00f6r + s\u0131k\u0131\u015ft\u0131rmal\u0131 konekt\u00f6r<\/li>\n<li><b>Kapasite milimetrekare: <\/b>0,5 \u2014 6 mm\u00b2<\/li>\n<li><b>Yuva say\u0131s\u0131: <\/b>3<\/li>\n<li><b>AWG: <\/b>20 \u2014 10 <\/li>\n","protected":false},"featured_media":10620,"comment_status":"open","ping_status":"closed","template":"","meta":{"_acf_changed":false},"product_brand":[1486],"product_cat":[852],"product_tag":[],"class_list":{"0":"post-10017","1":"product","2":"type-product","3":"status-publish","4":"has-post-thumbnail","6":"product_brand-knipex","7":"product_cat-kablo-yuksuk-ve-pabuc-sikmalar","9":"first","10":"outofstock","11":"taxable","12":"shipping-taxable","13":"purchasable","14":"product-type-simple","15":"add-to-wishlist-after_add_to_cart"},"acf":[],"_links":{"self":[{"href":"https:\/\/www.makitamarket.com.tr\/site\/wp-json\/wp\/v2\/product\/10017","targetHints":{"allow":["GET"]}}],"collection":[{"href":"https:\/\/www.makitamarket.com.tr\/site\/wp-json\/wp\/v2\/product"}],"about":[{"href":"https:\/\/www.makitamarket.com.tr\/site\/wp-json\/wp\/v2\/types\/product"}],"replies":[{"embeddable":true,"href":"https:\/\/www.makitamarket.com.tr\/site\/wp-json\/wp\/v2\/comments?post=10017"}],"wp:featuredmedia":[{"embeddable":true,"href":"https:\/\/www.makitamarket.com.tr\/site\/wp-json\/wp\/v2\/media\/10620"}],"wp:attachment":[{"href":"https:\/\/www.makitamarket.com.tr\/site\/wp-json\/wp\/v2\/media?parent=10017"}],"wp:term":[{"taxonomy":"product_brand","embeddable":true,"href":"https:\/\/www.makitamarket.com.tr\/site\/wp-json\/wp\/v2\/product_brand?post=10017"},{"taxonomy":"product_cat","embeddable":true,"href":"https:\/\/www.makitamarket.com.tr\/site\/wp-json\/wp\/v2\/product_cat?post=10017"},{"taxonomy":"product_tag","embeddable":true,"href":"https:\/\/www.makitamarket.com.tr\/site\/wp-json\/wp\/v2\/product_tag?post=10017"}],"curies":[{"name":"wp","href":"https:\/\/api.w.org\/{rel}","templated":true}]}}