{"id":10019,"date":"2024-11-27T19:58:50","date_gmt":"2024-11-27T16:58:50","guid":{"rendered":"https:\/\/www.makitamarket.com.tr\/site\/urun\/proxxon-kanalli-ve-baglanti-kiskacli-tesviye-tablasi-ve-mengene-duzenegi\/"},"modified":"2026-03-30T07:39:27","modified_gmt":"2026-03-30T04:39:27","slug":"proxxon-kanalli-ve-baglanti-kiskacli-tesviye-tablasi-ve-mengene-duzenegi","status":"publish","type":"product","link":"https:\/\/www.makitamarket.com.tr\/site\/urun\/proxxon-kanalli-ve-baglanti-kiskacli-tesviye-tablasi-ve-mengene-duzenegi\/","title":{"rendered":"Proxxon 24412 KANALLI VE BA\u011eLANTI KISKA\u00c7LI TESV\u0130YE TABLASI VE MENGENE D\u00dcZENE\u011e\u0130"},"content":{"rendered":"<p>\n\t<span style=\"font-size:12px;\"><span style=\"font-family:tahoma,geneva,sans-serif;\">Al\u0131n plakas\u0131 ve k\u0131ska\u00e7lar<\/span><\/span><\/p>\n<p>\n\t<span style=\"font-size:12px;\"><span style=\"font-family:tahoma,geneva,sans-serif;\">Standart ayna yerine monte edilir. B\u00fcy\u00fck ve asimetrik bi\u00e7imli i\u015f par\u00e7alar\u0131n\u0131n s\u0131k\u0131lmas\u0131 i\u00e7in idealdir.<\/span><\/span><\/p>\n<p>\n\t<span style=\"font-size:12px;\"><span style=\"font-family:tahoma,geneva,sans-serif;\"><span style=\"font-size:12px;\"><span style=\"font-family:tahoma,geneva,sans-serif;\">\u00a0\u00d8 125mm. 2 surekli T-oluk. S\u0131kma ceneleriyle birlikte.<br \/>\n\t<\/span><\/span><\/span><\/span><\/p>\n<table>\n<tr>\n<td>\u00d6zellik<\/td>\n<td>PD400 torna i\u00e7in 150mm \u00e7apl\u0131 2ad T kanall\u0131 ve ba\u011flant\u0131 k\u0131ska\u00e7l\u0131 tesviye tablas\u0131 ve mengene d\u00fczene\u011fi<\/td>\n<\/tr>\n<\/table>\n","protected":false},"excerpt":{"rendered":"<p>\n\t<span style=\"font-size:12px;\"><span style=\"font-family:tahoma,geneva,sans-serif;\">Al\u0131n plakas\u0131 ve k\u0131ska\u00e7lar<\/span><\/span><\/p>\n<p>\n\t<span style=\"font-size:12px;\"><span style=\"font-family:tahoma,geneva,sans-serif;\">Standart ayna yerine monte edilir. B\u00fcy\u00fck ve asimetrik bi\u00e7imli i\u015f par\u00e7alar\u0131n\u0131n s\u0131k\u0131lmas\u0131 i\u00e7in idealdir.<\/span><\/span><\/p>\n<p>\n\t<span style=\"font-size:12px;\"><span style=\"font-family:tahoma,geneva,sans-serif;\"><span style=\"font-size:12px;\"><span style=\"font-family:tahoma,geneva,sans-serif;\">\u00a0\u00d8 125mm. 2 surekli T-oluk. S\u0131kma ceneleriyle birlikte.<br \/>\n\t<\/span><\/span><\/span><\/span><\/p>\n","protected":false},"featured_media":10018,"comment_status":"open","ping_status":"closed","template":"","meta":{"_acf_changed":false},"product_brand":[1501],"product_cat":[926],"product_tag":[],"class_list":{"0":"post-10019","1":"product","2":"type-product","3":"status-publish","4":"has-post-thumbnail","6":"product_brand-proxxon","7":"product_cat-aksesuarlar-mikro-aletleri","9":"first","10":"instock","11":"taxable","12":"shipping-taxable","13":"purchasable","14":"product-type-simple","15":"add-to-wishlist-after_add_to_cart"},"acf":[],"_links":{"self":[{"href":"https:\/\/www.makitamarket.com.tr\/site\/wp-json\/wp\/v2\/product\/10019","targetHints":{"allow":["GET"]}}],"collection":[{"href":"https:\/\/www.makitamarket.com.tr\/site\/wp-json\/wp\/v2\/product"}],"about":[{"href":"https:\/\/www.makitamarket.com.tr\/site\/wp-json\/wp\/v2\/types\/product"}],"replies":[{"embeddable":true,"href":"https:\/\/www.makitamarket.com.tr\/site\/wp-json\/wp\/v2\/comments?post=10019"}],"wp:featuredmedia":[{"embeddable":true,"href":"https:\/\/www.makitamarket.com.tr\/site\/wp-json\/wp\/v2\/media\/10018"}],"wp:attachment":[{"href":"https:\/\/www.makitamarket.com.tr\/site\/wp-json\/wp\/v2\/media?parent=10019"}],"wp:term":[{"taxonomy":"product_brand","embeddable":true,"href":"https:\/\/www.makitamarket.com.tr\/site\/wp-json\/wp\/v2\/product_brand?post=10019"},{"taxonomy":"product_cat","embeddable":true,"href":"https:\/\/www.makitamarket.com.tr\/site\/wp-json\/wp\/v2\/product_cat?post=10019"},{"taxonomy":"product_tag","embeddable":true,"href":"https:\/\/www.makitamarket.com.tr\/site\/wp-json\/wp\/v2\/product_tag?post=10019"}],"curies":[{"name":"wp","href":"https:\/\/api.w.org\/{rel}","templated":true}]}}