{"id":10025,"date":"2024-11-27T19:58:52","date_gmt":"2024-11-27T16:58:52","guid":{"rendered":"https:\/\/www.makitamarket.com.tr\/site\/urun\/mapa-sivilara-karsi-koruma-eldiveni-no-5-6-7-8-9\/"},"modified":"2026-04-06T12:59:13","modified_gmt":"2026-04-06T09:59:13","slug":"mapa-sivilara-karsi-koruma-eldiveni-no-5-6-7-8-9","status":"publish","type":"product","link":"https:\/\/www.makitamarket.com.tr\/site\/urun\/mapa-sivilara-karsi-koruma-eldiveni-no-5-6-7-8-9\/","title":{"rendered":"Mapa JERSETTE301-9 SIVILARA KAR\u015eI KORUMA ELD\u0130VEN\u0130 NO: 5 &#8211; 6 &#8211; 7 &#8211; 8 &#8211; 9"},"content":{"rendered":"<div>\n\t<strong>Kullan\u0131m Alanlar\u0131<\/strong><\/div>\n<div>\n\tHavac\u0131l\u0131k End\u00fcstrisi:<\/div>\n<div>\n\tKompozit malzemelerle \u00e7al\u0131\u015fma (Re\u00e7ineler)<\/div>\n<div>\n\t\u00a0<\/div>\n<div>\n\t\u0130n\u015faat Sekt\u00f6r\u00fc:<\/div>\n<div>\n\tHar\u00e7 ve \u00e7imento haz\u0131rlama ve d\u00f6kme,<\/div>\n<div>\n\tDuvarc\u0131l\u0131k ve s\u0131va uygulamalar\u0131<\/div>\n<div>\n\t\u00a0<\/div>\n<div>\n\tTemizlik End\u00fcstrisi:<\/div>\n<div>\n\tEv deterjanlar\u0131n\u0131n kullan\u0131lmas\u0131<\/div>\n<div>\n\tEgzama Eldiveni<\/div>\n<table>\n<tr>\n<td>\u00d6l\u00e7\u00fc<\/td>\n<td>5 &#8211; 6 &#8211; 7 &#8211; 8 &#8211; 9<\/td>\n<\/tr>\n<tr>\n<td>Uzunluk \/ Kal\u0131nl\u0131k<\/td>\n<td>31-33cm \/ 1,15mm<\/td>\n<\/tr>\n<tr>\n<td>Koli Miktar\u0131<\/td>\n<td>50 \u00c7ift<\/td>\n<\/tr>\n<tr>\n<td>Kaplama<\/td>\n<td>Lateks<\/td>\n<\/tr>\n<tr>\n<td>Tan\u0131m<\/td>\n<td>Zorlay\u0131c\u0131 \u015fartlarda uzun s\u00fcreli \u00e7al\u0131\u015fma i\u00e7in maksimum konfor<\/td>\n<\/tr>\n<tr>\n<td>\u0130\u00e7 \/ D\u0131\u015f Y\u00fczey<\/td>\n<td>Kuma\u015f astar \/  Kabartmal\u0131 doku<\/td>\n<\/tr>\n<tr>\n<td>Standard\u0131<\/td>\n<td>EN 388 &#8211; 2131X<\/td>\n<\/tr>\n<tr>\n<td>Standard\u0131<\/td>\n<td>EN 374-1 &#8211; KPT<\/td>\n<\/tr>\n<tr>\n<td>Standard\u0131<\/td>\n<td>EN 407 &#8211; X1XXXX<\/td>\n<\/tr>\n<tr>\n<td>Standard\u0131<\/td>\n<td>EN 420 &#8211; CAT2<\/td>\n<\/tr>\n<\/table>\n","protected":false},"excerpt":{"rendered":"<div>\n\t<strong>Kullan\u0131m Alanlar\u0131<\/strong><\/div>\n<div>\n\tHavac\u0131l\u0131k End\u00fcstrisi:<\/div>\n<div>\n\tKompozit malzemelerle \u00e7al\u0131\u015fma (Re\u00e7ineler)<\/div>\n<div>\n\t\u00a0<\/div>\n<div>\n\t\u0130n\u015faat Sekt\u00f6r\u00fc:<\/div>\n<div>\n\tHar\u00e7 ve \u00e7imento haz\u0131rlama ve d\u00f6kme,<\/div>\n<div>\n\tDuvarc\u0131l\u0131k ve s\u0131va uygulamalar\u0131<\/div>\n<div>\n\t\u00a0<\/div>\n<div>\n\tTemizlik End\u00fcstrisi:<\/div>\n<div>\n\tEv deterjanlar\u0131n\u0131n kullan\u0131lmas\u0131<\/div>\n<div>\n\tEgzama Eldiveni<\/div>\n","protected":false},"featured_media":10030,"comment_status":"open","ping_status":"closed","template":"","meta":{"_acf_changed":false},"product_brand":[1521],"product_cat":[708],"product_tag":[],"class_list":{"0":"post-10025","1":"product","2":"type-product","3":"status-publish","4":"has-post-thumbnail","6":"product_brand-mapa","7":"product_cat-el-koruyucular","9":"first","10":"instock","11":"taxable","12":"shipping-taxable","13":"purchasable","14":"product-type-simple","15":"add-to-wishlist-after_add_to_cart"},"acf":[],"_links":{"self":[{"href":"https:\/\/www.makitamarket.com.tr\/site\/wp-json\/wp\/v2\/product\/10025","targetHints":{"allow":["GET"]}}],"collection":[{"href":"https:\/\/www.makitamarket.com.tr\/site\/wp-json\/wp\/v2\/product"}],"about":[{"href":"https:\/\/www.makitamarket.com.tr\/site\/wp-json\/wp\/v2\/types\/product"}],"replies":[{"embeddable":true,"href":"https:\/\/www.makitamarket.com.tr\/site\/wp-json\/wp\/v2\/comments?post=10025"}],"wp:featuredmedia":[{"embeddable":true,"href":"https:\/\/www.makitamarket.com.tr\/site\/wp-json\/wp\/v2\/media\/10030"}],"wp:attachment":[{"href":"https:\/\/www.makitamarket.com.tr\/site\/wp-json\/wp\/v2\/media?parent=10025"}],"wp:term":[{"taxonomy":"product_brand","embeddable":true,"href":"https:\/\/www.makitamarket.com.tr\/site\/wp-json\/wp\/v2\/product_brand?post=10025"},{"taxonomy":"product_cat","embeddable":true,"href":"https:\/\/www.makitamarket.com.tr\/site\/wp-json\/wp\/v2\/product_cat?post=10025"},{"taxonomy":"product_tag","embeddable":true,"href":"https:\/\/www.makitamarket.com.tr\/site\/wp-json\/wp\/v2\/product_tag?post=10025"}],"curies":[{"name":"wp","href":"https:\/\/api.w.org\/{rel}","templated":true}]}}