{"id":10039,"date":"2024-11-27T19:58:59","date_gmt":"2024-11-27T16:58:59","guid":{"rendered":"https:\/\/www.makitamarket.com.tr\/site\/urun\/bmi-bmi-rollfix-easy-7001994-mesafe-olcum-cihazi\/"},"modified":"2026-04-13T19:30:41","modified_gmt":"2026-04-13T16:30:41","slug":"bmi-bmi-rollfix-easy-7001994-mesafe-olcum-cihazi","status":"publish","type":"product","link":"https:\/\/www.makitamarket.com.tr\/site\/urun\/bmi-bmi-rollfix-easy-7001994-mesafe-olcum-cihazi\/","title":{"rendered":"Bmi 7001994 BMI ROLLFIX EASY 7001994 MESAFE \u00d6L\u00c7\u00dcM C\u0130HAZI"},"content":{"rendered":"<p>\n\t<span dir=\"ltr\" role=\"presentation\" style=\"left: 779.868px; top: 665.033px; font-size: 11.6667px; font-family: sans-serif; transform: scaleX(0.868093);\">\u0130leri ve geri \u00f6l\u00e7\u00fcm yapabilme \u00f6zelli\u011fi.<\/span><span dir=\"ltr\" role=\"presentation\" style=\"left: 779.868px; top: 678.368px; font-size: 11.6667px; font-family: sans-serif; transform: scaleX(0.88779);\">Lastik tekerli. Park ayakl\u0131<\/span><\/p>\n<table>\n<tr>\n<td>A\u011f\u0131rl\u0131k<\/td>\n<td>2,2kg<\/td>\n<\/tr>\n<tr>\n<td>\u00d6l\u00e7\u00fcm Aral\u0131\u011f\u0131<\/td>\n<td>99,999,99m<\/td>\n<\/tr>\n<tr>\n<td>Teker \u00c7ap\u0131<\/td>\n<td>318,3mm=1m \u00e7evre<\/td>\n<\/tr>\n<tr>\n<td>Toplam Y\u00fckseklik<\/td>\n<td>990mm<\/td>\n<\/tr>\n<tr>\n<td>A\u011f\u0131rl\u0131k<\/td>\n<td>2,2kg<\/td>\n<\/tr>\n<\/table>\n","protected":false},"excerpt":{"rendered":"<p>\n\t<span dir=\"ltr\" role=\"presentation\" style=\"left: 779.868px; top: 665.033px; font-size: 11.6667px; font-family: sans-serif; transform: scaleX(0.868093);\">\u0130leri ve geri \u00f6l\u00e7\u00fcm yapabilme \u00f6zelli\u011fi.<\/span><span dir=\"ltr\" role=\"presentation\" style=\"left: 779.868px; top: 678.368px; font-size: 11.6667px; font-family: sans-serif; transform: scaleX(0.88779);\">Lastik tekerli. Park ayakl\u0131<\/span><\/p>\n","protected":false},"featured_media":10038,"comment_status":"open","ping_status":"closed","template":"","meta":{"_acf_changed":false},"product_brand":[1522],"product_cat":[753],"product_tag":[],"class_list":{"0":"post-10039","1":"product","2":"type-product","3":"status-publish","4":"has-post-thumbnail","6":"product_brand-bmi","7":"product_cat-metreler","9":"first","10":"instock","11":"taxable","12":"shipping-taxable","13":"purchasable","14":"product-type-simple","15":"add-to-wishlist-after_add_to_cart"},"acf":[],"_links":{"self":[{"href":"https:\/\/www.makitamarket.com.tr\/site\/wp-json\/wp\/v2\/product\/10039","targetHints":{"allow":["GET"]}}],"collection":[{"href":"https:\/\/www.makitamarket.com.tr\/site\/wp-json\/wp\/v2\/product"}],"about":[{"href":"https:\/\/www.makitamarket.com.tr\/site\/wp-json\/wp\/v2\/types\/product"}],"replies":[{"embeddable":true,"href":"https:\/\/www.makitamarket.com.tr\/site\/wp-json\/wp\/v2\/comments?post=10039"}],"wp:featuredmedia":[{"embeddable":true,"href":"https:\/\/www.makitamarket.com.tr\/site\/wp-json\/wp\/v2\/media\/10038"}],"wp:attachment":[{"href":"https:\/\/www.makitamarket.com.tr\/site\/wp-json\/wp\/v2\/media?parent=10039"}],"wp:term":[{"taxonomy":"product_brand","embeddable":true,"href":"https:\/\/www.makitamarket.com.tr\/site\/wp-json\/wp\/v2\/product_brand?post=10039"},{"taxonomy":"product_cat","embeddable":true,"href":"https:\/\/www.makitamarket.com.tr\/site\/wp-json\/wp\/v2\/product_cat?post=10039"},{"taxonomy":"product_tag","embeddable":true,"href":"https:\/\/www.makitamarket.com.tr\/site\/wp-json\/wp\/v2\/product_tag?post=10039"}],"curies":[{"name":"wp","href":"https:\/\/api.w.org\/{rel}","templated":true}]}}