{"id":10061,"date":"2024-11-27T19:59:07","date_gmt":"2024-11-27T16:59:07","guid":{"rendered":"https:\/\/www.makitamarket.com.tr\/site\/urun\/makita-darbeli-somun-sikma-12v\/"},"modified":"2026-04-06T13:00:20","modified_gmt":"2026-04-06T10:00:20","slug":"makita-darbeli-somun-sikma-12v","status":"publish","type":"product","link":"https:\/\/www.makitamarket.com.tr\/site\/urun\/makita-darbeli-somun-sikma-12v\/","title":{"rendered":"Makita TW140DWAE DARBEL\u0130 SOMUN SIKMA 12V"},"content":{"rendered":"<p>Model TW140DWAE<\/p>\n<p>Darbeli Somun S\u0131kma 3\/8\u201d<\/p>\n<p>12Vmax \u2022 3\/8&#8243; \u2022 140 Nm \u2022 0 \u2013 2.600 dak\u207b\u00b9<\/p>\n<p><span style=\"color: rgb(0, 112, 192);\">Dar alanlar i\u00e7in ekstra kompakt darbeli somun s\u0131kma<\/span><\/p>\n<p>Kompakt ve hafif 3\/8&#8243; darbeli somun s\u0131kma modelinin k\u00fc\u00e7\u00fck boyutu ve hafif a\u011f\u0131rl\u0131\u011f\u0131 bu aletin kullan\u0131m\u0131n\u0131 kolayla\u015ft\u0131r\u0131r.Ayr\u0131ca maksimum 140 Nm s\u0131kma torku sunar. Dar alanlar i\u00e7in ideal bir alettir.<\/p>\n<p><span style=\"color: red;\">Kullan\u0131m amac\u0131: <\/span>Bu alet c\u0131vata ve somunlar\u0131 s\u0131kmak i\u00e7in kullan\u0131lmas\u0131 ama\u00e7lanm\u0131\u015ft\u0131r.<\/p>\n<p><u>\u00d6zellikleri:<\/u><\/p>\n<p><span style=\"color: rgb(33, 37, 41); background-color: white;\">12V max Lithium-ion,CXT,\u00c7ift Ak\u00fcl\u00fc<\/span><\/p>\n<p>Li-ion;Bataryan\u0131n daha verimli \u00e7al\u0131\u015fmas\u0131n\u0131 sa\u011flayan teknolojidir.<\/p>\n<p>CXT(Compact Extreme Technology); 12V Max CXT serisi, \u00fcst\u00fcn makine g\u00fcc\u00fc performans\u0131n\u0131 m\u00fcmk\u00fcn olan en k\u00fc\u00e7\u00fck makine profiline entegre eder.<\/p>\n<p>Ak\u00fcl\u00fc yap\u0131s\u0131 kullan\u0131c\u0131ya kablosuz kullan\u0131m imkan\u0131 sunar ve bu sayede kullan\u0131c\u0131lar geni\u015f alanlarda kablo s\u0131n\u0131rlamalar\u0131 olmadan rahat\u00e7a \u00e7al\u0131\u015fabilirler.<\/p>\n<ol>\n<li data-list=\"bullet\"><span class=\"ql-ui\" contenteditable=\"false\"><\/span>De\u011fi\u015fken h\u0131z \u00f6zelli\u011fine sahiptir.<\/li>\n<li data-list=\"bullet\"><span class=\"ql-ui\" contenteditable=\"false\"><\/span>Sa\u011f-sol d\u00f6n\u00fc\u015f ayarl\u0131d\u0131r.<\/li>\n<li data-list=\"bullet\"><span class=\"ql-ui\" contenteditable=\"false\"><\/span>Elektrik freni mevcuttur.<\/li>\n<li data-list=\"bullet\"><span class=\"ql-ui\" contenteditable=\"false\"><\/span>Led \u0131\u015f\u0131\u011f\u0131 vard\u0131r.<\/li>\n<li data-list=\"bullet\"><span class=\"ql-ui\" contenteditable=\"false\"><\/span><span style=\"color: rgb(33, 37, 41);\">Plastik ta\u015f\u0131ma \u00e7antal\u0131d\u0131r.<\/span><\/li>\n<\/ol>\n<p>Ambalaj i\u00e7eri\u011fi: Bits u\u00e7,bel kancas\u0131,\u00e7ift ak\u00fc,\u015farj cihaz\u0131<\/p>\n<table>\n<tr>\n<td>Kapasite<\/td>\n<td>Standart civata:M8-M16, Y\u00fcksek gerilimli civata:M6-M12<\/td>\n<\/tr>\n<tr>\n<td>Bo\u015fta Devir<\/td>\n<td>0-2600devir\/dk<\/td>\n<\/tr>\n<tr>\n<td>Maksimum Tork<\/td>\n<td>140Nm<\/td>\n<\/tr>\n<tr>\n<td>Net A\u011f\u0131rl\u0131k<\/td>\n<td>1.0 kg<\/td>\n<\/tr>\n<tr>\n<td>G\u00fc\u00e7-Kapasite<\/td>\n<td>12V\/2.0Ah\/Li-on<\/td>\n<\/tr>\n<tr>\n<td>Ak\u00fc \/ \u015earj Cihaz\u0131<\/td>\n<td>BL1020B \/ DC10WC<\/td>\n<\/tr>\n<\/table>\n","protected":false},"excerpt":{"rendered":"<p>Model TW140DWAE<\/p>\n<p>Darbeli Somun S\u0131kma 3\/8\u201d<\/p>\n<p>12Vmax \u2022 3\/8&#8243; \u2022 140 Nm \u2022 0 \u2013 2.600 dak\u207b\u00b9<\/p>\n<p><span style=\"color: rgb(0, 112, 192);\">Dar alanlar i\u00e7in ekstra kompakt darbeli somun s\u0131kma<\/span><\/p>\n<p>Kompakt ve hafif 3\/8&#8243; darbeli somun s\u0131kma modelinin k\u00fc\u00e7\u00fck boyutu ve hafif a\u011f\u0131rl\u0131\u011f\u0131 bu aletin kullan\u0131m\u0131n\u0131 kolayla\u015ft\u0131r\u0131r.Ayr\u0131ca maksimum 140 Nm s\u0131kma torku sunar. Dar alanlar i\u00e7in ideal bir alettir.<\/p>\n<p><span style=\"color: red;\">Kullan\u0131m amac\u0131: <\/span>Bu alet c\u0131vata ve somunlar\u0131 s\u0131kmak i\u00e7in kullan\u0131lmas\u0131 ama\u00e7lanm\u0131\u015ft\u0131r.<\/p>\n<p><u>\u00d6zellikleri:<\/u><\/p>\n<p><span style=\"color: rgb(33, 37, 41); background-color: white;\">12V max Lithium-ion,CXT,\u00c7ift Ak\u00fcl\u00fc<\/span><\/p>\n<p>Li-ion;Bataryan\u0131n daha verimli \u00e7al\u0131\u015fmas\u0131n\u0131 sa\u011flayan teknolojidir.<\/p>\n<p>CXT(Compact Extreme Technology); 12V Max CXT serisi, \u00fcst\u00fcn makine g\u00fcc\u00fc performans\u0131n\u0131 m\u00fcmk\u00fcn olan en k\u00fc\u00e7\u00fck makine profiline entegre eder.<\/p>\n<p>Ak\u00fcl\u00fc yap\u0131s\u0131 kullan\u0131c\u0131ya kablosuz kullan\u0131m imkan\u0131 sunar ve bu sayede kullan\u0131c\u0131lar geni\u015f alanlarda kablo s\u0131n\u0131rlamalar\u0131 olmadan rahat\u00e7a \u00e7al\u0131\u015fabilirler.<\/p>\n<ol>\n<li data-list=\"bullet\"><span class=\"ql-ui\" contenteditable=\"false\"><\/span>De\u011fi\u015fken h\u0131z \u00f6zelli\u011fine sahiptir.<\/li>\n<li data-list=\"bullet\"><span class=\"ql-ui\" contenteditable=\"false\"><\/span>Sa\u011f-sol d\u00f6n\u00fc\u015f ayarl\u0131d\u0131r.<\/li>\n<li data-list=\"bullet\"><span class=\"ql-ui\" contenteditable=\"false\"><\/span>Elektrik freni mevcuttur.<\/li>\n<li data-list=\"bullet\"><span class=\"ql-ui\" contenteditable=\"false\"><\/span>Led \u0131\u015f\u0131\u011f\u0131 vard\u0131r.<\/li>\n<li data-list=\"bullet\"><span class=\"ql-ui\" contenteditable=\"false\"><\/span><span style=\"color: rgb(33, 37, 41);\">Plastik ta\u015f\u0131ma \u00e7antal\u0131d\u0131r.<\/span><\/li>\n<\/ol>\n<p>Ambalaj i\u00e7eri\u011fi: Bits u\u00e7,bel kancas\u0131,\u00e7ift ak\u00fc,\u015farj cihaz\u0131<\/p>\n","protected":false},"featured_media":10060,"comment_status":"open","ping_status":"closed","template":"","meta":{"_acf_changed":false},"product_brand":[1485],"product_cat":[921],"product_tag":[],"class_list":{"0":"post-10061","1":"product","2":"type-product","3":"status-publish","4":"has-post-thumbnail","6":"product_brand-makita","7":"product_cat-12-volt","9":"first","10":"instock","11":"taxable","12":"shipping-taxable","13":"purchasable","14":"product-type-simple","15":"add-to-wishlist-after_add_to_cart"},"acf":[],"_links":{"self":[{"href":"https:\/\/www.makitamarket.com.tr\/site\/wp-json\/wp\/v2\/product\/10061","targetHints":{"allow":["GET"]}}],"collection":[{"href":"https:\/\/www.makitamarket.com.tr\/site\/wp-json\/wp\/v2\/product"}],"about":[{"href":"https:\/\/www.makitamarket.com.tr\/site\/wp-json\/wp\/v2\/types\/product"}],"replies":[{"embeddable":true,"href":"https:\/\/www.makitamarket.com.tr\/site\/wp-json\/wp\/v2\/comments?post=10061"}],"wp:featuredmedia":[{"embeddable":true,"href":"https:\/\/www.makitamarket.com.tr\/site\/wp-json\/wp\/v2\/media\/10060"}],"wp:attachment":[{"href":"https:\/\/www.makitamarket.com.tr\/site\/wp-json\/wp\/v2\/media?parent=10061"}],"wp:term":[{"taxonomy":"product_brand","embeddable":true,"href":"https:\/\/www.makitamarket.com.tr\/site\/wp-json\/wp\/v2\/product_brand?post=10061"},{"taxonomy":"product_cat","embeddable":true,"href":"https:\/\/www.makitamarket.com.tr\/site\/wp-json\/wp\/v2\/product_cat?post=10061"},{"taxonomy":"product_tag","embeddable":true,"href":"https:\/\/www.makitamarket.com.tr\/site\/wp-json\/wp\/v2\/product_tag?post=10061"}],"curies":[{"name":"wp","href":"https:\/\/api.w.org\/{rel}","templated":true}]}}