{"id":10071,"date":"2024-11-27T19:59:09","date_gmt":"2024-11-27T16:59:09","guid":{"rendered":"https:\/\/www.makitamarket.com.tr\/site\/urun\/knipex-papuc-sikma-pensi-195-mm\/"},"modified":"2026-04-06T13:00:23","modified_gmt":"2026-04-06T10:00:23","slug":"knipex-papuc-sikma-pensi-195-mm","status":"publish","type":"product","link":"https:\/\/www.makitamarket.com.tr\/site\/urun\/knipex-papuc-sikma-pensi-195-mm\/","title":{"rendered":"Knipex 975214 PAPU\u00c7 SIKMA PENS\u0130 195 mm"},"content":{"rendered":"<p><b>97 52 14 S\u0131kma Pense<\/b><br \/>Y\u00fcksek kilitleme, s\u0131kma mekanizmas\u0131 sayesinde;kolay s\u0131kma yap\u0131l\u0131labilir. S\u0131kma bask\u0131s\u0131 fabrika taraf\u0131ndan tam olarak ayarlanm\u0131\u015ft\u0131r (kalibrasyonlu). 20\u00b0 a\u00e7\u0131l\u0131 kafas\u0131, hafifli\u011fi ve k\u0131sa yap\u0131s\u0131 sayesinde ele yatk\u0131nd\u0131r Aksesuar olarak temin edilebilir: \u0130zolesiz, a\u00e7\u0131k terminaller i\u00e7in ayar aparat\u0131. <\/p>\n<li><b>Uygulama: <\/b>\u0130zolesiz a\u00e7\u0131k soket konekt\u00f6r\u00fc (2,8 + 4,8 mm faston tip)<\/li>\n<li><b>Kapasite milimetrekare: <\/b>0,1 \u2014 1,5 mm\u00b2<\/li>\n<li><b>Yuva say\u0131s\u0131: <\/b>4<\/li>\n<li><b>AWG: <\/b>26 \u2014 16 <\/li>\n<table>\n<tr>\n<td>Uzunluk<\/td>\n<td>195<\/td>\n<\/tr>\n<tr>\n<td>Kullanma Yeri<\/td>\n<td>Kablo sonu y\u00fcz\u00fckleri<\/td>\n<\/tr>\n<tr>\n<td>Kapasite<\/td>\n<td>0.10-1.5mm\u00b2<\/td>\n<\/tr>\n<tr>\n<td>A\u011f\u0131rl\u0131k<\/td>\n<td>387 gr<\/td>\n<\/tr>\n<\/table>\n","protected":false},"excerpt":{"rendered":"<p><b>97 52 14 S\u0131kma Pense<\/b><br \/>Y\u00fcksek kilitleme, s\u0131kma mekanizmas\u0131 sayesinde;kolay s\u0131kma yap\u0131l\u0131labilir. S\u0131kma bask\u0131s\u0131 fabrika taraf\u0131ndan tam olarak ayarlanm\u0131\u015ft\u0131r (kalibrasyonlu). 20\u00b0 a\u00e7\u0131l\u0131 kafas\u0131, hafifli\u011fi ve k\u0131sa yap\u0131s\u0131 sayesinde ele yatk\u0131nd\u0131r Aksesuar olarak temin edilebilir: \u0130zolesiz, a\u00e7\u0131k terminaller i\u00e7in ayar aparat\u0131. <\/p>\n<li><b>Uygulama: <\/b>\u0130zolesiz a\u00e7\u0131k soket konekt\u00f6r\u00fc (2,8 + 4,8 mm faston tip)<\/li>\n<li><b>Kapasite milimetrekare: <\/b>0,1 \u2014 1,5 mm\u00b2<\/li>\n<li><b>Yuva say\u0131s\u0131: <\/b>4<\/li>\n<li><b>AWG: <\/b>26 \u2014 16 <\/li>\n","protected":false},"featured_media":10070,"comment_status":"open","ping_status":"closed","template":"","meta":{"_acf_changed":false},"product_brand":[1486],"product_cat":[852],"product_tag":[],"class_list":{"0":"post-10071","1":"product","2":"type-product","3":"status-publish","4":"has-post-thumbnail","6":"product_brand-knipex","7":"product_cat-kablo-yuksuk-ve-pabuc-sikmalar","9":"first","10":"instock","11":"taxable","12":"shipping-taxable","13":"purchasable","14":"product-type-simple","15":"add-to-wishlist-after_add_to_cart"},"acf":[],"_links":{"self":[{"href":"https:\/\/www.makitamarket.com.tr\/site\/wp-json\/wp\/v2\/product\/10071","targetHints":{"allow":["GET"]}}],"collection":[{"href":"https:\/\/www.makitamarket.com.tr\/site\/wp-json\/wp\/v2\/product"}],"about":[{"href":"https:\/\/www.makitamarket.com.tr\/site\/wp-json\/wp\/v2\/types\/product"}],"replies":[{"embeddable":true,"href":"https:\/\/www.makitamarket.com.tr\/site\/wp-json\/wp\/v2\/comments?post=10071"}],"wp:featuredmedia":[{"embeddable":true,"href":"https:\/\/www.makitamarket.com.tr\/site\/wp-json\/wp\/v2\/media\/10070"}],"wp:attachment":[{"href":"https:\/\/www.makitamarket.com.tr\/site\/wp-json\/wp\/v2\/media?parent=10071"}],"wp:term":[{"taxonomy":"product_brand","embeddable":true,"href":"https:\/\/www.makitamarket.com.tr\/site\/wp-json\/wp\/v2\/product_brand?post=10071"},{"taxonomy":"product_cat","embeddable":true,"href":"https:\/\/www.makitamarket.com.tr\/site\/wp-json\/wp\/v2\/product_cat?post=10071"},{"taxonomy":"product_tag","embeddable":true,"href":"https:\/\/www.makitamarket.com.tr\/site\/wp-json\/wp\/v2\/product_tag?post=10071"}],"curies":[{"name":"wp","href":"https:\/\/api.w.org\/{rel}","templated":true}]}}