{"id":10080,"date":"2024-11-27T19:59:12","date_gmt":"2024-11-27T16:59:12","guid":{"rendered":"https:\/\/www.makitamarket.com.tr\/site\/urun\/gison-gison-bant-zimp-mak-sulu-902w\/"},"modified":"2026-04-06T13:00:25","modified_gmt":"2026-04-06T10:00:25","slug":"gison-gison-bant-zimp-mak-sulu-902w","status":"publish","type":"product","link":"https:\/\/www.makitamarket.com.tr\/site\/urun\/gison-gison-bant-zimp-mak-sulu-902w\/","title":{"rendered":"Gison GP902W GISON BANT ZIMP.MAK.SULU 902W"},"content":{"rendered":"<p><span class=\"prdctDetails_details\">At\u00f6lye ve fabrikalarda, mobilya sek\u00f6t\u00fcnde, plastik-cam-porselen e\u015fya yap\u0131m\u0131, dekoratif ve s\u00fcs e\u015fyas\u0131 yap\u0131m\u0131nda, otomotiv-gemi-havac\u0131l\u0131k sekt\u00f6rlerinde ve daha pel \u00e7ok alanda \u00e7apak alma ve d\u00fczeltme i\u015fleri i\u00e7in <b>Sulut<\/b> Haval\u0131 Bant Z\u0131mpara<\/p>\n<p>&#8211; Sulu<br \/>\n<\/span><\/p>\n<table>\n<tr>\n<td>Ek A\u00e7\u0131klama<\/td>\n<td>Sulu.<\/td>\n<\/tr>\n<tr>\n<td>Z\u0131mpara \u00d6l\u00e7\u00fcs\u00fc<\/td>\n<td>10 mm x 300 mm.<\/td>\n<\/tr>\n<tr>\n<td>En Y\u00fcksek H\u0131z<\/td>\n<td>16.000 rpm.<\/td>\n<\/tr>\n<tr>\n<td>Net A\u011f\u0131rl\u0131k (kg)<\/td>\n<td>0.93 <\/td>\n<\/tr>\n<tr>\n<td>Uzunluk (mm)<\/td>\n<td>330<\/td>\n<\/tr>\n<tr>\n<td>Hava T\u00fcketimi<\/td>\n<td>0.40 m\u00b3\/dak.<\/td>\n<\/tr>\n<tr>\n<td>Hava Giri\u015fi (inch)<\/td>\n<td>1\/4<\/td>\n<\/tr>\n<tr>\n<td>Hortum \u00d6l\u00e7\u00fcs\u00fc (mm)<\/td>\n<td>6.5<\/td>\n<\/tr>\n<tr>\n<td>G\u00fcr\u00fclt\u00fc Seviyesi (dBA)<\/td>\n<td>88 <\/td>\n<\/tr>\n<tr>\n<td>Sars\u0131nt\u0131 Seviyesi<\/td>\n<td>4.0 m\/S\u00b2.<\/td>\n<\/tr>\n<tr>\n<td>Koli Adedi<\/td>\n<td>20<\/td>\n<\/tr>\n<\/table>\n","protected":false},"excerpt":{"rendered":"<p><span class=\"prdctDetails_details\">At\u00f6lye ve fabrikalarda, mobilya sek\u00f6t\u00fcnde, plastik-cam-porselen e\u015fya yap\u0131m\u0131, dekoratif ve s\u00fcs e\u015fyas\u0131 yap\u0131m\u0131nda, otomotiv-gemi-havac\u0131l\u0131k sekt\u00f6rlerinde ve daha pel \u00e7ok alanda \u00e7apak alma ve d\u00fczeltme i\u015fleri i\u00e7in <b>Sulut<\/b> Haval\u0131 Bant Z\u0131mpara<\/p>\n<p>&#8211; Sulu<br \/>\n<\/span><\/p>\n","protected":false},"featured_media":10079,"comment_status":"open","ping_status":"closed","template":"","meta":{"_acf_changed":false},"product_brand":[1512],"product_cat":[1565],"product_tag":[],"class_list":{"0":"post-10080","1":"product","2":"type-product","3":"status-publish","4":"has-post-thumbnail","6":"product_brand-gison","7":"product_cat-yok-yok","9":"first","10":"instock","11":"taxable","12":"shipping-taxable","13":"purchasable","14":"product-type-simple","15":"add-to-wishlist-after_add_to_cart"},"acf":[],"_links":{"self":[{"href":"https:\/\/www.makitamarket.com.tr\/site\/wp-json\/wp\/v2\/product\/10080","targetHints":{"allow":["GET"]}}],"collection":[{"href":"https:\/\/www.makitamarket.com.tr\/site\/wp-json\/wp\/v2\/product"}],"about":[{"href":"https:\/\/www.makitamarket.com.tr\/site\/wp-json\/wp\/v2\/types\/product"}],"replies":[{"embeddable":true,"href":"https:\/\/www.makitamarket.com.tr\/site\/wp-json\/wp\/v2\/comments?post=10080"}],"wp:featuredmedia":[{"embeddable":true,"href":"https:\/\/www.makitamarket.com.tr\/site\/wp-json\/wp\/v2\/media\/10079"}],"wp:attachment":[{"href":"https:\/\/www.makitamarket.com.tr\/site\/wp-json\/wp\/v2\/media?parent=10080"}],"wp:term":[{"taxonomy":"product_brand","embeddable":true,"href":"https:\/\/www.makitamarket.com.tr\/site\/wp-json\/wp\/v2\/product_brand?post=10080"},{"taxonomy":"product_cat","embeddable":true,"href":"https:\/\/www.makitamarket.com.tr\/site\/wp-json\/wp\/v2\/product_cat?post=10080"},{"taxonomy":"product_tag","embeddable":true,"href":"https:\/\/www.makitamarket.com.tr\/site\/wp-json\/wp\/v2\/product_tag?post=10080"}],"curies":[{"name":"wp","href":"https:\/\/api.w.org\/{rel}","templated":true}]}}