{"id":10084,"date":"2024-11-27T19:59:15","date_gmt":"2024-11-27T16:59:15","guid":{"rendered":"https:\/\/www.makitamarket.com.tr\/site\/urun\/proxxon-proxxon-28128-tbm220-sutunlu-matkap\/"},"modified":"2026-04-06T13:00:31","modified_gmt":"2026-04-06T10:00:31","slug":"proxxon-proxxon-28128-tbm220-sutunlu-matkap","status":"publish","type":"product","link":"https:\/\/www.makitamarket.com.tr\/site\/urun\/proxxon-proxxon-28128-tbm220-sutunlu-matkap\/","title":{"rendered":"Proxxon 28128 THB 220 PROXXON 28128 TBM220 S\u00dcTUNLU MATKAP"},"content":{"rendered":"<div>\n\t<strong>Sevkiyat kapsam\u0131: <\/strong>1,0-1,5-2,0-2,4-3,0-3,2mm \u00f6l\u00e7\u00fclerinde s\u0131kma pensleriyle<\/div>\n<div>\n\t<strong>Uyumlu Aksesuarlar:<\/strong><\/div>\n<div>\n\t<strong>28122 <\/strong>R\u00d6HM mandren<\/div>\n<div>\n\t<strong>28132 <\/strong>MS 4 makina mengenesi<\/div>\n<div>\n\t<strong>Not:<\/strong> Resimde g\u00f6r\u00fcnen 28132 MS4 makina mengenesi teslimata dahil de\u011fildir<\/div>\n<table>\n<tr>\n<td>Tabla \u00d6l\u00e7\u00fcs\u00fc<\/td>\n<td>230x230mm<\/td>\n<\/tr>\n<tr>\n<td>A\u011f\u0131rl\u0131k<\/td>\n<td>3.3 kg<\/td>\n<\/tr>\n<tr>\n<td>G\u00fc\u00e7<\/td>\n<td>85W<\/td>\n<\/tr>\n<tr>\n<td>\u00c7al\u0131\u015fma gerilimi<\/td>\n<td>220-240V<\/td>\n<\/tr>\n<tr>\n<td>Devir<\/td>\n<td>8.500 d\/dak<\/td>\n<\/tr>\n<\/table>\n","protected":false},"excerpt":{"rendered":"<div>\n\t<strong>Sevkiyat kapsam\u0131: <\/strong>1,0-1,5-2,0-2,4-3,0-3,2mm \u00f6l\u00e7\u00fclerinde s\u0131kma pensleriyle<\/div>\n<div>\n\t<strong>Uyumlu Aksesuarlar:<\/strong><\/div>\n<div>\n\t<strong>28122 <\/strong>R\u00d6HM mandren<\/div>\n<div>\n\t<strong>28132 <\/strong>MS 4 makina mengenesi<\/div>\n<div>\n\t<strong>Not:<\/strong> Resimde g\u00f6r\u00fcnen 28132 MS4 makina mengenesi teslimata dahil de\u011fildir<\/div>\n","protected":false},"featured_media":10083,"comment_status":"open","ping_status":"closed","template":"","meta":{"_acf_changed":false},"product_brand":[1501],"product_cat":[917],"product_tag":[],"class_list":{"0":"post-10084","1":"product","2":"type-product","3":"status-publish","4":"has-post-thumbnail","6":"product_brand-proxxon","7":"product_cat-sutunlu-matkaplar","9":"first","10":"instock","11":"taxable","12":"shipping-taxable","13":"purchasable","14":"product-type-simple","15":"add-to-wishlist-after_add_to_cart"},"acf":[],"_links":{"self":[{"href":"https:\/\/www.makitamarket.com.tr\/site\/wp-json\/wp\/v2\/product\/10084","targetHints":{"allow":["GET"]}}],"collection":[{"href":"https:\/\/www.makitamarket.com.tr\/site\/wp-json\/wp\/v2\/product"}],"about":[{"href":"https:\/\/www.makitamarket.com.tr\/site\/wp-json\/wp\/v2\/types\/product"}],"replies":[{"embeddable":true,"href":"https:\/\/www.makitamarket.com.tr\/site\/wp-json\/wp\/v2\/comments?post=10084"}],"wp:featuredmedia":[{"embeddable":true,"href":"https:\/\/www.makitamarket.com.tr\/site\/wp-json\/wp\/v2\/media\/10083"}],"wp:attachment":[{"href":"https:\/\/www.makitamarket.com.tr\/site\/wp-json\/wp\/v2\/media?parent=10084"}],"wp:term":[{"taxonomy":"product_brand","embeddable":true,"href":"https:\/\/www.makitamarket.com.tr\/site\/wp-json\/wp\/v2\/product_brand?post=10084"},{"taxonomy":"product_cat","embeddable":true,"href":"https:\/\/www.makitamarket.com.tr\/site\/wp-json\/wp\/v2\/product_cat?post=10084"},{"taxonomy":"product_tag","embeddable":true,"href":"https:\/\/www.makitamarket.com.tr\/site\/wp-json\/wp\/v2\/product_tag?post=10084"}],"curies":[{"name":"wp","href":"https:\/\/api.w.org\/{rel}","templated":true}]}}