{"id":10090,"date":"2024-11-27T19:59:17","date_gmt":"2024-11-27T16:59:17","guid":{"rendered":"https:\/\/www.makitamarket.com.tr\/site\/urun\/rainpump-rainpump-shfm5bm-santrifuj-pompa\/"},"modified":"2025-11-16T05:21:07","modified_gmt":"2025-11-16T02:21:07","slug":"rainpump-rainpump-shfm5bm-santrifuj-pompa","status":"publish","type":"product","link":"https:\/\/www.makitamarket.com.tr\/site\/urun\/rainpump-rainpump-shfm5bm-santrifuj-pompa\/","title":{"rendered":"Rainpump SHFM5BM RAINPUMP SHFM5BM SANTRIFUJ POMPA"},"content":{"rendered":"<div style=\"font-family: Arial, Verdana, sans-serif; font-size: 12px; color: rgb(34, 34, 34); background-color: rgb(255, 255, 255); \">\n\t<span _fck_bookmark=\"1\" style=\"display: none;\">\u00a0<\/span><span _fck_bookmark=\"1\" style=\"display: none;\">\u00a0<\/span><b>\u00a0Uygulama Alanlar\u0131:<\/b><\/p>\n<p>\n\t\t-A\u015f\u0131nd\u0131r\u0131c\u0131 par\u00e7ac\u0131klar i\u00e7ermeyen temiz sularda ev tipi kullan\u0131m<\/p>\n<p>\n\t\t-Profesyonel tar\u0131msal sulama uygulamalar\u0131<\/p>\n<p>\n\t\t-Y\u00fcksek debi,d\u00fc\u015f\u00fck basma y\u00fcksekli\u011fi<\/p>\n<p>\n\t\t<strong>Kullan\u0131m Ko\u015fullar\u0131:<\/strong><\/p>\n<p>\n\t\t-Maksimum emme derinli\u011fi:7 m<\/p>\n<p>\n\t\t-Maksimum s\u0131v\u0131 s\u0131cakl\u0131\u011f\u0131:+60 C<\/p>\n<p>\n\t\t-Maksimum ortam s\u0131cakl\u0131\u011f\u0131:+46 C\u00a0\u00a0\u00a0\u00a0<\/p>\n<p>\n\t\t-Maksimum \u00e7al\u0131\u015fma bas\u0131nc\u0131:6 bar<\/p>\n<p>\n\t\t<strong>Motor:<\/strong><\/p>\n<p>\n\t\t-\u00c7ift kutuplu end\u00fcksiyon motoru<\/p>\n<p>\n\t\t-Yal\u0131t\u0131m s\u0131n\u0131f\u0131:B<\/p>\n<p>\n\t\t-Koruma s\u0131n\u0131f\u0131:IP 44<\/p>\n<p>\n\t\t-Kondansat\u00f6r ve termik korumal\u0131d\u0131r.<\/p>\n<p>\n\t\t<strong>Malzemeler:<\/strong><\/p>\n<p>\n\t\t-Pompa g\u00f6vdesi:D\u00f6k\u00fcm demir<\/p>\n<p>\n\t\t-Motor muhafazas\u0131:Al\u00fcminyum<\/p>\n<p>\n\t\t-Fan:D\u00f6k\u00fcm demir<span _fck_bookmark=\"1\" style=\"display: none;\">\u00a0<\/span><span _fck_bookmark=\"1\" style=\"display: none;\">\u00a0<\/span><span _fck_bookmark=\"1\" style=\"display: none;\">\u00a0<\/span><span _fck_bookmark=\"1\" style=\"display: none;\">\u00a0<\/span><\/p>\n<p>\n\t\t-Rotor:Paslanmaz \u00e7elik-CS45<\/p>\n<p>\n\t\t-Mekanik salmastra:Seramik<\/p>\n<p>\n\t\t-Motor:Bak\u0131r sarg\u0131l\u0131<\/p>\n<p>\t\u00a0<span _fck_bookmark=\"1\" style=\"display: none;\">\u00a0<\/span>\u00a0<span _fck_bookmark=\"1\" style=\"display: none;\">\u00a0<\/span><\/div>\n<table>\n<tr>\n<td>G\u00fc\u00e7 (Kw-Hp)<\/td>\n<td>1,5kw-2hp<\/td>\n<\/tr>\n<tr>\n<td>Giri\u015f \u00c7ap\u0131  (\u0130nch)<\/td>\n<td>2&#8243;<\/td>\n<\/tr>\n<tr>\n<td>\u00c7\u0131k\u0131\u015f \u00e7ap\u0131<\/td>\n<td>2&#8243;<\/td>\n<\/tr>\n<tr>\n<td>Maksimum Debi m3\/saat<\/td>\n<td>30<\/td>\n<\/tr>\n<tr>\n<td>Maksimum Basma Y\u00fcksekli\u011fi (m)<\/td>\n<td>20,2<\/td>\n<\/tr>\n<tr>\n<td>Basma Y\u00fcksekli\u011fi<\/td>\n<td>6-19\/12-17-18-14,3\/24-11-30-7,5<\/td>\n<\/tr>\n<tr>\n<td>Emme Derinli\u011fi<\/td>\n<td>7<\/td>\n<\/tr>\n<tr>\n<td>\u00d6l\u00e7\u00fc (mm)<\/td>\n<td>410x255x285<\/td>\n<\/tr>\n<tr>\n<td>A\u011f\u0131rl\u0131k (Kg)<\/td>\n<td>22<\/td>\n<\/tr>\n<\/table>\n","protected":false},"excerpt":{"rendered":"<div style=\"font-family: Arial, Verdana, sans-serif; font-size: 12px; color: rgb(34, 34, 34); background-color: rgb(255, 255, 255); \">\n\t<span _fck_bookmark=\"1\" style=\"display: none;\">\u00a0<\/span><span _fck_bookmark=\"1\" style=\"display: none;\">\u00a0<\/span><b>\u00a0Uygulama Alanlar\u0131:<\/b><\/p>\n<p>\n\t\t-A\u015f\u0131nd\u0131r\u0131c\u0131 par\u00e7ac\u0131klar i\u00e7ermeyen temiz sularda ev tipi kullan\u0131m<\/p>\n<p>\n\t\t-Profesyonel tar\u0131msal sulama uygulamalar\u0131<\/p>\n<p>\n\t\t-Y\u00fcksek debi,d\u00fc\u015f\u00fck basma y\u00fcksekli\u011fi<\/p>\n<p>\n\t\t<strong>Kullan\u0131m Ko\u015fullar\u0131:<\/strong><\/p>\n<p>\n\t\t-Maksimum emme derinli\u011fi:7 m<\/p>\n<p>\n\t\t-Maksimum s\u0131v\u0131 s\u0131cakl\u0131\u011f\u0131:+60 C<\/p>\n<p>\n\t\t-Maksimum ortam s\u0131cakl\u0131\u011f\u0131:+46 C\u00a0\u00a0\u00a0\u00a0<\/p>\n<p>\n\t\t-Maksimum \u00e7al\u0131\u015fma bas\u0131nc\u0131:6 bar<\/p>\n<p>\n\t\t<strong>Motor:<\/strong><\/p>\n<p>\n\t\t-\u00c7ift kutuplu end\u00fcksiyon motoru<\/p>\n<p>\n\t\t-Yal\u0131t\u0131m s\u0131n\u0131f\u0131:B<\/p>\n<p>\n\t\t-Koruma s\u0131n\u0131f\u0131:IP 44<\/p>\n<p>\n\t\t-Kondansat\u00f6r ve termik korumal\u0131d\u0131r.<\/p>\n<p>\n\t\t<strong>Malzemeler:<\/strong><\/p>\n<p>\n\t\t-Pompa g\u00f6vdesi:D\u00f6k\u00fcm demir<\/p>\n<p>\n\t\t-Motor muhafazas\u0131:Al\u00fcminyum<\/p>\n<p>\n\t\t-Fan:D\u00f6k\u00fcm demir<span _fck_bookmark=\"1\" style=\"display: none;\">\u00a0<\/span><span _fck_bookmark=\"1\" style=\"display: none;\">\u00a0<\/span><span _fck_bookmark=\"1\" style=\"display: none;\">\u00a0<\/span><span _fck_bookmark=\"1\" style=\"display: none;\">\u00a0<\/span><\/p>\n<p>\n\t\t-Rotor:Paslanmaz \u00e7elik-CS45<\/p>\n<p>\n\t\t-Mekanik salmastra:Seramik<\/p>\n<p>\n\t\t-Motor:Bak\u0131r sarg\u0131l\u0131<\/p>\n<p>\t\u00a0<span _fck_bookmark=\"1\" style=\"display: none;\">\u00a0<\/span>\u00a0<span _fck_bookmark=\"1\" style=\"display: none;\">\u00a0<\/span><\/div>\n","protected":false},"featured_media":10089,"comment_status":"open","ping_status":"closed","template":"","meta":{"_acf_changed":false},"product_brand":[1517],"product_cat":[975],"product_tag":[],"class_list":{"0":"post-10090","1":"product","2":"type-product","3":"status-publish","4":"has-post-thumbnail","6":"product_brand-rainpump","7":"product_cat-santrifuj-pompalar","9":"first","10":"outofstock","11":"taxable","12":"shipping-taxable","13":"purchasable","14":"product-type-simple","15":"add-to-wishlist-after_add_to_cart"},"acf":[],"_links":{"self":[{"href":"https:\/\/www.makitamarket.com.tr\/site\/wp-json\/wp\/v2\/product\/10090","targetHints":{"allow":["GET"]}}],"collection":[{"href":"https:\/\/www.makitamarket.com.tr\/site\/wp-json\/wp\/v2\/product"}],"about":[{"href":"https:\/\/www.makitamarket.com.tr\/site\/wp-json\/wp\/v2\/types\/product"}],"replies":[{"embeddable":true,"href":"https:\/\/www.makitamarket.com.tr\/site\/wp-json\/wp\/v2\/comments?post=10090"}],"wp:featuredmedia":[{"embeddable":true,"href":"https:\/\/www.makitamarket.com.tr\/site\/wp-json\/wp\/v2\/media\/10089"}],"wp:attachment":[{"href":"https:\/\/www.makitamarket.com.tr\/site\/wp-json\/wp\/v2\/media?parent=10090"}],"wp:term":[{"taxonomy":"product_brand","embeddable":true,"href":"https:\/\/www.makitamarket.com.tr\/site\/wp-json\/wp\/v2\/product_brand?post=10090"},{"taxonomy":"product_cat","embeddable":true,"href":"https:\/\/www.makitamarket.com.tr\/site\/wp-json\/wp\/v2\/product_cat?post=10090"},{"taxonomy":"product_tag","embeddable":true,"href":"https:\/\/www.makitamarket.com.tr\/site\/wp-json\/wp\/v2\/product_tag?post=10090"}],"curies":[{"name":"wp","href":"https:\/\/api.w.org\/{rel}","templated":true}]}}