{"id":10103,"date":"2024-11-27T19:59:21","date_gmt":"2024-11-27T16:59:21","guid":{"rendered":"https:\/\/www.makitamarket.com.tr\/site\/urun\/makita-ca5000x-oluk-acma-testeresi-118x6-dis\/"},"modified":"2026-03-30T07:43:33","modified_gmt":"2026-03-30T04:43:33","slug":"makita-ca5000x-oluk-acma-testeresi-118x6-dis","status":"publish","type":"product","link":"https:\/\/www.makitamarket.com.tr\/site\/urun\/makita-ca5000x-oluk-acma-testeresi-118x6-dis\/","title":{"rendered":"Makita B-48832 CA5000X OLUK A\u00c7MA TESTERES\u0130 118&#215;6 D\u0130\u015e"},"content":{"rendered":"<p>\n\t<span id=\"result_box\" lang=\"tr\"><span>Makita Tungsten Karpit Tipped (TCT) V Oluk Kesici testeresi, CA5000X Al\u00fcminyum Kesme makinas\u0131 ile uyumludur.<\/span> <span>Testere en y\u00fcksek kalitede,<\/span> e<span>n iyi Japon \u00e7eli\u011finden uygun standartlara g\u00f6re \u00fcretilmi\u015ftir. Makita y\u00fcksek kaliteli v oluk, yiv kesici testeresi, g\u00fcvenilir performansla en iyi kesimler yapman\u0131z\u0131 sa\u011flar.<\/span> <span>Her di\u015f, mikro-tala\u015f olu\u015fumunu azaltan ve daha keskin bir kenar ile aynaya benzer bir y\u00fczeyle olu\u015futurur. <\/span><span>Al\u00fcminyum kompozit malzemelerdeki oluklar\u0131 kesmek veya katlamak i\u00e7in kullan\u0131l\u0131r.<\/span><\/span><\/p>\n<table>\n<tr>\n<td>Testere \u00d6l\u00e7\u00fcleri<\/td>\n<td>118x14x20mm<\/td>\n<\/tr>\n<tr>\n<td>Di\u015f Say\u0131s\u0131<\/td>\n<td>6<\/td>\n<\/tr>\n<tr>\n<td>Testere \u015eekli<\/td>\n<td>90\u00b0<\/td>\n<\/tr>\n<tr>\n<td>Elmas A\u00e7\u0131s\u0131<\/td>\n<td>5\u02da<\/td>\n<\/tr>\n<\/table>\n","protected":false},"excerpt":{"rendered":"<p>\n\t<span id=\"result_box\" lang=\"tr\"><span>Makita Tungsten Karpit Tipped (TCT) V Oluk Kesici testeresi, CA5000X Al\u00fcminyum Kesme makinas\u0131 ile uyumludur.<\/span> <span>Testere en y\u00fcksek kalitede,<\/span> e<span>n iyi Japon \u00e7eli\u011finden uygun standartlara g\u00f6re \u00fcretilmi\u015ftir. Makita y\u00fcksek kaliteli v oluk, yiv kesici testeresi, g\u00fcvenilir performansla en iyi kesimler yapman\u0131z\u0131 sa\u011flar.<\/span> <span>Her di\u015f, mikro-tala\u015f olu\u015fumunu azaltan ve daha keskin bir kenar ile aynaya benzer bir y\u00fczeyle olu\u015futurur. <\/span><span>Al\u00fcminyum kompozit malzemelerdeki oluklar\u0131 kesmek veya katlamak i\u00e7in kullan\u0131l\u0131r.<\/span><\/span><\/p>\n","protected":false},"featured_media":10275,"comment_status":"open","ping_status":"closed","template":"","meta":{"_acf_changed":false},"product_brand":[1485],"product_cat":[1033],"product_tag":[],"class_list":{"0":"post-10103","1":"product","2":"type-product","3":"status-publish","4":"has-post-thumbnail","6":"product_brand-makita","7":"product_cat-oluk-acma-testereleri","9":"first","10":"instock","11":"taxable","12":"shipping-taxable","13":"purchasable","14":"product-type-simple","15":"add-to-wishlist-after_add_to_cart"},"acf":[],"_links":{"self":[{"href":"https:\/\/www.makitamarket.com.tr\/site\/wp-json\/wp\/v2\/product\/10103","targetHints":{"allow":["GET"]}}],"collection":[{"href":"https:\/\/www.makitamarket.com.tr\/site\/wp-json\/wp\/v2\/product"}],"about":[{"href":"https:\/\/www.makitamarket.com.tr\/site\/wp-json\/wp\/v2\/types\/product"}],"replies":[{"embeddable":true,"href":"https:\/\/www.makitamarket.com.tr\/site\/wp-json\/wp\/v2\/comments?post=10103"}],"wp:featuredmedia":[{"embeddable":true,"href":"https:\/\/www.makitamarket.com.tr\/site\/wp-json\/wp\/v2\/media\/10275"}],"wp:attachment":[{"href":"https:\/\/www.makitamarket.com.tr\/site\/wp-json\/wp\/v2\/media?parent=10103"}],"wp:term":[{"taxonomy":"product_brand","embeddable":true,"href":"https:\/\/www.makitamarket.com.tr\/site\/wp-json\/wp\/v2\/product_brand?post=10103"},{"taxonomy":"product_cat","embeddable":true,"href":"https:\/\/www.makitamarket.com.tr\/site\/wp-json\/wp\/v2\/product_cat?post=10103"},{"taxonomy":"product_tag","embeddable":true,"href":"https:\/\/www.makitamarket.com.tr\/site\/wp-json\/wp\/v2\/product_tag?post=10103"}],"curies":[{"name":"wp","href":"https:\/\/api.w.org\/{rel}","templated":true}]}}