{"id":10118,"date":"2024-11-27T19:59:25","date_gmt":"2024-11-27T16:59:25","guid":{"rendered":"https:\/\/www.makitamarket.com.tr\/site\/urun\/gison-havali-kabzali-tornavida\/"},"modified":"2026-03-30T08:05:24","modified_gmt":"2026-03-30T05:05:24","slug":"gison-havali-kabzali-tornavida","status":"publish","type":"product","link":"https:\/\/www.makitamarket.com.tr\/site\/urun\/gison-havali-kabzali-tornavida\/","title":{"rendered":"Gison GP862H HAVALI KABZALI TORNAV\u0130DA"},"content":{"rendered":"<table>\n<tr>\n<td>Tork G\u00fcc\u00fc (kg.m)(Nm).<\/td>\n<td>0.95 kg.m (9.5 Nm)<\/td>\n<\/tr>\n<tr>\n<td>Vida Kapasitesi<\/td>\n<td>5.0 mm &#8211; 6.0 mm.<\/td>\n<\/tr>\n<tr>\n<td>Apex \u00d6l\u00e7\u00fcs\u00fc<\/td>\n<td>1\/4&#8243;<\/td>\n<\/tr>\n<tr>\n<td>En Y\u00fcksek H\u0131z<\/td>\n<td>1800 rpm.<\/td>\n<\/tr>\n<tr>\n<td>Net A\u011f\u0131rl\u0131k (kg)<\/td>\n<td>1.20<\/td>\n<\/tr>\n<tr>\n<td>Uzunluk (mm)<\/td>\n<td>210<\/td>\n<\/tr>\n<tr>\n<td>Hava T\u00fcketimi<\/td>\n<td>0.20 m\u00b3\/dak.<\/td>\n<\/tr>\n<tr>\n<td>Hava Giri\u015fi<\/td>\n<td>1\/4&#8243;<\/td>\n<\/tr>\n<tr>\n<td>Hortum \u00d6l\u00e7\u00fcs\u00fc (ID)<\/td>\n<td>5.0<\/td>\n<\/tr>\n<tr>\n<td>G\u00fcr\u00fclt\u00fc Seviyesi (dBA)<\/td>\n<td>86<\/td>\n<\/tr>\n<tr>\n<td>Sars\u0131nt\u0131 Seviyesi<\/td>\n<td><2.5 m\/S\u00b2.<\/td>\n<\/tr>\n<tr>\n<td>Hava Bas\u0131nc\u0131<\/td>\n<td>90 psi (6.3 kg.\/cm\u00b2)<\/td>\n<\/tr>\n<tr>\n<td>Mekanizma<\/td>\n<td>Slip Clutch<\/td>\n<\/tr>\n<\/table>\n","protected":false},"excerpt":{"rendered":"<p>Tork G\u00fcc\u00fc (kg.m)(Nm). 0.95 kg.m (9.5 Nm) Vida Kapasitesi 5.0 mm &#8211; 6.0 mm. Apex \u00d6l\u00e7\u00fcs\u00fc 1\/4&#8243; En Y\u00fcksek H\u0131z 1800 rpm. Net A\u011f\u0131rl\u0131k (kg) 1.20 Uzunluk (mm) 210 Hava<\/p>\n","protected":false},"featured_media":11559,"comment_status":"open","ping_status":"closed","template":"","meta":{"_acf_changed":false},"product_brand":[1512],"product_cat":[1565],"product_tag":[],"class_list":{"0":"post-10118","1":"product","2":"type-product","3":"status-publish","4":"has-post-thumbnail","6":"product_brand-gison","7":"product_cat-yok-yok","9":"first","10":"instock","11":"taxable","12":"shipping-taxable","13":"purchasable","14":"product-type-simple","15":"add-to-wishlist-after_add_to_cart"},"acf":[],"_links":{"self":[{"href":"https:\/\/www.makitamarket.com.tr\/site\/wp-json\/wp\/v2\/product\/10118","targetHints":{"allow":["GET"]}}],"collection":[{"href":"https:\/\/www.makitamarket.com.tr\/site\/wp-json\/wp\/v2\/product"}],"about":[{"href":"https:\/\/www.makitamarket.com.tr\/site\/wp-json\/wp\/v2\/types\/product"}],"replies":[{"embeddable":true,"href":"https:\/\/www.makitamarket.com.tr\/site\/wp-json\/wp\/v2\/comments?post=10118"}],"wp:featuredmedia":[{"embeddable":true,"href":"https:\/\/www.makitamarket.com.tr\/site\/wp-json\/wp\/v2\/media\/11559"}],"wp:attachment":[{"href":"https:\/\/www.makitamarket.com.tr\/site\/wp-json\/wp\/v2\/media?parent=10118"}],"wp:term":[{"taxonomy":"product_brand","embeddable":true,"href":"https:\/\/www.makitamarket.com.tr\/site\/wp-json\/wp\/v2\/product_brand?post=10118"},{"taxonomy":"product_cat","embeddable":true,"href":"https:\/\/www.makitamarket.com.tr\/site\/wp-json\/wp\/v2\/product_cat?post=10118"},{"taxonomy":"product_tag","embeddable":true,"href":"https:\/\/www.makitamarket.com.tr\/site\/wp-json\/wp\/v2\/product_tag?post=10118"}],"curies":[{"name":"wp","href":"https:\/\/api.w.org\/{rel}","templated":true}]}}