{"id":10127,"date":"2024-11-27T19:59:28","date_gmt":"2024-11-27T16:59:28","guid":{"rendered":"https:\/\/www.makitamarket.com.tr\/site\/urun\/gison-3-8-havali-somun-sikma\/"},"modified":"2026-03-30T08:21:30","modified_gmt":"2026-03-30T05:21:30","slug":"gison-3-8-havali-somun-sikma","status":"publish","type":"product","link":"https:\/\/www.makitamarket.com.tr\/site\/urun\/gison-3-8-havali-somun-sikma\/","title":{"rendered":"Gison GW8 3\/8&#8243; HAVALI SOMUN SIKMA"},"content":{"rendered":"<div>\n\t\u2022\u00a0<strong><span style=\"color: rgb(255, 0, 0);\">Orta Hizmet<\/span><\/strong><\/div>\n<div>\n\t\u2022 Kelebek Tip (Avu\u00e7 i\u00e7i)\u00a0<\/div>\n<div>\n\t<strong>Kullan\u0131m Alanlar\u0131 :\u00a0<\/strong><\/div>\n<div>\n\tK\u00fc\u00e7\u00fck \u00e7apl\u0131 motor \/ otomotiv tamiratlar\u0131 ve benzer onar\u0131m i\u015fleri.<\/div>\n<table>\n<tr>\n<td>Soket \u00d6l\u00e7\u00fcs\u00fc<\/td>\n<td>3\/8&#8243; (9.5 mm.)<\/td>\n<\/tr>\n<tr>\n<td>Somun Kapasitesi<\/td>\n<td>10 mm.<\/td>\n<\/tr>\n<tr>\n<td>Tork G\u00fcc\u00fc<\/td>\n<td>10.3 kg.m (102 Nm)<\/td>\n<\/tr>\n<tr>\n<td>Net A\u011f\u0131rl\u0131k (kg)<\/td>\n<td>1.04 kg.<\/td>\n<\/tr>\n<tr>\n<td>Uzunluk (mm)<\/td>\n<td>158 mm.<\/td>\n<\/tr>\n<tr>\n<td>Hava T\u00fcketimi<\/td>\n<td>0.20 m\u00b3\/dak.<\/td>\n<\/tr>\n<tr>\n<td>Hava Giri\u015fi<\/td>\n<td>1\/4&#8243;<\/td>\n<\/tr>\n<tr>\n<td>Hortum \u00d6l\u00e7\u00fcs\u00fc (ID)<\/td>\n<td>6.5 mm.<\/td>\n<\/tr>\n<tr>\n<td>G\u00fcr\u00fclt\u00fc Seviyesi (dBA)<\/td>\n<td>97 dBA.<\/td>\n<\/tr>\n<tr>\n<td>Sars\u0131nt\u0131 Seviyesi<\/td>\n<td><2.5 m\/S\u00b2.<\/td>\n<\/tr>\n<tr>\n<td>Koli Adedi<\/td>\n<td>20<\/td>\n<\/tr>\n<tr>\n<td>Hava Bas\u0131nc\u0131<\/td>\n<td>90 psi (6.3 kg\/cm\u00b3)<\/td>\n<\/tr>\n<tr>\n<td>Mekanizma<\/td>\n<td>One Hammer<\/td>\n<\/tr>\n<tr>\n<td>Standart\u0131<\/td>\n<td>CE-Made in Taiwan<\/td>\n<\/tr>\n<\/table>\n","protected":false},"excerpt":{"rendered":"<div>\n\t\u2022\u00a0<strong><span style=\"color: rgb(255, 0, 0);\">Orta Hizmet<\/span><\/strong><\/div>\n<div>\n\t\u2022 Kelebek Tip (Avu\u00e7 i\u00e7i)\u00a0<\/div>\n<div>\n\t<strong>Kullan\u0131m Alanlar\u0131 :\u00a0<\/strong><\/div>\n<div>\n\tK\u00fc\u00e7\u00fck \u00e7apl\u0131 motor \/ otomotiv tamiratlar\u0131 ve benzer onar\u0131m i\u015fleri.<\/div>\n","protected":false},"featured_media":12533,"comment_status":"open","ping_status":"closed","template":"","meta":{"_acf_changed":false},"product_brand":[1512],"product_cat":[880],"product_tag":[],"class_list":{"0":"post-10127","1":"product","2":"type-product","3":"status-publish","4":"has-post-thumbnail","6":"product_brand-gison","7":"product_cat-havali-somun-sikmalar","9":"first","10":"instock","11":"taxable","12":"shipping-taxable","13":"purchasable","14":"product-type-simple","15":"add-to-wishlist-after_add_to_cart"},"acf":[],"_links":{"self":[{"href":"https:\/\/www.makitamarket.com.tr\/site\/wp-json\/wp\/v2\/product\/10127","targetHints":{"allow":["GET"]}}],"collection":[{"href":"https:\/\/www.makitamarket.com.tr\/site\/wp-json\/wp\/v2\/product"}],"about":[{"href":"https:\/\/www.makitamarket.com.tr\/site\/wp-json\/wp\/v2\/types\/product"}],"replies":[{"embeddable":true,"href":"https:\/\/www.makitamarket.com.tr\/site\/wp-json\/wp\/v2\/comments?post=10127"}],"wp:featuredmedia":[{"embeddable":true,"href":"https:\/\/www.makitamarket.com.tr\/site\/wp-json\/wp\/v2\/media\/12533"}],"wp:attachment":[{"href":"https:\/\/www.makitamarket.com.tr\/site\/wp-json\/wp\/v2\/media?parent=10127"}],"wp:term":[{"taxonomy":"product_brand","embeddable":true,"href":"https:\/\/www.makitamarket.com.tr\/site\/wp-json\/wp\/v2\/product_brand?post=10127"},{"taxonomy":"product_cat","embeddable":true,"href":"https:\/\/www.makitamarket.com.tr\/site\/wp-json\/wp\/v2\/product_cat?post=10127"},{"taxonomy":"product_tag","embeddable":true,"href":"https:\/\/www.makitamarket.com.tr\/site\/wp-json\/wp\/v2\/product_tag?post=10127"}],"curies":[{"name":"wp","href":"https:\/\/api.w.org\/{rel}","templated":true}]}}