{"id":10141,"date":"2024-11-27T19:59:36","date_gmt":"2024-11-27T16:59:36","guid":{"rendered":"https:\/\/www.makitamarket.com.tr\/site\/urun\/knipex-buyuk-boy-kablo-makasi-500-mm\/"},"modified":"2026-03-30T07:49:21","modified_gmt":"2026-03-30T04:49:21","slug":"knipex-buyuk-boy-kablo-makasi-500-mm","status":"publish","type":"product","link":"https:\/\/www.makitamarket.com.tr\/site\/urun\/knipex-buyuk-boy-kablo-makasi-500-mm\/","title":{"rendered":"Knipex 9512500 B\u00dcY\u00dcK BOY KABLO MAKASI 500 mm"},"content":{"rendered":"<p><b>95 12 500 Kablo Makas\u0131<\/b><br \/>d\u00fc\u015f\u00fck a\u011f\u0131rl\u0131k, y\u00fcksek aktarma. Uygun aktar\u0131m oranlar\u0131 ve \u00f6zel kesici geometrisi sayesinde az kuvvet sarfedilir. Tek ve \u00e7ok telli bak\u0131r ve al\u00fcminyum kablolar\u0131n kesilmesi i\u00e7in. Hassas ta\u015flanm\u0131\u015f, sertle\u015ftirilmi\u015f kesiciler. Ezmeden d\u00fcz ve temiz bir \u015fekilde keser. \u00c7elik tel ve tel halatlar i\u00e7in uygun de\u011fildir. Parmaklar\u0131n s\u0131k\u0131\u015fmas\u0131n\u0131 \u00f6nleyen tasar\u0131ma sahiptir. Ayarlanabilir vidal\u0131 mafsal. <\/p>\n<li><b>Bak\u0131r kablo kesim de\u011feri, \u00e7ok telli: <\/b>150 mm\u00b2<\/li>\n<li><b>Bak\u0131r kablo kesim de\u011feri, \u00e7ok telli: <\/b>\u00d8 27 mm<\/li>\n<li><b>AWG: <\/b>6 \/ 0 <\/li>\n<table>\n<tr>\n<td>Uzunluk<\/td>\n<td>500<\/td>\n<\/tr>\n<tr>\n<td>Kafa<\/td>\n<td>Polisaj<\/td>\n<\/tr>\n<tr>\n<td>Sap<\/td>\n<td>Plastik Sap<\/td>\n<\/tr>\n<tr>\n<td>\u00c7ok \u0130letkenli Kablo<\/td>\n<td>27\u00f8mm, 150mm\u00b2<\/td>\n<\/tr>\n<tr>\n<td>A\u011f\u0131rl\u0131k<\/td>\n<td>1090 gr<\/td>\n<\/tr>\n<\/table>\n","protected":false},"excerpt":{"rendered":"<p><b>95 12 500 Kablo Makas\u0131<\/b><br \/>d\u00fc\u015f\u00fck a\u011f\u0131rl\u0131k, y\u00fcksek aktarma. Uygun aktar\u0131m oranlar\u0131 ve \u00f6zel kesici geometrisi sayesinde az kuvvet sarfedilir. Tek ve \u00e7ok telli bak\u0131r ve al\u00fcminyum kablolar\u0131n kesilmesi i\u00e7in. Hassas ta\u015flanm\u0131\u015f, sertle\u015ftirilmi\u015f kesiciler. Ezmeden d\u00fcz ve temiz bir \u015fekilde keser. \u00c7elik tel ve tel halatlar i\u00e7in uygun de\u011fildir. Parmaklar\u0131n s\u0131k\u0131\u015fmas\u0131n\u0131 \u00f6nleyen tasar\u0131ma sahiptir. Ayarlanabilir vidal\u0131 mafsal. <\/p>\n<li><b>Bak\u0131r kablo kesim de\u011feri, \u00e7ok telli: <\/b>150 mm\u00b2<\/li>\n<li><b>Bak\u0131r kablo kesim de\u011feri, \u00e7ok telli: <\/b>\u00d8 27 mm<\/li>\n<li><b>AWG: <\/b>6 \/ 0 <\/li>\n","protected":false},"featured_media":10566,"comment_status":"open","ping_status":"closed","template":"","meta":{"_acf_changed":false},"product_brand":[1486],"product_cat":[833],"product_tag":[],"class_list":{"0":"post-10141","1":"product","2":"type-product","3":"status-publish","4":"has-post-thumbnail","6":"product_brand-knipex","7":"product_cat-makaslar","9":"first","10":"outofstock","11":"taxable","12":"shipping-taxable","13":"purchasable","14":"product-type-simple","15":"add-to-wishlist-after_add_to_cart"},"acf":[],"_links":{"self":[{"href":"https:\/\/www.makitamarket.com.tr\/site\/wp-json\/wp\/v2\/product\/10141","targetHints":{"allow":["GET"]}}],"collection":[{"href":"https:\/\/www.makitamarket.com.tr\/site\/wp-json\/wp\/v2\/product"}],"about":[{"href":"https:\/\/www.makitamarket.com.tr\/site\/wp-json\/wp\/v2\/types\/product"}],"replies":[{"embeddable":true,"href":"https:\/\/www.makitamarket.com.tr\/site\/wp-json\/wp\/v2\/comments?post=10141"}],"wp:featuredmedia":[{"embeddable":true,"href":"https:\/\/www.makitamarket.com.tr\/site\/wp-json\/wp\/v2\/media\/10566"}],"wp:attachment":[{"href":"https:\/\/www.makitamarket.com.tr\/site\/wp-json\/wp\/v2\/media?parent=10141"}],"wp:term":[{"taxonomy":"product_brand","embeddable":true,"href":"https:\/\/www.makitamarket.com.tr\/site\/wp-json\/wp\/v2\/product_brand?post=10141"},{"taxonomy":"product_cat","embeddable":true,"href":"https:\/\/www.makitamarket.com.tr\/site\/wp-json\/wp\/v2\/product_cat?post=10141"},{"taxonomy":"product_tag","embeddable":true,"href":"https:\/\/www.makitamarket.com.tr\/site\/wp-json\/wp\/v2\/product_tag?post=10141"}],"curies":[{"name":"wp","href":"https:\/\/api.w.org\/{rel}","templated":true}]}}