{"id":10143,"date":"2024-11-27T19:59:37","date_gmt":"2024-11-27T16:59:37","guid":{"rendered":"https:\/\/www.makitamarket.com.tr\/site\/urun\/factor-cngv-beton-vibratorleri-yedek-hortumlari\/"},"modified":"2026-04-06T13:10:29","modified_gmt":"2026-04-06T10:10:29","slug":"factor-cngv-beton-vibratorleri-yedek-hortumlari","status":"publish","type":"product","link":"https:\/\/www.makitamarket.com.tr\/site\/urun\/factor-cngv-beton-vibratorleri-yedek-hortumlari\/","title":{"rendered":"Factor CNGV2HPHORTUM CNGV BETON V\u0130BRAT\u00d6RLER\u0130 YEDEK HORTUMLARI"},"content":{"rendered":"<table>\n<tr>\n<td>Uyumlu Model<\/td>\n<td>CNGV2HP<\/td>\n<\/tr>\n<tr>\n<td>Uzunluk<\/td>\n<td>4 mm<\/td>\n<\/tr>\n<tr>\n<td>\u00c7ap<\/td>\n<td>38 mm<\/td>\n<\/tr>\n<\/table>\n","protected":false},"excerpt":{"rendered":"<p>Uyumlu Model CNGV2HP Uzunluk 4 mm \u00c7ap 38 mm<\/p>\n","protected":false},"featured_media":10225,"comment_status":"open","ping_status":"closed","template":"","meta":{"_acf_changed":false},"product_brand":[1494],"product_cat":[821],"product_tag":[],"class_list":{"0":"post-10143","1":"product","2":"type-product","3":"status-publish","4":"has-post-thumbnail","6":"product_brand-factor","7":"product_cat-beton-vibratorleri","9":"first","10":"outofstock","11":"taxable","12":"shipping-taxable","13":"purchasable","14":"product-type-simple","15":"add-to-wishlist-after_add_to_cart"},"acf":[],"_links":{"self":[{"href":"https:\/\/www.makitamarket.com.tr\/site\/wp-json\/wp\/v2\/product\/10143","targetHints":{"allow":["GET"]}}],"collection":[{"href":"https:\/\/www.makitamarket.com.tr\/site\/wp-json\/wp\/v2\/product"}],"about":[{"href":"https:\/\/www.makitamarket.com.tr\/site\/wp-json\/wp\/v2\/types\/product"}],"replies":[{"embeddable":true,"href":"https:\/\/www.makitamarket.com.tr\/site\/wp-json\/wp\/v2\/comments?post=10143"}],"wp:featuredmedia":[{"embeddable":true,"href":"https:\/\/www.makitamarket.com.tr\/site\/wp-json\/wp\/v2\/media\/10225"}],"wp:attachment":[{"href":"https:\/\/www.makitamarket.com.tr\/site\/wp-json\/wp\/v2\/media?parent=10143"}],"wp:term":[{"taxonomy":"product_brand","embeddable":true,"href":"https:\/\/www.makitamarket.com.tr\/site\/wp-json\/wp\/v2\/product_brand?post=10143"},{"taxonomy":"product_cat","embeddable":true,"href":"https:\/\/www.makitamarket.com.tr\/site\/wp-json\/wp\/v2\/product_cat?post=10143"},{"taxonomy":"product_tag","embeddable":true,"href":"https:\/\/www.makitamarket.com.tr\/site\/wp-json\/wp\/v2\/product_tag?post=10143"}],"curies":[{"name":"wp","href":"https:\/\/api.w.org\/{rel}","templated":true}]}}