{"id":10147,"date":"2024-11-27T19:59:40","date_gmt":"2024-11-27T16:59:40","guid":{"rendered":"https:\/\/www.makitamarket.com.tr\/site\/urun\/proxxon-akulu-bant-taslama-lhw-a\/"},"modified":"2026-04-06T13:08:02","modified_gmt":"2026-04-06T10:08:02","slug":"proxxon-akulu-bant-taslama-lhw-a","status":"publish","type":"product","link":"https:\/\/www.makitamarket.com.tr\/site\/urun\/proxxon-akulu-bant-taslama-lhw-a\/","title":{"rendered":"Proxxon 29815 LHW\/A AK\u00dcL\u00dc BANT TA\u015eLAMA LHW\/A"},"content":{"rendered":"<div>\n\t<strong>Uyumlu Aksesuarlar:<\/strong><\/div>\n<div>\n\t<strong>PROX28548 : <\/strong>Z\u0131mpara altl\u0131\u011f\u0131 (1)<\/div>\n<div>\n\t<strong>PROX28549 :<\/strong> Z\u0131mpara 80 kum (12)<\/div>\n<div>\n\t<strong>PROX28550 :<\/strong> Z\u0131mpara 120 kum (12)<\/div>\n<div>\n\t<strong>PROX28554 :<\/strong> Z\u0131mpara ke\u00e7esi orta (5)<\/div>\n<div>\n\t<strong>PROX28555 :<\/strong> Z\u0131mpara ke\u00e7esi ince (5)<\/div>\n<div>\n\t<strong>PROX28585 :<\/strong> Ta\u015flama diski 60 kum (1)<\/div>\n<div>\n\t<strong>PROX28587 :<\/strong> Ta\u015flama diski 60 kum (1)<\/div>\n<div>\n\t<strong>PROX28590 : <\/strong>Flap z\u0131mpara 100 kum (1)<\/div>\n<div>\n\t<strong>PROX28155 :<\/strong> Kesici disk (1)<\/div>\n<div>\n\t<strong>PROX29050 :<\/strong> Metal p\u00fct\u00fcrl\u00fc t\u00f6rp\u00fc disk (1)<\/div>\n<div>\n\t<strong>PROX28410 :<\/strong> Micromot alet tutucu<\/div>\n<table>\n<tr>\n<td>G\u00fc\u00e7<\/td>\n<td>10,8 V<\/td>\n<\/tr>\n<tr>\n<td>Devir H\u0131z\u0131<\/td>\n<td>5000 &#8211; 16000 d\/dak.<\/td>\n<\/tr>\n<tr>\n<td>Disk \u00c7ap\u0131<\/td>\n<td>50 mm.<\/td>\n<\/tr>\n<tr>\n<td>Uzunluk<\/td>\n<td>32 cm<\/td>\n<\/tr>\n<tr>\n<td>A\u011f\u0131rl\u0131k<\/td>\n<td>800g (Batarya dahil)<\/td>\n<\/tr>\n<tr>\n<td>Muhafaza<\/td>\n<td>Dayan\u0131kl\u0131 Plastik Kutu<\/td>\n<\/tr>\n<\/table>\n","protected":false},"excerpt":{"rendered":"<div>\n\t<strong>Uyumlu Aksesuarlar:<\/strong><\/div>\n<div>\n\t<strong>PROX28548 : <\/strong>Z\u0131mpara altl\u0131\u011f\u0131 (1)<\/div>\n<div>\n\t<strong>PROX28549 :<\/strong> Z\u0131mpara 80 kum (12)<\/div>\n<div>\n\t<strong>PROX28550 :<\/strong> Z\u0131mpara 120 kum (12)<\/div>\n<div>\n\t<strong>PROX28554 :<\/strong> Z\u0131mpara ke\u00e7esi orta (5)<\/div>\n<div>\n\t<strong>PROX28555 :<\/strong> Z\u0131mpara ke\u00e7esi ince (5)<\/div>\n<div>\n\t<strong>PROX28585 :<\/strong> Ta\u015flama diski 60 kum (1)<\/div>\n<div>\n\t<strong>PROX28587 :<\/strong> Ta\u015flama diski 60 kum (1)<\/div>\n<div>\n\t<strong>PROX28590 : <\/strong>Flap z\u0131mpara 100 kum (1)<\/div>\n<div>\n\t<strong>PROX28155 :<\/strong> Kesici disk (1)<\/div>\n<div>\n\t<strong>PROX29050 :<\/strong> Metal p\u00fct\u00fcrl\u00fc t\u00f6rp\u00fc disk (1)<\/div>\n<div>\n\t<strong>PROX28410 :<\/strong> Micromot alet tutucu<\/div>\n","protected":false},"featured_media":10146,"comment_status":"open","ping_status":"closed","template":"","meta":{"_acf_changed":false},"product_brand":[1501],"product_cat":[1565],"product_tag":[],"class_list":{"0":"post-10147","1":"product","2":"type-product","3":"status-publish","4":"has-post-thumbnail","6":"product_brand-proxxon","7":"product_cat-yok-yok","9":"first","10":"instock","11":"taxable","12":"shipping-taxable","13":"purchasable","14":"product-type-simple","15":"add-to-wishlist-after_add_to_cart"},"acf":[],"_links":{"self":[{"href":"https:\/\/www.makitamarket.com.tr\/site\/wp-json\/wp\/v2\/product\/10147","targetHints":{"allow":["GET"]}}],"collection":[{"href":"https:\/\/www.makitamarket.com.tr\/site\/wp-json\/wp\/v2\/product"}],"about":[{"href":"https:\/\/www.makitamarket.com.tr\/site\/wp-json\/wp\/v2\/types\/product"}],"replies":[{"embeddable":true,"href":"https:\/\/www.makitamarket.com.tr\/site\/wp-json\/wp\/v2\/comments?post=10147"}],"wp:featuredmedia":[{"embeddable":true,"href":"https:\/\/www.makitamarket.com.tr\/site\/wp-json\/wp\/v2\/media\/10146"}],"wp:attachment":[{"href":"https:\/\/www.makitamarket.com.tr\/site\/wp-json\/wp\/v2\/media?parent=10147"}],"wp:term":[{"taxonomy":"product_brand","embeddable":true,"href":"https:\/\/www.makitamarket.com.tr\/site\/wp-json\/wp\/v2\/product_brand?post=10147"},{"taxonomy":"product_cat","embeddable":true,"href":"https:\/\/www.makitamarket.com.tr\/site\/wp-json\/wp\/v2\/product_cat?post=10147"},{"taxonomy":"product_tag","embeddable":true,"href":"https:\/\/www.makitamarket.com.tr\/site\/wp-json\/wp\/v2\/product_tag?post=10147"}],"curies":[{"name":"wp","href":"https:\/\/api.w.org\/{rel}","templated":true}]}}