{"id":10149,"date":"2024-11-27T19:59:40","date_gmt":"2024-11-27T16:59:40","guid":{"rendered":"https:\/\/www.makitamarket.com.tr\/site\/urun\/makita-sarjli-el-supurgesi-bez-filtreli-10-8v\/"},"modified":"2025-01-06T20:30:35","modified_gmt":"2025-01-06T17:30:35","slug":"makita-sarjli-el-supurgesi-bez-filtreli-10-8v","status":"publish","type":"product","link":"https:\/\/www.makitamarket.com.tr\/site\/urun\/makita-sarjli-el-supurgesi-bez-filtreli-10-8v\/","title":{"rendered":"Makita CL104DWYX \u015eARJLI EL S\u00dcP\u00dcRGES\u0130 (BEZ F\u0130LTREL\u0130) 10.8V"},"content":{"rendered":"<p>\n\tAk\u00fc ve \u015farj cihaz\u0131 dahil de\u011fildir.<\/p>\n<table>\n<tr>\n<td>Kapasite<\/td>\n<td>500 mL<\/td>\n<\/tr>\n<tr>\n<td>Maksimum Hava Hacmi<\/td>\n<td>1.1 m\u00b3\/ min<\/td>\n<\/tr>\n<tr>\n<td>Batarya \u00f6mr\u00fc \/ \u015earz dolum (dk)<\/td>\n<td>20 \/60 Ak\u00fc 10,8V  1,5Ah<\/td>\n<\/tr>\n<tr>\n<td>Max. debi hava<\/td>\n<td>3.3kPa (340mm H20)<\/td>\n<\/tr>\n<tr>\n<td>\u00d6l\u00e7\u00fcler (LxWxH)<\/td>\n<td>446x113x136 mm<\/td>\n<\/tr>\n<tr>\n<td>A\u011f\u0131rl\u0131k<\/td>\n<td>1.1kg (2.3 lbs)<\/td>\n<\/tr>\n<tr>\n<td>Ak\u00fc<\/td>\n<td>BL1020B\/1040B<\/td>\n<\/tr>\n<tr>\n<td>\u015earj Cihaz\u0131<\/td>\n<td>DC10SA<\/td>\n<\/tr>\n<\/table>\n","protected":false},"excerpt":{"rendered":"<p>\n\tAk\u00fc ve \u015farj cihaz\u0131 dahil de\u011fildir.<\/p>\n","protected":false},"featured_media":10148,"comment_status":"open","ping_status":"closed","template":"","meta":{"_acf_changed":false},"product_brand":[],"product_cat":[771],"product_tag":[],"class_list":{"0":"post-10149","1":"product","2":"type-product","3":"status-publish","4":"has-post-thumbnail","6":"product_cat-endustriyel-temizlik-makinalari","8":"first","9":"outofstock","10":"taxable","11":"shipping-taxable","12":"purchasable","13":"product-type-simple","14":"add-to-wishlist-after_add_to_cart"},"acf":[],"_links":{"self":[{"href":"https:\/\/www.makitamarket.com.tr\/site\/wp-json\/wp\/v2\/product\/10149","targetHints":{"allow":["GET"]}}],"collection":[{"href":"https:\/\/www.makitamarket.com.tr\/site\/wp-json\/wp\/v2\/product"}],"about":[{"href":"https:\/\/www.makitamarket.com.tr\/site\/wp-json\/wp\/v2\/types\/product"}],"replies":[{"embeddable":true,"href":"https:\/\/www.makitamarket.com.tr\/site\/wp-json\/wp\/v2\/comments?post=10149"}],"wp:featuredmedia":[{"embeddable":true,"href":"https:\/\/www.makitamarket.com.tr\/site\/wp-json\/wp\/v2\/media\/10148"}],"wp:attachment":[{"href":"https:\/\/www.makitamarket.com.tr\/site\/wp-json\/wp\/v2\/media?parent=10149"}],"wp:term":[{"taxonomy":"product_brand","embeddable":true,"href":"https:\/\/www.makitamarket.com.tr\/site\/wp-json\/wp\/v2\/product_brand?post=10149"},{"taxonomy":"product_cat","embeddable":true,"href":"https:\/\/www.makitamarket.com.tr\/site\/wp-json\/wp\/v2\/product_cat?post=10149"},{"taxonomy":"product_tag","embeddable":true,"href":"https:\/\/www.makitamarket.com.tr\/site\/wp-json\/wp\/v2\/product_tag?post=10149"}],"curies":[{"name":"wp","href":"https:\/\/api.w.org\/{rel}","templated":true}]}}