{"id":10151,"date":"2024-11-27T19:59:41","date_gmt":"2024-11-27T16:59:41","guid":{"rendered":"https:\/\/www.makitamarket.com.tr\/site\/urun\/gison-havali-bant-zimpara\/"},"modified":"2026-03-30T07:41:30","modified_gmt":"2026-03-30T04:41:30","slug":"gison-havali-bant-zimpara","status":"publish","type":"product","link":"https:\/\/www.makitamarket.com.tr\/site\/urun\/gison-havali-bant-zimpara\/","title":{"rendered":"Gison GP902A HAVALI BANT ZIMPARA"},"content":{"rendered":"<div>\n\t<strong>Kullan\u0131m Alanlar\u0131:<\/strong><\/div>\n<div>\n\tAt\u00f6lye ve fabrikalarda, mobilya set\u00f6r\u00fcnde, plastik &#8211; cam &#8211; porselen e\u015fya yap\u0131m\u0131, dekoratif ve s\u00fcs e\u015fyas\u0131 yap\u0131m\u0131nda, otomotiv &#8211; gemi &#8211; havac\u0131l\u0131k sekt\u00f6rlerinde ve daha pek \u00e7ok alanda \u00e7apak alma ve d\u00fczeltme i\u015fleri i\u00e7in uygundur.\u00a0<\/div>\n<table>\n<tr>\n<td>Z\u0131mpara \u00d6l\u00e7\u00fcs\u00fc<\/td>\n<td>20 mm x 520 mm.<\/td>\n<\/tr>\n<tr>\n<td>Bo\u015ftaki Devir H\u0131z\u0131<\/td>\n<td>16.000 rpm<\/td>\n<\/tr>\n<tr>\n<td>Net A\u011f\u0131rl\u0131k<\/td>\n<td>1.18 kg.<\/td>\n<\/tr>\n<tr>\n<td>Uzunluk<\/td>\n<td>345 mm.<\/td>\n<\/tr>\n<tr>\n<td>Hava T\u00fcketimi<\/td>\n<td>0.40 m\u00b3\/dak.<\/td>\n<\/tr>\n<tr>\n<td>Hava Giri\u015fi<\/td>\n<td>1\/4&#8243;<\/td>\n<\/tr>\n<tr>\n<td>Hortum \u00d6l\u00e7\u00fcs\u00fc <\/td>\n<td>6.5 mm.<\/td>\n<\/tr>\n<tr>\n<td>G\u00fcr\u00fclt\u00fc Seviyesi<\/td>\n<td>88 dBA<\/td>\n<\/tr>\n<tr>\n<td>Sars\u0131nt\u0131 Seviyesi<\/td>\n<td>5.2 m\/S\u00b2.<\/td>\n<\/tr>\n<tr>\n<td>Hava Bas\u0131nc\u0131<\/td>\n<td>90 psi (6.3 kg.\/cm\u00b2)<\/td>\n<\/tr>\n<tr>\n<td>Standart\u0131<\/td>\n<td>CE-Made in Taiwan<\/td>\n<\/tr>\n<\/table>\n","protected":false},"excerpt":{"rendered":"<div>\n\t<strong>Kullan\u0131m Alanlar\u0131:<\/strong><\/div>\n<div>\n\tAt\u00f6lye ve fabrikalarda, mobilya set\u00f6r\u00fcnde, plastik &#8211; cam &#8211; porselen e\u015fya yap\u0131m\u0131, dekoratif ve s\u00fcs e\u015fyas\u0131 yap\u0131m\u0131nda, otomotiv &#8211; gemi &#8211; havac\u0131l\u0131k sekt\u00f6rlerinde ve daha pek \u00e7ok alanda \u00e7apak alma ve d\u00fczeltme i\u015fleri i\u00e7in uygundur.\u00a0<\/div>\n","protected":false},"featured_media":10150,"comment_status":"open","ping_status":"closed","template":"","meta":{"_acf_changed":false},"product_brand":[1512],"product_cat":[983],"product_tag":[],"class_list":{"0":"post-10151","1":"product","2":"type-product","3":"status-publish","4":"has-post-thumbnail","6":"product_brand-gison","7":"product_cat-havali-zimparalar","9":"first","10":"outofstock","11":"taxable","12":"shipping-taxable","13":"purchasable","14":"product-type-simple","15":"add-to-wishlist-after_add_to_cart"},"acf":[],"_links":{"self":[{"href":"https:\/\/www.makitamarket.com.tr\/site\/wp-json\/wp\/v2\/product\/10151","targetHints":{"allow":["GET"]}}],"collection":[{"href":"https:\/\/www.makitamarket.com.tr\/site\/wp-json\/wp\/v2\/product"}],"about":[{"href":"https:\/\/www.makitamarket.com.tr\/site\/wp-json\/wp\/v2\/types\/product"}],"replies":[{"embeddable":true,"href":"https:\/\/www.makitamarket.com.tr\/site\/wp-json\/wp\/v2\/comments?post=10151"}],"wp:featuredmedia":[{"embeddable":true,"href":"https:\/\/www.makitamarket.com.tr\/site\/wp-json\/wp\/v2\/media\/10150"}],"wp:attachment":[{"href":"https:\/\/www.makitamarket.com.tr\/site\/wp-json\/wp\/v2\/media?parent=10151"}],"wp:term":[{"taxonomy":"product_brand","embeddable":true,"href":"https:\/\/www.makitamarket.com.tr\/site\/wp-json\/wp\/v2\/product_brand?post=10151"},{"taxonomy":"product_cat","embeddable":true,"href":"https:\/\/www.makitamarket.com.tr\/site\/wp-json\/wp\/v2\/product_cat?post=10151"},{"taxonomy":"product_tag","embeddable":true,"href":"https:\/\/www.makitamarket.com.tr\/site\/wp-json\/wp\/v2\/product_tag?post=10151"}],"curies":[{"name":"wp","href":"https:\/\/api.w.org\/{rel}","templated":true}]}}