{"id":10187,"date":"2024-11-27T20:00:00","date_gmt":"2024-11-27T17:00:00","guid":{"rendered":"https:\/\/www.makitamarket.com.tr\/site\/urun\/kama-by-reis-benzinli-cim-bicme-makinasi-130-cc\/"},"modified":"2025-11-16T05:25:35","modified_gmt":"2025-11-16T02:25:35","slug":"kama-by-reis-benzinli-cim-bicme-makinasi-130-cc","status":"publish","type":"product","link":"https:\/\/www.makitamarket.com.tr\/site\/urun\/kama-by-reis-benzinli-cim-bicme-makinasi-130-cc\/","title":{"rendered":"Kama By Reis UME40 BENZ\u0130NL\u0130 \u00c7\u0130M B\u0130\u00c7ME MAK\u0130NASI 130 CC"},"content":{"rendered":"<table>\n<tr>\n<td>\u015ease<\/td>\n<td>\u00c7elik<\/td>\n<\/tr>\n<tr>\n<td>Kesme Geni\u015fli\u011fi<\/td>\n<td>400mm<\/td>\n<\/tr>\n<tr>\n<td>Motor \/ Motor Hacmi<\/td>\n<td>GKV130 \/ 130cc<\/td>\n<\/tr>\n<tr>\n<td>Y\u00fckseklik Ayar\u0131<\/td>\n<td>25\/75 mm 7 kademeli<\/td>\n<\/tr>\n<tr>\n<td>Tekerlek Ebat\u0131<\/td>\n<td>6&#8221;\/8&#8221;<\/td>\n<\/tr>\n<tr>\n<td>\u00c7im Haznesi<\/td>\n<td>45 L<\/td>\n<\/tr>\n<tr>\n<td>Teorik \u00c7al\u0131\u015fma Alan\u0131<\/td>\n<td>1000 m\u00b2<\/td>\n<\/tr>\n<tr>\n<td>A\u011f\u0131rl\u0131k<\/td>\n<td>23,5 kg<\/td>\n<\/tr>\n<\/table>\n","protected":false},"excerpt":{"rendered":"<p>\u015ease \u00c7elik Kesme Geni\u015fli\u011fi 400mm Motor \/ Motor Hacmi GKV130 \/ 130cc Y\u00fckseklik Ayar\u0131 25\/75 mm 7 kademeli Tekerlek Ebat\u0131 6&#8221;\/8&#8221; \u00c7im Haznesi 45 L Teorik \u00c7al\u0131\u015fma Alan\u0131 1000 m\u00b2<\/p>\n","protected":false},"featured_media":10186,"comment_status":"open","ping_status":"closed","template":"","meta":{"_acf_changed":false},"product_brand":[1500],"product_cat":[1565],"product_tag":[],"class_list":{"0":"post-10187","1":"product","2":"type-product","3":"status-publish","4":"has-post-thumbnail","6":"product_brand-kama-by-reis","7":"product_cat-yok-yok","9":"first","10":"outofstock","11":"taxable","12":"shipping-taxable","13":"purchasable","14":"product-type-simple","15":"add-to-wishlist-after_add_to_cart"},"acf":[],"_links":{"self":[{"href":"https:\/\/www.makitamarket.com.tr\/site\/wp-json\/wp\/v2\/product\/10187","targetHints":{"allow":["GET"]}}],"collection":[{"href":"https:\/\/www.makitamarket.com.tr\/site\/wp-json\/wp\/v2\/product"}],"about":[{"href":"https:\/\/www.makitamarket.com.tr\/site\/wp-json\/wp\/v2\/types\/product"}],"replies":[{"embeddable":true,"href":"https:\/\/www.makitamarket.com.tr\/site\/wp-json\/wp\/v2\/comments?post=10187"}],"wp:featuredmedia":[{"embeddable":true,"href":"https:\/\/www.makitamarket.com.tr\/site\/wp-json\/wp\/v2\/media\/10186"}],"wp:attachment":[{"href":"https:\/\/www.makitamarket.com.tr\/site\/wp-json\/wp\/v2\/media?parent=10187"}],"wp:term":[{"taxonomy":"product_brand","embeddable":true,"href":"https:\/\/www.makitamarket.com.tr\/site\/wp-json\/wp\/v2\/product_brand?post=10187"},{"taxonomy":"product_cat","embeddable":true,"href":"https:\/\/www.makitamarket.com.tr\/site\/wp-json\/wp\/v2\/product_cat?post=10187"},{"taxonomy":"product_tag","embeddable":true,"href":"https:\/\/www.makitamarket.com.tr\/site\/wp-json\/wp\/v2\/product_tag?post=10187"}],"curies":[{"name":"wp","href":"https:\/\/api.w.org\/{rel}","templated":true}]}}