{"id":10190,"date":"2024-11-27T20:00:01","date_gmt":"2024-11-27T17:00:01","guid":{"rendered":"https:\/\/www.makitamarket.com.tr\/site\/urun\/lavor-lavor-bas-ykm-mak-predator-180digit-sgk\/"},"modified":"2025-11-16T05:25:35","modified_gmt":"2025-11-16T02:25:35","slug":"lavor-lavor-bas-ykm-mak-predator-180digit-sgk","status":"publish","type":"product","link":"https:\/\/www.makitamarket.com.tr\/site\/urun\/lavor-lavor-bas-ykm-mak-predator-180digit-sgk\/","title":{"rendered":"Lavor PREDATOR180 LAVOR BAS\u00a0YKM MAK PREDATOR 180DIGIT SGK"},"content":{"rendered":"<table>\n<tr>\n<td>Max. Bas\u0131n\u00e7<\/td>\n<td>180 bar\/2175 psi max.<\/td>\n<\/tr>\n<tr>\n<td>Debi<\/td>\n<td>510 l\/h max<\/td>\n<\/tr>\n<tr>\n<td>Is\u0131<\/td>\n<td>40\u00b0 C<\/td>\n<\/tr>\n<tr>\n<td>Motor G\u00fcc\u00fc<\/td>\n<td>2500W &#8211; 230V &#8211; 50Hz<\/td>\n<\/tr>\n<tr>\n<td>Otomatik Stop Sistemi<\/td>\n<td>Mevcut<\/td>\n<\/tr>\n<tr>\n<td>Hortum<\/td>\n<td>6mt.1\/4<\/td>\n<\/tr>\n<tr>\n<td>A\u011f\u0131rl\u0131k<\/td>\n<td>12.4 Kg<\/td>\n<\/tr>\n<tr>\n<td>\u00d6l\u00e7\u00fcler<\/td>\n<td>38x30x57<\/td>\n<\/tr>\n<\/table>\n","protected":false},"excerpt":{"rendered":"<p>Max. Bas\u0131n\u00e7 180 bar\/2175 psi max. Debi 510 l\/h max Is\u0131 40\u00b0 C Motor G\u00fcc\u00fc 2500W &#8211; 230V &#8211; 50Hz Otomatik Stop Sistemi Mevcut Hortum 6mt.1\/4 A\u011f\u0131rl\u0131k 12.4 Kg \u00d6l\u00e7\u00fcler<\/p>\n","protected":false},"featured_media":0,"comment_status":"open","ping_status":"closed","template":"","meta":{"_acf_changed":false},"product_brand":[1493],"product_cat":[822],"product_tag":[],"class_list":{"0":"post-10190","1":"product","2":"type-product","3":"status-publish","5":"product_brand-lavor","6":"product_cat-amator-hobi-soguk-yikama-makinalari","8":"first","9":"outofstock","10":"taxable","11":"shipping-taxable","12":"purchasable","13":"product-type-simple","14":"add-to-wishlist-after_add_to_cart"},"acf":[],"_links":{"self":[{"href":"https:\/\/www.makitamarket.com.tr\/site\/wp-json\/wp\/v2\/product\/10190","targetHints":{"allow":["GET"]}}],"collection":[{"href":"https:\/\/www.makitamarket.com.tr\/site\/wp-json\/wp\/v2\/product"}],"about":[{"href":"https:\/\/www.makitamarket.com.tr\/site\/wp-json\/wp\/v2\/types\/product"}],"replies":[{"embeddable":true,"href":"https:\/\/www.makitamarket.com.tr\/site\/wp-json\/wp\/v2\/comments?post=10190"}],"wp:attachment":[{"href":"https:\/\/www.makitamarket.com.tr\/site\/wp-json\/wp\/v2\/media?parent=10190"}],"wp:term":[{"taxonomy":"product_brand","embeddable":true,"href":"https:\/\/www.makitamarket.com.tr\/site\/wp-json\/wp\/v2\/product_brand?post=10190"},{"taxonomy":"product_cat","embeddable":true,"href":"https:\/\/www.makitamarket.com.tr\/site\/wp-json\/wp\/v2\/product_cat?post=10190"},{"taxonomy":"product_tag","embeddable":true,"href":"https:\/\/www.makitamarket.com.tr\/site\/wp-json\/wp\/v2\/product_tag?post=10190"}],"curies":[{"name":"wp","href":"https:\/\/api.w.org\/{rel}","templated":true}]}}