{"id":10211,"date":"2024-11-27T20:00:11","date_gmt":"2024-11-27T17:00:11","guid":{"rendered":"https:\/\/www.makitamarket.com.tr\/site\/urun\/makita-isitici\/"},"modified":"2026-03-30T08:15:28","modified_gmt":"2026-03-30T05:15:28","slug":"makita-isitici","status":"publish","type":"product","link":"https:\/\/www.makitamarket.com.tr\/site\/urun\/makita-isitici\/","title":{"rendered":"Makita HG5030K ISITICI"},"content":{"rendered":"<p><span style=\"color: rgb(33, 37, 41); background-color: white;\">Model HG5030K<\/span><\/p>\n<p><span style=\"color: rgb(33, 37, 41); background-color: white;\">Is\u0131t\u0131c\u0131lar<\/span><\/p>\n<p><strong style=\"color: rgb(0, 112, 192); background-color: white;\">\u00c7e\u015fitli \u0131s\u0131 uygulamalar\u0131 i\u00e7in kompakt \u0131s\u0131 tabancas\u0131 modeli<\/strong><\/p>\n<p><span style=\"color: rgb(33, 37, 41); background-color: white;\"> Makita HG5030K, boya s\u00f6kme, plastik \u015fekillendirme, yap\u0131\u015ft\u0131r\u0131c\u0131 kurutma ve y\u00fczey haz\u0131rl\u0131\u011f\u0131 gibi \u00e7e\u015fitli \u0131s\u0131 uygulamalar\u0131 i\u00e7in tasarlanm\u0131\u015f kompakt \u0131s\u0131 tabancas\u0131 modelidir. 1600 W motor g\u00fcc\u00fc ve 350-500\u00b0C s\u0131cakl\u0131k aral\u0131\u011f\u0131 ile geni\u015f bir kullan\u0131m yelpazesi sunar. Hafif ve ergonomik tasar\u0131m\u0131 sayesinde kolay kullan\u0131m sa\u011flar. Genellikle evde tadilat, marangozluk ve end\u00fcstriyel projelerde tercih edilir. Kullan\u0131c\u0131ya konfor ve hassasiyet sa\u011flamak i\u00e7in dayan\u0131kl\u0131 ve g\u00fcvenilir bir yap\u0131ya sahiptir.<\/span><\/p>\n<p><span style=\"color: rgb(33, 37, 41); background-color: white;\">Ambalaj i\u00e7eri\u011fi: Cam koruma nozulu, yans\u0131tma nozulu, daraltma nozulu, geni\u015f a\u011f\u0131z nozulu,kaz\u0131y\u0131c\u0131<\/span><\/p>\n<p><span style=\"color: red;\">Kullan\u0131m amac\u0131: <\/span>Y\u00fczey temizleme, boya s\u00f6kme, lehimleme, plastik \u015fekillendirme gibi i\u015flemler i\u00e7in tasarlanm\u0131\u015f s\u0131cak hava tabancalar\u0131d\u0131r.<\/p>\n<p><u>\u00d6zellikleri:<\/u><\/p>\n<p><span style=\"color: red;\">G\u00fc\u00e7 Kayna\u011f\u0131:<\/span>Aletin,yaln\u0131zca isim levhas\u0131nda belirtilenle ayn\u0131 voltajl\u0131 g\u00fc\u00e7 kayna\u011f\u0131na ba\u011flanmas\u0131 gerekir ve yaln\u0131zca tek fazl\u0131 AC g\u00fc\u00e7 kayna\u011f\u0131yla \u00e7al\u0131\u015ft\u0131r\u0131labilir. \u00c7ifte yal\u0131t\u0131ml\u0131d\u0131r ve topraklamas\u0131z prizlerle de kullan\u0131labilir.<\/p>\n<ol>\n<li data-list=\"bullet\"><span class=\"ql-ui\" contenteditable=\"false\"><\/span>\u00c7ift yal\u0131t\u0131ml\u0131d\u0131r.<\/li>\n<li data-list=\"bullet\"><span class=\"ql-ui\" contenteditable=\"false\"><\/span>Otomatik 2 h\u0131z mevcuttur.<\/li>\n<li data-list=\"bullet\"><span class=\"ql-ui\" contenteditable=\"false\"><\/span>Plastik ta\u015f\u0131ma \u00e7antal\u0131d\u0131r.<\/li>\n<\/ol>\n<table>\n<tr>\n<td>S\u00fcrekli Ak\u0131m Giri\u015fi<\/td>\n<td>1600W<\/td>\n<\/tr>\n<tr>\n<td>S\u0131cakl\u0131k De\u011feri  C\u00b0<\/td>\n<td>1.Kademe: 350\/300<\/td>\n<\/tr>\n<tr>\n<td>Hava Ak\u0131m\u0131<\/td>\n<td>2.Kademe: 500\/500<\/td>\n<\/tr>\n<tr>\n<td>Net A\u011f\u0131rl\u0131k<\/td>\n<td>0,56 Kg<\/td>\n<\/tr>\n<\/table>\n","protected":false},"excerpt":{"rendered":"<p><span style=\"color: rgb(33, 37, 41); background-color: white;\">Model HG5030K<\/span><\/p>\n<p><span style=\"color: rgb(33, 37, 41); background-color: white;\">Is\u0131t\u0131c\u0131lar<\/span><\/p>\n<p><strong style=\"color: rgb(0, 112, 192); background-color: white;\">\u00c7e\u015fitli \u0131s\u0131 uygulamalar\u0131 i\u00e7in kompakt \u0131s\u0131 tabancas\u0131 modeli<\/strong><\/p>\n<p><span style=\"color: rgb(33, 37, 41); background-color: white;\"> Makita HG5030K, boya s\u00f6kme, plastik \u015fekillendirme, yap\u0131\u015ft\u0131r\u0131c\u0131 kurutma ve y\u00fczey haz\u0131rl\u0131\u011f\u0131 gibi \u00e7e\u015fitli \u0131s\u0131 uygulamalar\u0131 i\u00e7in tasarlanm\u0131\u015f kompakt \u0131s\u0131 tabancas\u0131 modelidir. 1600 W motor g\u00fcc\u00fc ve 350-500\u00b0C s\u0131cakl\u0131k aral\u0131\u011f\u0131 ile geni\u015f bir kullan\u0131m yelpazesi sunar. Hafif ve ergonomik tasar\u0131m\u0131 sayesinde kolay kullan\u0131m sa\u011flar. Genellikle evde tadilat, marangozluk ve end\u00fcstriyel projelerde tercih edilir. Kullan\u0131c\u0131ya konfor ve hassasiyet sa\u011flamak i\u00e7in dayan\u0131kl\u0131 ve g\u00fcvenilir bir yap\u0131ya sahiptir.<\/span><\/p>\n<p><span style=\"color: rgb(33, 37, 41); background-color: white;\">Ambalaj i\u00e7eri\u011fi: Cam koruma nozulu, yans\u0131tma nozulu, daraltma nozulu, geni\u015f a\u011f\u0131z nozulu,kaz\u0131y\u0131c\u0131<\/span><\/p>\n<p><span style=\"color: red;\">Kullan\u0131m amac\u0131: <\/span>Y\u00fczey temizleme, boya s\u00f6kme, lehimleme, plastik \u015fekillendirme gibi i\u015flemler i\u00e7in tasarlanm\u0131\u015f s\u0131cak hava tabancalar\u0131d\u0131r.<\/p>\n<p><u>\u00d6zellikleri:<\/u><\/p>\n<p><span style=\"color: red;\">G\u00fc\u00e7 Kayna\u011f\u0131:<\/span>Aletin,yaln\u0131zca isim levhas\u0131nda belirtilenle ayn\u0131 voltajl\u0131 g\u00fc\u00e7 kayna\u011f\u0131na ba\u011flanmas\u0131 gerekir ve yaln\u0131zca tek fazl\u0131 AC g\u00fc\u00e7 kayna\u011f\u0131yla \u00e7al\u0131\u015ft\u0131r\u0131labilir. \u00c7ifte yal\u0131t\u0131ml\u0131d\u0131r ve topraklamas\u0131z prizlerle de kullan\u0131labilir.<\/p>\n<ol>\n<li data-list=\"bullet\"><span class=\"ql-ui\" contenteditable=\"false\"><\/span>\u00c7ift yal\u0131t\u0131ml\u0131d\u0131r.<\/li>\n<li data-list=\"bullet\"><span class=\"ql-ui\" contenteditable=\"false\"><\/span>Otomatik 2 h\u0131z mevcuttur.<\/li>\n<li data-list=\"bullet\"><span class=\"ql-ui\" contenteditable=\"false\"><\/span>Plastik ta\u015f\u0131ma \u00e7antal\u0131d\u0131r.<\/li>\n<\/ol>\n","protected":false},"featured_media":12148,"comment_status":"open","ping_status":"closed","template":"","meta":{"_acf_changed":false},"product_brand":[1485],"product_cat":[1044],"product_tag":[],"class_list":{"0":"post-10211","1":"product","2":"type-product","3":"status-publish","4":"has-post-thumbnail","6":"product_brand-makita","7":"product_cat-isiticilar","9":"first","10":"instock","11":"taxable","12":"shipping-taxable","13":"purchasable","14":"product-type-simple","15":"add-to-wishlist-after_add_to_cart"},"acf":[],"_links":{"self":[{"href":"https:\/\/www.makitamarket.com.tr\/site\/wp-json\/wp\/v2\/product\/10211","targetHints":{"allow":["GET"]}}],"collection":[{"href":"https:\/\/www.makitamarket.com.tr\/site\/wp-json\/wp\/v2\/product"}],"about":[{"href":"https:\/\/www.makitamarket.com.tr\/site\/wp-json\/wp\/v2\/types\/product"}],"replies":[{"embeddable":true,"href":"https:\/\/www.makitamarket.com.tr\/site\/wp-json\/wp\/v2\/comments?post=10211"}],"wp:featuredmedia":[{"embeddable":true,"href":"https:\/\/www.makitamarket.com.tr\/site\/wp-json\/wp\/v2\/media\/12148"}],"wp:attachment":[{"href":"https:\/\/www.makitamarket.com.tr\/site\/wp-json\/wp\/v2\/media?parent=10211"}],"wp:term":[{"taxonomy":"product_brand","embeddable":true,"href":"https:\/\/www.makitamarket.com.tr\/site\/wp-json\/wp\/v2\/product_brand?post=10211"},{"taxonomy":"product_cat","embeddable":true,"href":"https:\/\/www.makitamarket.com.tr\/site\/wp-json\/wp\/v2\/product_cat?post=10211"},{"taxonomy":"product_tag","embeddable":true,"href":"https:\/\/www.makitamarket.com.tr\/site\/wp-json\/wp\/v2\/product_tag?post=10211"}],"curies":[{"name":"wp","href":"https:\/\/api.w.org\/{rel}","templated":true}]}}