{"id":10220,"date":"2024-11-27T20:00:16","date_gmt":"2024-11-27T17:00:16","guid":{"rendered":"https:\/\/www.makitamarket.com.tr\/site\/urun\/knipex-preciforce-yuksek-sikma-pensesi\/"},"modified":"2026-04-06T13:10:27","modified_gmt":"2026-04-06T10:10:27","slug":"knipex-preciforce-yuksek-sikma-pensesi","status":"publish","type":"product","link":"https:\/\/www.makitamarket.com.tr\/site\/urun\/knipex-preciforce-yuksek-sikma-pensesi\/","title":{"rendered":"Knipex 975250 PREC\u0130FORCE Y\u00dcKSEK SIKMA PENSES\u0130"},"content":{"rendered":"<p><b>97 52 50 KNIPEX PreciForce\u00ae<\/b><br \/>Y\u00fcksek kilitleme, s\u0131kma mekanizmas\u0131 sayesinde;kolay s\u0131kma yap\u0131l\u0131labilir. S\u0131kma bask\u0131s\u0131 fabrika taraf\u0131ndan tam olarak ayarlanm\u0131\u015ft\u0131r (kalibrasyonlu). Yayl\u0131 ara aparat\u0131 sayesinde kullan\u0131c\u0131y\u0131 yormaz,optimum g\u00fc\u00e7 aktar\u0131m\u0131 sa\u011flan\u0131r. Rahat sap konumu, hafifli\u011fi, k\u0131sa yap\u0131s\u0131 ve ergonomik saplar\u0131 sayesinde ele yatk\u0131nd\u0131r <\/p>\n<li><b>Uygulama: <\/b>RG 58; 174; 188; 316 i\u00e7in Koax-BNC soket konekt\u00f6r\u00fc<\/li>\n<li><b>Yuva say\u0131s\u0131: <\/b>6<\/li>\n<li><b>Kapasite SW mm: <\/b>0,72 \/ 1,07 \/ 1,72 \/ 3,25 \/ 4,52 \/ 5,4 mm<\/li>\n<li><b>Y\u00fcks\u00fckler (\u00e7ap): <\/b>\u00d8 0,95 \/ 1,3 \/ 2,1 \/ 3,9 \/ 5,4 \/ 6,4 mm<\/li>\n<table>\n<tr>\n<td>A\u00e7\u0131klama<\/td>\n<td>Coax RG  58,174,188,316,  COAX , BNC, TNC  konnekt\u00f6rler<\/td>\n<\/tr>\n<tr>\n<td>Kapasite SW<\/td>\n<td>0.72, 1.07, 1.72,  3.25, 4.52, 5.4<\/td>\n<\/tr>\n<tr>\n<td>A\u011f\u0131rl\u0131k<\/td>\n<td>498 gr<\/td>\n<\/tr>\n<tr>\n<td>Y\u00fcks\u00fckler<\/td>\n<td>0.95, 1.3, 2.1,  3.9, 5.4, 6.4<\/td>\n<\/tr>\n<\/table>\n","protected":false},"excerpt":{"rendered":"<p><b>97 52 50 KNIPEX PreciForce\u00ae<\/b><br \/>Y\u00fcksek kilitleme, s\u0131kma mekanizmas\u0131 sayesinde;kolay s\u0131kma yap\u0131l\u0131labilir. S\u0131kma bask\u0131s\u0131 fabrika taraf\u0131ndan tam olarak ayarlanm\u0131\u015ft\u0131r (kalibrasyonlu). Yayl\u0131 ara aparat\u0131 sayesinde kullan\u0131c\u0131y\u0131 yormaz,optimum g\u00fc\u00e7 aktar\u0131m\u0131 sa\u011flan\u0131r. Rahat sap konumu, hafifli\u011fi, k\u0131sa yap\u0131s\u0131 ve ergonomik saplar\u0131 sayesinde ele yatk\u0131nd\u0131r <\/p>\n<li><b>Uygulama: <\/b>RG 58; 174; 188; 316 i\u00e7in Koax-BNC soket konekt\u00f6r\u00fc<\/li>\n<li><b>Yuva say\u0131s\u0131: <\/b>6<\/li>\n<li><b>Kapasite SW mm: <\/b>0,72 \/ 1,07 \/ 1,72 \/ 3,25 \/ 4,52 \/ 5,4 mm<\/li>\n<li><b>Y\u00fcks\u00fckler (\u00e7ap): <\/b>\u00d8 0,95 \/ 1,3 \/ 2,1 \/ 3,9 \/ 5,4 \/ 6,4 mm<\/li>\n","protected":false},"featured_media":10219,"comment_status":"open","ping_status":"closed","template":"","meta":{"_acf_changed":false},"product_brand":[1486],"product_cat":[852],"product_tag":[],"class_list":{"0":"post-10220","1":"product","2":"type-product","3":"status-publish","4":"has-post-thumbnail","6":"product_brand-knipex","7":"product_cat-kablo-yuksuk-ve-pabuc-sikmalar","9":"first","10":"instock","11":"taxable","12":"shipping-taxable","13":"purchasable","14":"product-type-simple","15":"add-to-wishlist-after_add_to_cart"},"acf":[],"_links":{"self":[{"href":"https:\/\/www.makitamarket.com.tr\/site\/wp-json\/wp\/v2\/product\/10220","targetHints":{"allow":["GET"]}}],"collection":[{"href":"https:\/\/www.makitamarket.com.tr\/site\/wp-json\/wp\/v2\/product"}],"about":[{"href":"https:\/\/www.makitamarket.com.tr\/site\/wp-json\/wp\/v2\/types\/product"}],"replies":[{"embeddable":true,"href":"https:\/\/www.makitamarket.com.tr\/site\/wp-json\/wp\/v2\/comments?post=10220"}],"wp:featuredmedia":[{"embeddable":true,"href":"https:\/\/www.makitamarket.com.tr\/site\/wp-json\/wp\/v2\/media\/10219"}],"wp:attachment":[{"href":"https:\/\/www.makitamarket.com.tr\/site\/wp-json\/wp\/v2\/media?parent=10220"}],"wp:term":[{"taxonomy":"product_brand","embeddable":true,"href":"https:\/\/www.makitamarket.com.tr\/site\/wp-json\/wp\/v2\/product_brand?post=10220"},{"taxonomy":"product_cat","embeddable":true,"href":"https:\/\/www.makitamarket.com.tr\/site\/wp-json\/wp\/v2\/product_cat?post=10220"},{"taxonomy":"product_tag","embeddable":true,"href":"https:\/\/www.makitamarket.com.tr\/site\/wp-json\/wp\/v2\/product_tag?post=10220"}],"curies":[{"name":"wp","href":"https:\/\/api.w.org\/{rel}","templated":true}]}}