{"id":10260,"date":"2024-11-27T20:00:30","date_gmt":"2024-11-27T17:00:30","guid":{"rendered":"https:\/\/www.makitamarket.com.tr\/site\/urun\/virax-p22-icin-pense-kafasi-v-16-mm\/"},"modified":"2026-03-30T07:43:28","modified_gmt":"2026-03-30T04:43:28","slug":"virax-p22-icin-pense-kafasi-v-16-mm","status":"publish","type":"product","link":"https:\/\/www.makitamarket.com.tr\/site\/urun\/virax-p22-icin-pense-kafasi-v-16-mm\/","title":{"rendered":"Virax 253063 P22+ \u0130\u00c7\u0130N PENSE KAFASI V 16 mm"},"content":{"rendered":"<table>\n<tr>\n<td>Profil<\/td>\n<td>V<\/td>\n<\/tr>\n<tr>\n<td>\u1d13<\/td>\n<td>16<\/td>\n<\/tr>\n<tr>\n<td>A\u011f\u0131rl\u0131k<\/td>\n<td>1.9<\/td>\n<\/tr>\n<\/table>\n","protected":false},"excerpt":{"rendered":"<p>Profil V \u1d13 16 A\u011f\u0131rl\u0131k 1.9<\/p>\n","protected":false},"featured_media":10259,"comment_status":"open","ping_status":"closed","template":"","meta":{"_acf_changed":false},"product_brand":[1495],"product_cat":[894],"product_tag":[],"class_list":{"0":"post-10260","1":"product","2":"type-product","3":"status-publish","4":"has-post-thumbnail","6":"product_brand-virax","7":"product_cat-pense-kafalari","9":"first","10":"instock","11":"taxable","12":"shipping-taxable","13":"purchasable","14":"product-type-simple","15":"add-to-wishlist-after_add_to_cart"},"acf":[],"_links":{"self":[{"href":"https:\/\/www.makitamarket.com.tr\/site\/wp-json\/wp\/v2\/product\/10260","targetHints":{"allow":["GET"]}}],"collection":[{"href":"https:\/\/www.makitamarket.com.tr\/site\/wp-json\/wp\/v2\/product"}],"about":[{"href":"https:\/\/www.makitamarket.com.tr\/site\/wp-json\/wp\/v2\/types\/product"}],"replies":[{"embeddable":true,"href":"https:\/\/www.makitamarket.com.tr\/site\/wp-json\/wp\/v2\/comments?post=10260"}],"wp:featuredmedia":[{"embeddable":true,"href":"https:\/\/www.makitamarket.com.tr\/site\/wp-json\/wp\/v2\/media\/10259"}],"wp:attachment":[{"href":"https:\/\/www.makitamarket.com.tr\/site\/wp-json\/wp\/v2\/media?parent=10260"}],"wp:term":[{"taxonomy":"product_brand","embeddable":true,"href":"https:\/\/www.makitamarket.com.tr\/site\/wp-json\/wp\/v2\/product_brand?post=10260"},{"taxonomy":"product_cat","embeddable":true,"href":"https:\/\/www.makitamarket.com.tr\/site\/wp-json\/wp\/v2\/product_cat?post=10260"},{"taxonomy":"product_tag","embeddable":true,"href":"https:\/\/www.makitamarket.com.tr\/site\/wp-json\/wp\/v2\/product_tag?post=10260"}],"curies":[{"name":"wp","href":"https:\/\/api.w.org\/{rel}","templated":true}]}}