{"id":10269,"date":"2024-11-27T20:00:39","date_gmt":"2024-11-27T17:00:39","guid":{"rendered":"https:\/\/www.makitamarket.com.tr\/site\/urun\/gison-havali-dik-polisaj\/"},"modified":"2026-04-06T13:11:30","modified_gmt":"2026-04-06T10:11:30","slug":"gison-havali-dik-polisaj","status":"publish","type":"product","link":"https:\/\/www.makitamarket.com.tr\/site\/urun\/gison-havali-dik-polisaj\/","title":{"rendered":"Gison GP821P HAVALI D\u0130K POL\u0130SAJ"},"content":{"rendered":"<div>\n\t<strong>Kullan\u0131m Alanlar\u0131<\/strong><\/div>\n<div>\n\tY\u00fczeylerin boya sonras\u0131 cilalanmas\u0131, parlat\u0131lmas\u0131 ve y\u00fcksek parlakl\u0131k gerektiren profesyonel i\u015fler i\u00e7in uygundur.\u00a0<\/div>\n<table>\n<tr>\n<td>Mil \u00d6l\u00e7\u00fcs\u00fc<\/td>\n<td>5\/8&#8243; &#8211; 11<\/td>\n<\/tr>\n<tr>\n<td>Ped \u00d6l\u00e7\u00fcs\u00fc<\/td>\n<td>\u00d8 180 mm.<\/td>\n<\/tr>\n<tr>\n<td>Bo\u015ftaki Devir H\u0131z\u0131<\/td>\n<td>2.000 rpm<\/td>\n<\/tr>\n<tr>\n<td>Net A\u011f\u0131rl\u0131k<\/td>\n<td>2.60 kg.<\/td>\n<\/tr>\n<tr>\n<td>Uzunluk<\/td>\n<td>190 mm.<\/td>\n<\/tr>\n<tr>\n<td>Hava T\u00fcketimi<\/td>\n<td>0.45 m\u00b3\/dak.<\/td>\n<\/tr>\n<tr>\n<td>Hava Giri\u015fi<\/td>\n<td>1\/4&#8243;<\/td>\n<\/tr>\n<tr>\n<td>Hortum \u00d6l\u00e7\u00fcs\u00fc <\/td>\n<td>6.5 mm.<\/td>\n<\/tr>\n<tr>\n<td>G\u00fcr\u00fclt\u00fc Seviyesi<\/td>\n<td>81 dBA<\/td>\n<\/tr>\n<tr>\n<td>Sars\u0131nt\u0131 Seviyesi<\/td>\n<td><2.5 m\/S\u00b2.<\/td>\n<\/tr>\n<tr>\n<td>Hava Bas\u0131nc\u0131<\/td>\n<td>90 psi (6.3 kg.\/cm\u00b2)<\/td>\n<\/tr>\n<tr>\n<td>Standart\u0131<\/td>\n<td>CE-Made in Taiwan<\/td>\n<\/tr>\n<\/table>\n","protected":false},"excerpt":{"rendered":"<div>\n\t<strong>Kullan\u0131m Alanlar\u0131<\/strong><\/div>\n<div>\n\tY\u00fczeylerin boya sonras\u0131 cilalanmas\u0131, parlat\u0131lmas\u0131 ve y\u00fcksek parlakl\u0131k gerektiren profesyonel i\u015fler i\u00e7in uygundur.\u00a0<\/div>\n","protected":false},"featured_media":10268,"comment_status":"open","ping_status":"closed","template":"","meta":{"_acf_changed":false},"product_brand":[1512],"product_cat":[1048],"product_tag":[],"class_list":{"0":"post-10269","1":"product","2":"type-product","3":"status-publish","4":"has-post-thumbnail","6":"product_brand-gison","7":"product_cat-havali-polisajlar","9":"first","10":"instock","11":"taxable","12":"shipping-taxable","13":"purchasable","14":"product-type-simple","15":"add-to-wishlist-after_add_to_cart"},"acf":[],"_links":{"self":[{"href":"https:\/\/www.makitamarket.com.tr\/site\/wp-json\/wp\/v2\/product\/10269","targetHints":{"allow":["GET"]}}],"collection":[{"href":"https:\/\/www.makitamarket.com.tr\/site\/wp-json\/wp\/v2\/product"}],"about":[{"href":"https:\/\/www.makitamarket.com.tr\/site\/wp-json\/wp\/v2\/types\/product"}],"replies":[{"embeddable":true,"href":"https:\/\/www.makitamarket.com.tr\/site\/wp-json\/wp\/v2\/comments?post=10269"}],"wp:featuredmedia":[{"embeddable":true,"href":"https:\/\/www.makitamarket.com.tr\/site\/wp-json\/wp\/v2\/media\/10268"}],"wp:attachment":[{"href":"https:\/\/www.makitamarket.com.tr\/site\/wp-json\/wp\/v2\/media?parent=10269"}],"wp:term":[{"taxonomy":"product_brand","embeddable":true,"href":"https:\/\/www.makitamarket.com.tr\/site\/wp-json\/wp\/v2\/product_brand?post=10269"},{"taxonomy":"product_cat","embeddable":true,"href":"https:\/\/www.makitamarket.com.tr\/site\/wp-json\/wp\/v2\/product_cat?post=10269"},{"taxonomy":"product_tag","embeddable":true,"href":"https:\/\/www.makitamarket.com.tr\/site\/wp-json\/wp\/v2\/product_tag?post=10269"}],"curies":[{"name":"wp","href":"https:\/\/api.w.org\/{rel}","templated":true}]}}