{"id":10274,"date":"2024-11-27T20:00:42","date_gmt":"2024-11-27T17:00:42","guid":{"rendered":"https:\/\/www.makitamarket.com.tr\/site\/urun\/knipex-kuplon-makasi-950-mm\/"},"modified":"2026-04-06T13:11:33","modified_gmt":"2026-04-06T10:11:33","slug":"knipex-kuplon-makasi-950-mm","status":"publish","type":"product","link":"https:\/\/www.makitamarket.com.tr\/site\/urun\/knipex-kuplon-makasi-950-mm\/","title":{"rendered":"Knipex 7182950 KUPLON MAKASI 950 mm"},"content":{"rendered":"<p><b>71 82 950 \u00c7elik Has\u0131r Kesme Makas\u0131<\/b><br \/>Kesme g\u00fcc\u00fc 48 HRC&#8217;ye kadar. Sa\u011flam kesicilere ek ind\u00fcksiyon sertle\u015ftirme uygulanm\u0131\u015ft\u0131r, kesici sertli\u011fi yakl. 62 HRC. Konforlu tampon yayl\u0131 d\u00f6vme demir dayanak. \u00c7ok yass\u0131 ba\u015fl\u0131k ve mafsal b\u00f6lgesi sayesinde eri\u015fim kolayl\u0131\u011f\u0131. Sa\u011flam yap\u0131l\u0131 ve kolay tutulan iki renkli, birden \u00e7ok bile\u015fenli sap k\u0131l\u0131flar\u0131. Eksantrik vidalarla hassas ayar (12 kademe) ve ince ayar. Kesici a\u00e7\u0131s\u0131, aktar\u0131m oran\u0131 ve ergonomik sap \u015feklinin optimum uyumu sayesinde az kuvvet harcanmas\u0131na ra\u011fmen y\u00fcksek kesme performans\u0131. De\u011fi\u015febilir d\u00f6v\u00fclm\u00fc\u015f b\u0131\u00e7a\u011f\u0131 ile. <\/p>\n<li><b>HRC 19: <\/b>\u00d8 11 mm<\/li>\n<li><b>HRC 40: <\/b>\u00d8 9 mm<\/li>\n<li><b>HRC 48: <\/b>\u00d8 6 mm<\/li>\n<li><b>B\u0131\u00e7ak boyu mm: <\/b>44 mm<\/li>\n<li><b>Kafa kal\u0131nl\u0131\u011f\u0131: <\/b>40 mm<\/li>\n<table>\n<tr>\n<td>Sertlik 19 HRC<\/td>\n<td>11mm<\/td>\n<\/tr>\n<tr>\n<td>Sertlik 40HRC<\/td>\n<td>9mm<\/td>\n<\/tr>\n<tr>\n<td>Sertlik 48HRC<\/td>\n<td>6mm<\/td>\n<\/tr>\n<tr>\n<td>Uzunluk<\/td>\n<td>950<\/td>\n<\/tr>\n<tr>\n<td>Kafa Geni\u015fli\u011fi<\/td>\n<td>111 mm<\/td>\n<\/tr>\n<tr>\n<td>Kafa Kal\u0131nl\u0131\u011f\u0131<\/td>\n<td>40 mm<\/td>\n<\/tr>\n<tr>\n<td>Kesici Kenar Uzunlu\u011fu<\/td>\n<td>44 mm<\/td>\n<\/tr>\n<tr>\n<td>A\u011f\u0131rl\u0131k<\/td>\n<td>4060 gr<\/td>\n<\/tr>\n<\/table>\n","protected":false},"excerpt":{"rendered":"<p><b>71 82 950 \u00c7elik Has\u0131r Kesme Makas\u0131<\/b><br \/>Kesme g\u00fcc\u00fc 48 HRC&#8217;ye kadar. Sa\u011flam kesicilere ek ind\u00fcksiyon sertle\u015ftirme uygulanm\u0131\u015ft\u0131r, kesici sertli\u011fi yakl. 62 HRC. Konforlu tampon yayl\u0131 d\u00f6vme demir dayanak. \u00c7ok yass\u0131 ba\u015fl\u0131k ve mafsal b\u00f6lgesi sayesinde eri\u015fim kolayl\u0131\u011f\u0131. Sa\u011flam yap\u0131l\u0131 ve kolay tutulan iki renkli, birden \u00e7ok bile\u015fenli sap k\u0131l\u0131flar\u0131. Eksantrik vidalarla hassas ayar (12 kademe) ve ince ayar. Kesici a\u00e7\u0131s\u0131, aktar\u0131m oran\u0131 ve ergonomik sap \u015feklinin optimum uyumu sayesinde az kuvvet harcanmas\u0131na ra\u011fmen y\u00fcksek kesme performans\u0131. De\u011fi\u015febilir d\u00f6v\u00fclm\u00fc\u015f b\u0131\u00e7a\u011f\u0131 ile. <\/p>\n<li><b>HRC 19: <\/b>\u00d8 11 mm<\/li>\n<li><b>HRC 40: <\/b>\u00d8 9 mm<\/li>\n<li><b>HRC 48: <\/b>\u00d8 6 mm<\/li>\n<li><b>B\u0131\u00e7ak boyu mm: <\/b>44 mm<\/li>\n<li><b>Kafa kal\u0131nl\u0131\u011f\u0131: <\/b>40 mm<\/li>\n","protected":false},"featured_media":10273,"comment_status":"open","ping_status":"closed","template":"","meta":{"_acf_changed":false},"product_brand":[1486],"product_cat":[1005],"product_tag":[],"class_list":{"0":"post-10274","1":"product","2":"type-product","3":"status-publish","4":"has-post-thumbnail","6":"product_brand-knipex","7":"product_cat-kuplon-makaslari","9":"first","10":"instock","11":"taxable","12":"shipping-taxable","13":"purchasable","14":"product-type-simple","15":"add-to-wishlist-after_add_to_cart"},"acf":[],"_links":{"self":[{"href":"https:\/\/www.makitamarket.com.tr\/site\/wp-json\/wp\/v2\/product\/10274","targetHints":{"allow":["GET"]}}],"collection":[{"href":"https:\/\/www.makitamarket.com.tr\/site\/wp-json\/wp\/v2\/product"}],"about":[{"href":"https:\/\/www.makitamarket.com.tr\/site\/wp-json\/wp\/v2\/types\/product"}],"replies":[{"embeddable":true,"href":"https:\/\/www.makitamarket.com.tr\/site\/wp-json\/wp\/v2\/comments?post=10274"}],"wp:featuredmedia":[{"embeddable":true,"href":"https:\/\/www.makitamarket.com.tr\/site\/wp-json\/wp\/v2\/media\/10273"}],"wp:attachment":[{"href":"https:\/\/www.makitamarket.com.tr\/site\/wp-json\/wp\/v2\/media?parent=10274"}],"wp:term":[{"taxonomy":"product_brand","embeddable":true,"href":"https:\/\/www.makitamarket.com.tr\/site\/wp-json\/wp\/v2\/product_brand?post=10274"},{"taxonomy":"product_cat","embeddable":true,"href":"https:\/\/www.makitamarket.com.tr\/site\/wp-json\/wp\/v2\/product_cat?post=10274"},{"taxonomy":"product_tag","embeddable":true,"href":"https:\/\/www.makitamarket.com.tr\/site\/wp-json\/wp\/v2\/product_tag?post=10274"}],"curies":[{"name":"wp","href":"https:\/\/api.w.org\/{rel}","templated":true}]}}