{"id":10278,"date":"2024-11-27T20:00:45","date_gmt":"2024-11-27T17:00:45","guid":{"rendered":"https:\/\/www.makitamarket.com.tr\/site\/urun\/proxxon-seramik-cam-ve-fiberglas-kesme-testeresi\/"},"modified":"2026-04-06T13:11:36","modified_gmt":"2026-04-06T10:11:36","slug":"proxxon-seramik-cam-ve-fiberglas-kesme-testeresi","status":"publish","type":"product","link":"https:\/\/www.makitamarket.com.tr\/site\/urun\/proxxon-seramik-cam-ve-fiberglas-kesme-testeresi\/","title":{"rendered":"Proxxon 28186 SERAM\u0130K, CAM VE F\u0130BERGLAS KESME TESTERES\u0130"},"content":{"rendered":"<p>\n\t27172 MBS 240\/E i\u00e7in 1,065x3x0,3 mm Seramik, cam ve fiberglas kesme testeresi.<\/p>\n<table>\n<tr>\n<td>Testere \u00d6l\u00e7\u00fcs\u00fc<\/td>\n<td>1,065 x 3.0 x 0.3mm<\/td>\n<\/tr>\n<tr>\n<td>Uygunluk<\/td>\n<td>27172 MBS 240\/E i\u00e7in<\/td>\n<\/tr>\n<\/table>\n","protected":false},"excerpt":{"rendered":"<p>\n\t27172 MBS 240\/E i\u00e7in 1,065x3x0,3 mm Seramik, cam ve fiberglas kesme testeresi.<\/p>\n","protected":false},"featured_media":10277,"comment_status":"open","ping_status":"closed","template":"","meta":{"_acf_changed":false},"product_brand":[1501],"product_cat":[926],"product_tag":[],"class_list":{"0":"post-10278","1":"product","2":"type-product","3":"status-publish","4":"has-post-thumbnail","6":"product_brand-proxxon","7":"product_cat-aksesuarlar-mikro-aletleri","9":"first","10":"instock","11":"taxable","12":"shipping-taxable","13":"purchasable","14":"product-type-simple","15":"add-to-wishlist-after_add_to_cart"},"acf":[],"_links":{"self":[{"href":"https:\/\/www.makitamarket.com.tr\/site\/wp-json\/wp\/v2\/product\/10278","targetHints":{"allow":["GET"]}}],"collection":[{"href":"https:\/\/www.makitamarket.com.tr\/site\/wp-json\/wp\/v2\/product"}],"about":[{"href":"https:\/\/www.makitamarket.com.tr\/site\/wp-json\/wp\/v2\/types\/product"}],"replies":[{"embeddable":true,"href":"https:\/\/www.makitamarket.com.tr\/site\/wp-json\/wp\/v2\/comments?post=10278"}],"wp:featuredmedia":[{"embeddable":true,"href":"https:\/\/www.makitamarket.com.tr\/site\/wp-json\/wp\/v2\/media\/10277"}],"wp:attachment":[{"href":"https:\/\/www.makitamarket.com.tr\/site\/wp-json\/wp\/v2\/media?parent=10278"}],"wp:term":[{"taxonomy":"product_brand","embeddable":true,"href":"https:\/\/www.makitamarket.com.tr\/site\/wp-json\/wp\/v2\/product_brand?post=10278"},{"taxonomy":"product_cat","embeddable":true,"href":"https:\/\/www.makitamarket.com.tr\/site\/wp-json\/wp\/v2\/product_cat?post=10278"},{"taxonomy":"product_tag","embeddable":true,"href":"https:\/\/www.makitamarket.com.tr\/site\/wp-json\/wp\/v2\/product_tag?post=10278"}],"curies":[{"name":"wp","href":"https:\/\/api.w.org\/{rel}","templated":true}]}}