{"id":10290,"date":"2024-11-27T20:00:52","date_gmt":"2024-11-27T17:00:52","guid":{"rendered":"https:\/\/www.makitamarket.com.tr\/site\/urun\/makita-elektrikli-cim-bicme-makinasi-1200w\/"},"modified":"2026-04-06T13:12:16","modified_gmt":"2026-04-06T10:12:16","slug":"makita-elektrikli-cim-bicme-makinasi-1200w","status":"publish","type":"product","link":"https:\/\/www.makitamarket.com.tr\/site\/urun\/makita-elektrikli-cim-bicme-makinasi-1200w\/","title":{"rendered":"Makita ELM3320 ELEKTR\u0130KL\u0130 \u00c7\u0130M B\u0130\u00c7ME MAK\u0130NASI 1200W"},"content":{"rendered":"<p>Model ELM3320<\/p>\n<p>Elektrikli \u00c7im Bi\u00e7me Makinas\u0131<\/p>\n<p>1.200 W \u2022 33cm \u2022 30L<\/p>\n<p><strong style=\"color: rgb(0, 112, 192);\">Y\u00fcksek Performansl\u0131 Elektrikli \u00c7im Bi\u00e7me Makinesi<\/strong><\/p>\n<p>\u00c7im bi\u00e7me i\u015flemleri i\u00e7in tasarlanm\u0131\u015f, g\u00fc\u00e7l\u00fc ve verimli bir elektrikli \u00e7im bi\u00e7me makinesi modelidir. <strong>1.200 W motor g\u00fcc\u00fc<\/strong> ve <strong>33 cm kesme geni\u015fli\u011fi<\/strong> ile bah\u00e7e ve peyzaj i\u015fleri i\u00e7in ideal bir tercihtir.30 L plastik \u00e7im haznesine sahiptir. Ergonomik tasar\u0131m\u0131, hafif yap\u0131s\u0131 ve rahat tutu\u015fu sayesinde uzun s\u00fcreli kullan\u0131mlarda konfor sa\u011flar. \u00c7im bi\u00e7me, peyzaj d\u00fczenleme ve k\u00fc\u00e7\u00fck bah\u00e7eler i\u00e7in m\u00fckemmel bir se\u00e7imdir.<\/p>\n<p><span style=\"color: red;\">Kullan\u0131m amac\u0131: <\/span>\u00c7im bi\u00e7me i\u015flemleri i\u00e7in tasarlanm\u0131\u015ft\u0131r. Makineyi ba\u015fka ama\u00e7lar i\u00e7in kullanmay\u0131n. Belirtilen kullan\u0131m amac\u0131 d\u0131\u015f\u0131nda kullan\u0131m\u0131 tehlikeli durumlara yol a\u00e7abilir.<\/p>\n<p><u>\u00d6zellikleri:<\/u><\/p>\n<p><span style=\"color: red;\">G\u00fc\u00e7 Kayna\u011f\u0131: <\/span>Alet, isim levhas\u0131nda belirtilenle ayn\u0131 voltaja sahip bir g\u00fc\u00e7 kayna\u011f\u0131na ba\u011flanmal\u0131d\u0131r ve sadece tek fazla AC hatlar\u0131nda kullan\u0131labilir. Kullan\u0131c\u0131ya elektrik \u00e7arpmas\u0131n\u0131 \u00f6nlemek i\u00e7in bu alet topraklanmal\u0131d\u0131r. Sadece \u00fc\u00e7 u\u00e7lu toprakl\u0131 prizleri olan ve aletin fi\u015fiyle uyumlu \u00fc\u00e7 kutuplu al\u0131c\u0131lar\u0131 olan \u00fc\u00e7 kablolu uzatma kablolar\u0131 kullan\u0131n.<\/p>\n<ol>\n<li data-list=\"bullet\"><span class=\"ql-ui\" contenteditable=\"false\"><\/span>\u00c7ift yal\u0131t\u0131ml\u0131d\u0131r.<\/li>\n<\/ol>\n<p><span style=\"background-color: white; color: black;\">Ambalaj i\u00e7eri\u011fi: Tekerlekler, \u00e7im haznesi <\/span><\/p>\n<table>\n<tr>\n<td>\u015ease<\/td>\n<td>ABS<\/td>\n<\/tr>\n<tr>\n<td>Motor<\/td>\n<td>1200 Watt<\/td>\n<\/tr>\n<tr>\n<td>Kesme Geni\u015fli\u011fi<\/td>\n<td>33cm<\/td>\n<\/tr>\n<tr>\n<td>Y\u00fckseklik Ayar\u0131<\/td>\n<td>3 Kademe 20\/40\/55 mm<\/td>\n<\/tr>\n<tr>\n<td>\u00c7im Haznesi<\/td>\n<td>30 Lt plastik<\/td>\n<\/tr>\n<tr>\n<td>Kullan\u0131labilir Alan<\/td>\n<td>500m2<\/td>\n<\/tr>\n<tr>\n<td>A\u011f\u0131rl\u0131k<\/td>\n<td>10.2 kg<\/td>\n<\/tr>\n<tr>\n<td>\u00d6l\u00e7\u00fcler<\/td>\n<td>1230x380x870mm<\/td>\n<\/tr>\n<\/table>\n","protected":false},"excerpt":{"rendered":"<p>Model ELM3320<\/p>\n<p>Elektrikli \u00c7im Bi\u00e7me Makinas\u0131<\/p>\n<p>1.200 W \u2022 33cm \u2022 30L<\/p>\n<p><strong style=\"color: rgb(0, 112, 192);\">Y\u00fcksek Performansl\u0131 Elektrikli \u00c7im Bi\u00e7me Makinesi<\/strong><\/p>\n<p>\u00c7im bi\u00e7me i\u015flemleri i\u00e7in tasarlanm\u0131\u015f, g\u00fc\u00e7l\u00fc ve verimli bir elektrikli \u00e7im bi\u00e7me makinesi modelidir. <strong>1.200 W motor g\u00fcc\u00fc<\/strong> ve <strong>33 cm kesme geni\u015fli\u011fi<\/strong> ile bah\u00e7e ve peyzaj i\u015fleri i\u00e7in ideal bir tercihtir.30 L plastik \u00e7im haznesine sahiptir. Ergonomik tasar\u0131m\u0131, hafif yap\u0131s\u0131 ve rahat tutu\u015fu sayesinde uzun s\u00fcreli kullan\u0131mlarda konfor sa\u011flar. \u00c7im bi\u00e7me, peyzaj d\u00fczenleme ve k\u00fc\u00e7\u00fck bah\u00e7eler i\u00e7in m\u00fckemmel bir se\u00e7imdir.<\/p>\n<p><span style=\"color: red;\">Kullan\u0131m amac\u0131: <\/span>\u00c7im bi\u00e7me i\u015flemleri i\u00e7in tasarlanm\u0131\u015ft\u0131r. Makineyi ba\u015fka ama\u00e7lar i\u00e7in kullanmay\u0131n. Belirtilen kullan\u0131m amac\u0131 d\u0131\u015f\u0131nda kullan\u0131m\u0131 tehlikeli durumlara yol a\u00e7abilir.<\/p>\n<p><u>\u00d6zellikleri:<\/u><\/p>\n<p><span style=\"color: red;\">G\u00fc\u00e7 Kayna\u011f\u0131: <\/span>Alet, isim levhas\u0131nda belirtilenle ayn\u0131 voltaja sahip bir g\u00fc\u00e7 kayna\u011f\u0131na ba\u011flanmal\u0131d\u0131r ve sadece tek fazla AC hatlar\u0131nda kullan\u0131labilir. Kullan\u0131c\u0131ya elektrik \u00e7arpmas\u0131n\u0131 \u00f6nlemek i\u00e7in bu alet topraklanmal\u0131d\u0131r. Sadece \u00fc\u00e7 u\u00e7lu toprakl\u0131 prizleri olan ve aletin fi\u015fiyle uyumlu \u00fc\u00e7 kutuplu al\u0131c\u0131lar\u0131 olan \u00fc\u00e7 kablolu uzatma kablolar\u0131 kullan\u0131n.<\/p>\n<ol>\n<li data-list=\"bullet\"><span class=\"ql-ui\" contenteditable=\"false\"><\/span>\u00c7ift yal\u0131t\u0131ml\u0131d\u0131r.<\/li>\n<\/ol>\n<p><span style=\"background-color: white; color: black;\">Ambalaj i\u00e7eri\u011fi: Tekerlekler, \u00e7im haznesi <\/span><\/p>\n","protected":false},"featured_media":10289,"comment_status":"open","ping_status":"closed","template":"","meta":{"_acf_changed":false},"product_brand":[1485],"product_cat":[911],"product_tag":[],"class_list":{"0":"post-10290","1":"product","2":"type-product","3":"status-publish","4":"has-post-thumbnail","6":"product_brand-makita","7":"product_cat-elektrikli","9":"first","10":"instock","11":"taxable","12":"shipping-taxable","13":"purchasable","14":"product-type-simple","15":"add-to-wishlist-after_add_to_cart"},"acf":[],"_links":{"self":[{"href":"https:\/\/www.makitamarket.com.tr\/site\/wp-json\/wp\/v2\/product\/10290","targetHints":{"allow":["GET"]}}],"collection":[{"href":"https:\/\/www.makitamarket.com.tr\/site\/wp-json\/wp\/v2\/product"}],"about":[{"href":"https:\/\/www.makitamarket.com.tr\/site\/wp-json\/wp\/v2\/types\/product"}],"replies":[{"embeddable":true,"href":"https:\/\/www.makitamarket.com.tr\/site\/wp-json\/wp\/v2\/comments?post=10290"}],"wp:featuredmedia":[{"embeddable":true,"href":"https:\/\/www.makitamarket.com.tr\/site\/wp-json\/wp\/v2\/media\/10289"}],"wp:attachment":[{"href":"https:\/\/www.makitamarket.com.tr\/site\/wp-json\/wp\/v2\/media?parent=10290"}],"wp:term":[{"taxonomy":"product_brand","embeddable":true,"href":"https:\/\/www.makitamarket.com.tr\/site\/wp-json\/wp\/v2\/product_brand?post=10290"},{"taxonomy":"product_cat","embeddable":true,"href":"https:\/\/www.makitamarket.com.tr\/site\/wp-json\/wp\/v2\/product_cat?post=10290"},{"taxonomy":"product_tag","embeddable":true,"href":"https:\/\/www.makitamarket.com.tr\/site\/wp-json\/wp\/v2\/product_tag?post=10290"}],"curies":[{"name":"wp","href":"https:\/\/api.w.org\/{rel}","templated":true}]}}