{"id":10296,"date":"2024-11-27T20:00:54","date_gmt":"2024-11-27T17:00:54","guid":{"rendered":"https:\/\/www.makitamarket.com.tr\/site\/urun\/makita-elektrikli-tirpan-1000w\/"},"modified":"2026-04-06T13:12:16","modified_gmt":"2026-04-06T10:12:16","slug":"makita-elektrikli-tirpan-1000w","status":"publish","type":"product","link":"https:\/\/www.makitamarket.com.tr\/site\/urun\/makita-elektrikli-tirpan-1000w\/","title":{"rendered":"Makita UR3502 ELEKTR\u0130KL\u0130 TIRPAN 1000W"},"content":{"rendered":"<p>Model UR3502<\/p>\n<p>Elektrikli T\u0131rpan<\/p>\n<p>\u2022 1.000 W \u2022350 mm \u2022 6.500 dak\u207b\u00b9<\/p>\n<p><strong style=\"color: rgb(0, 112, 192);\">Y\u00fcksek Performansl\u0131 Elektrikli T\u0131rpan<\/strong><\/p>\n<p>\u00c7im kenarlar\u0131n\u0131 kesme ve d\u00fczeltme i\u015flemleri i\u00e7in tasarlanm\u0131\u015f g\u00fc\u00e7l\u00fc ve dayan\u0131kl\u0131 bir elektrikli \u00e7im kesme makinesi modelidir. <strong>1000 W motor g\u00fcc\u00fc<\/strong> ve <strong>350 mm kesim geni\u015fli\u011fi<\/strong> ile orta b\u00fcy\u00fckl\u00fckteki bah\u00e7elerde y\u00fcksek performans sunar. Dakikada 6.500 bo\u015fta devire sahiptir<strong>. Ergonomik tasar\u0131m\u0131<\/strong>, <strong>hafif yap\u0131s\u0131<\/strong> ve <strong>ayarlanabilir teleskopik sap\u0131<\/strong>, uzun s\u00fcreli kullan\u0131mlarda konfor sa\u011flar. Bah\u00e7e bak\u0131m\u0131nda, \u00f6zellikle \u00e7im kenar d\u00fczenleme ve k\u00fc\u00e7\u00fck alanlarda hassas kesim i\u00e7in ideal bir tercihtir.<\/p>\n<p><span style=\"color: red;\">Kullan\u0131m amac\u0131: <\/span>\u00c7im kenarlar\u0131n\u0131 d\u00fczeltmek ve hafif otlar\u0131 bi\u00e7mek i\u00e7in tasarlanm\u0131\u015f bir elektrikli ot t\u0131rpan\u0131d\u0131r.<\/p>\n<p><u>\u00d6zellikleri:<\/u><\/p>\n<ol>\n<li data-list=\"bullet\"><span class=\"ql-ui\" contenteditable=\"false\"><\/span>\u00c7ift yal\u0131t\u0131ml\u0131d\u0131r.<\/li>\n<\/ol>\n<p><span style=\"color: black; background-color: white;\">Ambalaj i\u00e7eri\u011fi: Misina ba\u015fl\u0131\u011f\u0131<\/span><\/p>\n<table>\n<tr>\n<td>S\u00fcrekli Ak\u0131m Giri\u015fi<\/td>\n<td>1.000W<\/td>\n<\/tr>\n<tr>\n<td>Kesim Geni\u015fli\u011fi<\/td>\n<td>350 mm<\/td>\n<\/tr>\n<tr>\n<td>Bo\u015fta Devir<\/td>\n<td>6500 devir\/dk<\/td>\n<\/tr>\n<tr>\n<td>\u00d6l\u00e7\u00fcler (LxWxH)<\/td>\n<td>1630x380x300mm<\/td>\n<\/tr>\n<tr>\n<td>Kablo Uzunlu\u011fu<\/td>\n<td>0.35m<\/td>\n<\/tr>\n<tr>\n<td>Net A\u011f\u0131rl\u0131k<\/td>\n<td>4.9Kg<\/td>\n<\/tr>\n<\/table>\n","protected":false},"excerpt":{"rendered":"<p>Model UR3502<\/p>\n<p>Elektrikli T\u0131rpan<\/p>\n<p>\u2022 1.000 W \u2022350 mm \u2022 6.500 dak\u207b\u00b9<\/p>\n<p><strong style=\"color: rgb(0, 112, 192);\">Y\u00fcksek Performansl\u0131 Elektrikli T\u0131rpan<\/strong><\/p>\n<p>\u00c7im kenarlar\u0131n\u0131 kesme ve d\u00fczeltme i\u015flemleri i\u00e7in tasarlanm\u0131\u015f g\u00fc\u00e7l\u00fc ve dayan\u0131kl\u0131 bir elektrikli \u00e7im kesme makinesi modelidir. <strong>1000 W motor g\u00fcc\u00fc<\/strong> ve <strong>350 mm kesim geni\u015fli\u011fi<\/strong> ile orta b\u00fcy\u00fckl\u00fckteki bah\u00e7elerde y\u00fcksek performans sunar. Dakikada 6.500 bo\u015fta devire sahiptir<strong>. Ergonomik tasar\u0131m\u0131<\/strong>, <strong>hafif yap\u0131s\u0131<\/strong> ve <strong>ayarlanabilir teleskopik sap\u0131<\/strong>, uzun s\u00fcreli kullan\u0131mlarda konfor sa\u011flar. Bah\u00e7e bak\u0131m\u0131nda, \u00f6zellikle \u00e7im kenar d\u00fczenleme ve k\u00fc\u00e7\u00fck alanlarda hassas kesim i\u00e7in ideal bir tercihtir.<\/p>\n<p><span style=\"color: red;\">Kullan\u0131m amac\u0131: <\/span>\u00c7im kenarlar\u0131n\u0131 d\u00fczeltmek ve hafif otlar\u0131 bi\u00e7mek i\u00e7in tasarlanm\u0131\u015f bir elektrikli ot t\u0131rpan\u0131d\u0131r.<\/p>\n<p><u>\u00d6zellikleri:<\/u><\/p>\n<ol>\n<li data-list=\"bullet\"><span class=\"ql-ui\" contenteditable=\"false\"><\/span>\u00c7ift yal\u0131t\u0131ml\u0131d\u0131r.<\/li>\n<\/ol>\n<p><span style=\"color: black; background-color: white;\">Ambalaj i\u00e7eri\u011fi: Misina ba\u015fl\u0131\u011f\u0131<\/span><\/p>\n","protected":false},"featured_media":10295,"comment_status":"open","ping_status":"closed","template":"","meta":{"_acf_changed":false},"product_brand":[1485],"product_cat":[1049],"product_tag":[],"class_list":{"0":"post-10296","1":"product","2":"type-product","3":"status-publish","4":"has-post-thumbnail","6":"product_brand-makita","7":"product_cat-elektrikli-motorlu-tirpanlar","9":"first","10":"instock","11":"taxable","12":"shipping-taxable","13":"purchasable","14":"product-type-simple","15":"add-to-wishlist-after_add_to_cart"},"acf":[],"_links":{"self":[{"href":"https:\/\/www.makitamarket.com.tr\/site\/wp-json\/wp\/v2\/product\/10296","targetHints":{"allow":["GET"]}}],"collection":[{"href":"https:\/\/www.makitamarket.com.tr\/site\/wp-json\/wp\/v2\/product"}],"about":[{"href":"https:\/\/www.makitamarket.com.tr\/site\/wp-json\/wp\/v2\/types\/product"}],"replies":[{"embeddable":true,"href":"https:\/\/www.makitamarket.com.tr\/site\/wp-json\/wp\/v2\/comments?post=10296"}],"wp:featuredmedia":[{"embeddable":true,"href":"https:\/\/www.makitamarket.com.tr\/site\/wp-json\/wp\/v2\/media\/10295"}],"wp:attachment":[{"href":"https:\/\/www.makitamarket.com.tr\/site\/wp-json\/wp\/v2\/media?parent=10296"}],"wp:term":[{"taxonomy":"product_brand","embeddable":true,"href":"https:\/\/www.makitamarket.com.tr\/site\/wp-json\/wp\/v2\/product_brand?post=10296"},{"taxonomy":"product_cat","embeddable":true,"href":"https:\/\/www.makitamarket.com.tr\/site\/wp-json\/wp\/v2\/product_cat?post=10296"},{"taxonomy":"product_tag","embeddable":true,"href":"https:\/\/www.makitamarket.com.tr\/site\/wp-json\/wp\/v2\/product_tag?post=10296"}],"curies":[{"name":"wp","href":"https:\/\/api.w.org\/{rel}","templated":true}]}}