{"id":10297,"date":"2024-11-27T20:00:54","date_gmt":"2024-11-27T17:00:54","guid":{"rendered":"https:\/\/www.makitamarket.com.tr\/site\/urun\/optimum-hm-20mm-torna-kater-seti\/"},"modified":"2025-11-16T05:31:00","modified_gmt":"2025-11-16T02:31:00","slug":"optimum-hm-20mm-torna-kater-seti","status":"publish","type":"product","link":"https:\/\/www.makitamarket.com.tr\/site\/urun\/optimum-hm-20mm-torna-kater-seti\/","title":{"rendered":"Optimum 3441617 HM 20MM TORNA KATER SET\u0130"},"content":{"rendered":"<div>\n\t\u2022 7 par\u00e7a<\/div>\n<div>\n\t\u2022 De\u011fi\u015ftirilebilir sert elmas u\u00e7lu<\/div>\n<div>\n\t\u2022 Ah\u015fap kutulu<\/div>\n<div>\n<table border=\"0\" cellpadding=\"1\" cellspacing=\"0\" style=\"width: 350px;\">\n<tbody>\n<tr>\n<td>\n\t\t\t\t\t<strong>KATER NO<\/strong><\/td>\n<td>\n\t\t\t\t\t<strong>YEDEK ELMAS U\u00c7LAR<\/strong><\/td>\n<td>\n\t\t\t\t\t<strong>\u00dcR\u00dcN KODU<\/strong><\/td>\n<\/tr>\n<tr>\n<td>\n\t\t\t\t\t45<\/td>\n<td>\n\t\t\t\t\t16ERAG60<\/td>\n<td>\n\t\t\t\t\t3441703<\/td>\n<\/tr>\n<tr>\n<td>\n\t\t\t\t\t46\/47<\/td>\n<td>\n\t\t\t\t\tRNMM1003M0<\/td>\n<td>\n\t\t\t\t\t3441702<\/td>\n<\/tr>\n<tr>\n<td>\n\t\t\t\t\t48\/49<\/td>\n<td>\n\t\t\t\t\tVNMG16408<\/td>\n<td>\n\t\t\t\t\t3441701<\/td>\n<\/tr>\n<\/tbody>\n<\/table>\n<\/div>\n<table><\/table>\n","protected":false},"excerpt":{"rendered":"<div>\n\t\u2022 7 par\u00e7a<\/div>\n<div>\n\t\u2022 De\u011fi\u015ftirilebilir sert elmas u\u00e7lu<\/div>\n<div>\n\t\u2022 Ah\u015fap kutulu<\/div>\n<div>\n<table border=\"0\" cellpadding=\"1\" cellspacing=\"0\" style=\"width: 350px;\">\n<tbody>\n<tr>\n<td>\n\t\t\t\t\t<strong>KATER NO<\/strong><\/td>\n<td>\n\t\t\t\t\t<strong>YEDEK ELMAS U\u00c7LAR<\/strong><\/td>\n<td>\n\t\t\t\t\t<strong>\u00dcR\u00dcN KODU<\/strong><\/td>\n<\/tr>\n<tr>\n<td>\n\t\t\t\t\t45<\/td>\n<td>\n\t\t\t\t\t16ERAG60<\/td>\n<td>\n\t\t\t\t\t3441703<\/td>\n<\/tr>\n<tr>\n<td>\n\t\t\t\t\t46\/47<\/td>\n<td>\n\t\t\t\t\tRNMM1003M0<\/td>\n<td>\n\t\t\t\t\t3441702<\/td>\n<\/tr>\n<tr>\n<td>\n\t\t\t\t\t48\/49<\/td>\n<td>\n\t\t\t\t\tVNMG16408<\/td>\n<td>\n\t\t\t\t\t3441701<\/td>\n<\/tr>\n<\/tbody>\n<\/table>\n<\/div>\n","protected":false},"featured_media":0,"comment_status":"open","ping_status":"closed","template":"","meta":{"_acf_changed":false},"product_brand":[1511],"product_cat":[824],"product_tag":[],"class_list":{"0":"post-10297","1":"product","2":"type-product","3":"status-publish","5":"product_brand-optimum","6":"product_cat-aksesuarlar-metal-isleme-makinalari-2","8":"first","9":"outofstock","10":"taxable","11":"shipping-taxable","12":"purchasable","13":"product-type-simple","14":"add-to-wishlist-after_add_to_cart"},"acf":[],"_links":{"self":[{"href":"https:\/\/www.makitamarket.com.tr\/site\/wp-json\/wp\/v2\/product\/10297","targetHints":{"allow":["GET"]}}],"collection":[{"href":"https:\/\/www.makitamarket.com.tr\/site\/wp-json\/wp\/v2\/product"}],"about":[{"href":"https:\/\/www.makitamarket.com.tr\/site\/wp-json\/wp\/v2\/types\/product"}],"replies":[{"embeddable":true,"href":"https:\/\/www.makitamarket.com.tr\/site\/wp-json\/wp\/v2\/comments?post=10297"}],"wp:attachment":[{"href":"https:\/\/www.makitamarket.com.tr\/site\/wp-json\/wp\/v2\/media?parent=10297"}],"wp:term":[{"taxonomy":"product_brand","embeddable":true,"href":"https:\/\/www.makitamarket.com.tr\/site\/wp-json\/wp\/v2\/product_brand?post=10297"},{"taxonomy":"product_cat","embeddable":true,"href":"https:\/\/www.makitamarket.com.tr\/site\/wp-json\/wp\/v2\/product_cat?post=10297"},{"taxonomy":"product_tag","embeddable":true,"href":"https:\/\/www.makitamarket.com.tr\/site\/wp-json\/wp\/v2\/product_tag?post=10297"}],"curies":[{"name":"wp","href":"https:\/\/api.w.org\/{rel}","templated":true}]}}