{"id":10307,"date":"2024-11-27T20:01:06","date_gmt":"2024-11-27T17:01:06","guid":{"rendered":"https:\/\/www.makitamarket.com.tr\/site\/urun\/makita-cok-amacli-alet-15-000-22-000-d-dk\/"},"modified":"2026-04-06T13:12:19","modified_gmt":"2026-04-06T10:12:19","slug":"makita-cok-amacli-alet-15-000-22-000-d-dk","status":"publish","type":"product","link":"https:\/\/www.makitamarket.com.tr\/site\/urun\/makita-cok-amacli-alet-15-000-22-000-d-dk\/","title":{"rendered":"Makita M9800BKX4 \u00c7OK AMA\u00c7LI ALET 15.000 &#8211; 22.000 d\/dk"},"content":{"rendered":"<table>\n<tr>\n<td>S\u00fcrekli Ak\u0131m Giri\u015fi<\/td>\n<td>200W<\/td>\n<\/tr>\n<tr>\n<td>Titre\u015fim Say\u0131s\u0131<\/td>\n<td>15.000 &#8211; 22.000 d\/dk<\/td>\n<\/tr>\n<tr>\n<td>Net A\u011f\u0131rl\u0131k<\/td>\n<td>1.3kg<\/td>\n<\/tr>\n<tr>\n<td>Ambalaj \u0130\u00e7eri\u011fi<\/td>\n<td>Toz \u00e7\u0131k\u0131\u015f ba\u011flant\u0131s\u0131, Plastik \u00e7anta, Z\u0131mpara taban\u0131 94, Kesim b\u0131\u00e7a\u011f\u0131 32, Segman testere b\u0131\u00e7a\u011f\u0131 70, A\u015f\u0131nd\u0131r\u0131c\u0131 ka\u011f\u0131t delta k\u0131rm\u0131z\u0131 (60,80,120)<\/td>\n<\/tr>\n<\/table>\n","protected":false},"excerpt":{"rendered":"<p>S\u00fcrekli Ak\u0131m Giri\u015fi 200W Titre\u015fim Say\u0131s\u0131 15.000 &#8211; 22.000 d\/dk Net A\u011f\u0131rl\u0131k 1.3kg Ambalaj \u0130\u00e7eri\u011fi Toz \u00e7\u0131k\u0131\u015f ba\u011flant\u0131s\u0131, Plastik \u00e7anta, Z\u0131mpara taban\u0131 94, Kesim b\u0131\u00e7a\u011f\u0131 32, Segman testere b\u0131\u00e7a\u011f\u0131 70,<\/p>\n","protected":false},"featured_media":10306,"comment_status":"open","ping_status":"closed","template":"","meta":{"_acf_changed":false},"product_brand":[1485],"product_cat":[1565],"product_tag":[],"class_list":{"0":"post-10307","1":"product","2":"type-product","3":"status-publish","4":"has-post-thumbnail","6":"product_brand-makita","7":"product_cat-yok-yok","9":"first","10":"outofstock","11":"taxable","12":"shipping-taxable","13":"purchasable","14":"product-type-simple","15":"add-to-wishlist-after_add_to_cart"},"acf":[],"_links":{"self":[{"href":"https:\/\/www.makitamarket.com.tr\/site\/wp-json\/wp\/v2\/product\/10307","targetHints":{"allow":["GET"]}}],"collection":[{"href":"https:\/\/www.makitamarket.com.tr\/site\/wp-json\/wp\/v2\/product"}],"about":[{"href":"https:\/\/www.makitamarket.com.tr\/site\/wp-json\/wp\/v2\/types\/product"}],"replies":[{"embeddable":true,"href":"https:\/\/www.makitamarket.com.tr\/site\/wp-json\/wp\/v2\/comments?post=10307"}],"wp:featuredmedia":[{"embeddable":true,"href":"https:\/\/www.makitamarket.com.tr\/site\/wp-json\/wp\/v2\/media\/10306"}],"wp:attachment":[{"href":"https:\/\/www.makitamarket.com.tr\/site\/wp-json\/wp\/v2\/media?parent=10307"}],"wp:term":[{"taxonomy":"product_brand","embeddable":true,"href":"https:\/\/www.makitamarket.com.tr\/site\/wp-json\/wp\/v2\/product_brand?post=10307"},{"taxonomy":"product_cat","embeddable":true,"href":"https:\/\/www.makitamarket.com.tr\/site\/wp-json\/wp\/v2\/product_cat?post=10307"},{"taxonomy":"product_tag","embeddable":true,"href":"https:\/\/www.makitamarket.com.tr\/site\/wp-json\/wp\/v2\/product_tag?post=10307"}],"curies":[{"name":"wp","href":"https:\/\/api.w.org\/{rel}","templated":true}]}}