{"id":10309,"date":"2024-11-27T20:01:07","date_gmt":"2024-11-27T17:01:07","guid":{"rendered":"https:\/\/www.makitamarket.com.tr\/site\/urun\/edn-ne-aluminyum-kesme-testere-450x4-0x32mm-132-dis\/"},"modified":"2026-04-13T19:37:38","modified_gmt":"2026-04-13T16:37:38","slug":"edn-ne-aluminyum-kesme-testere-450x4-0x32mm-132-dis","status":"publish","type":"product","link":"https:\/\/www.makitamarket.com.tr\/site\/urun\/edn-ne-aluminyum-kesme-testere-450x4-0x32mm-132-dis\/","title":{"rendered":"Edn NE 450 NE AL\u00dcM\u0130NYUM KESME TESTERE 450&#215;4.0x32mm 132 D\u0130\u015e"},"content":{"rendered":"<div>\n\t\u2022 Ses, geni\u015fletilmi\u015f yar\u0131klarla azalt\u0131lm\u0131\u015ft\u0131r \u2022 ince al\u0131\u015f\u0131ml\u0131 pencere ve kap\u0131 profilleri, al\u00fcminyumdan sert malzeme ve benzer al\u0131\u015f\u0131ml\u0131 \u2022 Plastik profiller ve panel malzeme \u00f6rne\u011fin corian masif y\u00fczey malzemesi, d\u0131\u015f mekanlar i\u00e7in resoplan malzeme kompakt laminant<\/div>\n<table>\n<tr>\n<td>\u00c7ap<\/td>\n<td>450<\/td>\n<\/tr>\n<tr>\n<td>G\u00f6bek<\/td>\n<td>30<\/td>\n<\/tr>\n<tr>\n<td>Kal\u0131nl\u0131k<\/td>\n<td>4,0<\/td>\n<\/tr>\n<tr>\n<td>Di\u015f<\/td>\n<td>132 di\u015f<\/td>\n<\/tr>\n<\/table>\n","protected":false},"excerpt":{"rendered":"<div>\n\t\u2022 Ses, geni\u015fletilmi\u015f yar\u0131klarla azalt\u0131lm\u0131\u015ft\u0131r \u2022 ince al\u0131\u015f\u0131ml\u0131 pencere ve kap\u0131 profilleri, al\u00fcminyumdan sert malzeme ve benzer al\u0131\u015f\u0131ml\u0131 \u2022 Plastik profiller ve panel malzeme \u00f6rne\u011fin corian masif y\u00fczey malzemesi, d\u0131\u015f mekanlar i\u00e7in resoplan malzeme kompakt laminant<\/div>\n","protected":false},"featured_media":10308,"comment_status":"open","ping_status":"closed","template":"","meta":{"_acf_changed":false},"product_brand":[1542],"product_cat":[1035],"product_tag":[],"class_list":{"0":"post-10309","1":"product","2":"type-product","3":"status-publish","4":"has-post-thumbnail","6":"product_brand-edn","7":"product_cat-aluminyum-kesim-daire-testereler","9":"first","10":"instock","11":"taxable","12":"shipping-taxable","13":"purchasable","14":"product-type-simple","15":"add-to-wishlist-after_add_to_cart"},"acf":[],"_links":{"self":[{"href":"https:\/\/www.makitamarket.com.tr\/site\/wp-json\/wp\/v2\/product\/10309","targetHints":{"allow":["GET"]}}],"collection":[{"href":"https:\/\/www.makitamarket.com.tr\/site\/wp-json\/wp\/v2\/product"}],"about":[{"href":"https:\/\/www.makitamarket.com.tr\/site\/wp-json\/wp\/v2\/types\/product"}],"replies":[{"embeddable":true,"href":"https:\/\/www.makitamarket.com.tr\/site\/wp-json\/wp\/v2\/comments?post=10309"}],"wp:featuredmedia":[{"embeddable":true,"href":"https:\/\/www.makitamarket.com.tr\/site\/wp-json\/wp\/v2\/media\/10308"}],"wp:attachment":[{"href":"https:\/\/www.makitamarket.com.tr\/site\/wp-json\/wp\/v2\/media?parent=10309"}],"wp:term":[{"taxonomy":"product_brand","embeddable":true,"href":"https:\/\/www.makitamarket.com.tr\/site\/wp-json\/wp\/v2\/product_brand?post=10309"},{"taxonomy":"product_cat","embeddable":true,"href":"https:\/\/www.makitamarket.com.tr\/site\/wp-json\/wp\/v2\/product_cat?post=10309"},{"taxonomy":"product_tag","embeddable":true,"href":"https:\/\/www.makitamarket.com.tr\/site\/wp-json\/wp\/v2\/product_tag?post=10309"}],"curies":[{"name":"wp","href":"https:\/\/api.w.org\/{rel}","templated":true}]}}