{"id":10317,"date":"2024-11-27T20:01:09","date_gmt":"2024-11-27T17:01:09","guid":{"rendered":"https:\/\/www.makitamarket.com.tr\/site\/urun\/mapa-montaj-ve-genel-kullanim-eldiveni-no-9\/"},"modified":"2026-04-06T13:12:23","modified_gmt":"2026-04-06T10:12:23","slug":"mapa-montaj-ve-genel-kullanim-eldiveni-no-9","status":"publish","type":"product","link":"https:\/\/www.makitamarket.com.tr\/site\/urun\/mapa-montaj-ve-genel-kullanim-eldiveni-no-9\/","title":{"rendered":"Mapa ULTRANE553 MONTAJ VE GENEL KULLANIM ELD\u0130VEN\u0130 NO: 9"},"content":{"rendered":"<div>\n\t<strong>Kullan\u0131m Alanlar\u0131 :\u00a0<\/strong><\/div>\n<div>\n\tOtomotiv ve Makina End\u00fcstrisi:<\/div>\n<div>\n\tKarma\u015f\u0131k montaj i\u015fleri Vidalama ve civatalama<\/div>\n<div>\n\tPompa \u00fcretimi<\/div>\n<div>\n\tHassas montaj<\/div>\n<div>\n\tK\u00fc\u00e7\u00fck par\u00e7alar\u0131n tasnifi<\/div>\n<div>\n\t\u00a0<\/div>\n<div>\n\tDi\u011fer Sekt\u00f6rler:<\/div>\n<div>\n\tHafif bak\u0131m i\u015fleri<\/div>\n<div>\n\tDepo uygulamalar\u0131<\/div>\n<div>\n\tAmbalajlama uygulamalar\u0131<\/div>\n<table>\n<tr>\n<td>Uzunluk \/ Kal\u0131nl\u0131k<\/td>\n<td>25cm \/ 27mm<\/td>\n<\/tr>\n<tr>\n<td>\u00d6l\u00e7\u00fc<\/td>\n<td>9<\/td>\n<\/tr>\n<tr>\n<td>Standard\u0131<\/td>\n<td>EN 388 &#8211; 4121<\/td>\n<\/tr>\n<tr>\n<td>Standard\u0131<\/td>\n<td>EN 420 &#8211; CAT2<\/td>\n<\/tr>\n<tr>\n<td>Koli Miktar\u0131<\/td>\n<td>100 \u00c7ift<\/td>\n<\/tr>\n<tr>\n<td>Tan\u0131m<\/td>\n<td>Kirli ortamlarda rakipsiz parmak  ucu hassasiyeti<\/td>\n<\/tr>\n<tr>\n<td>Kaplama<\/td>\n<td>Nitril<\/td>\n<\/tr>\n<tr>\n<td>\u0130\u00e7 \/ D\u0131\u015f Y\u00fczey<\/td>\n<td>Diki\u015fsiz kuma\u015f astar \/  Havaland\u0131rmal\u0131 s\u0131rt<\/td>\n<\/tr>\n<\/table>\n","protected":false},"excerpt":{"rendered":"<div>\n\t<strong>Kullan\u0131m Alanlar\u0131 :\u00a0<\/strong><\/div>\n<div>\n\tOtomotiv ve Makina End\u00fcstrisi:<\/div>\n<div>\n\tKarma\u015f\u0131k montaj i\u015fleri Vidalama ve civatalama<\/div>\n<div>\n\tPompa \u00fcretimi<\/div>\n<div>\n\tHassas montaj<\/div>\n<div>\n\tK\u00fc\u00e7\u00fck par\u00e7alar\u0131n tasnifi<\/div>\n<div>\n\t\u00a0<\/div>\n<div>\n\tDi\u011fer Sekt\u00f6rler:<\/div>\n<div>\n\tHafif bak\u0131m i\u015fleri<\/div>\n<div>\n\tDepo uygulamalar\u0131<\/div>\n<div>\n\tAmbalajlama uygulamalar\u0131<\/div>\n","protected":false},"featured_media":10316,"comment_status":"open","ping_status":"closed","template":"","meta":{"_acf_changed":false},"product_brand":[1521],"product_cat":[708],"product_tag":[],"class_list":{"0":"post-10317","1":"product","2":"type-product","3":"status-publish","4":"has-post-thumbnail","6":"product_brand-mapa","7":"product_cat-el-koruyucular","9":"first","10":"outofstock","11":"taxable","12":"shipping-taxable","13":"purchasable","14":"product-type-simple","15":"add-to-wishlist-after_add_to_cart"},"acf":[],"_links":{"self":[{"href":"https:\/\/www.makitamarket.com.tr\/site\/wp-json\/wp\/v2\/product\/10317","targetHints":{"allow":["GET"]}}],"collection":[{"href":"https:\/\/www.makitamarket.com.tr\/site\/wp-json\/wp\/v2\/product"}],"about":[{"href":"https:\/\/www.makitamarket.com.tr\/site\/wp-json\/wp\/v2\/types\/product"}],"replies":[{"embeddable":true,"href":"https:\/\/www.makitamarket.com.tr\/site\/wp-json\/wp\/v2\/comments?post=10317"}],"wp:featuredmedia":[{"embeddable":true,"href":"https:\/\/www.makitamarket.com.tr\/site\/wp-json\/wp\/v2\/media\/10316"}],"wp:attachment":[{"href":"https:\/\/www.makitamarket.com.tr\/site\/wp-json\/wp\/v2\/media?parent=10317"}],"wp:term":[{"taxonomy":"product_brand","embeddable":true,"href":"https:\/\/www.makitamarket.com.tr\/site\/wp-json\/wp\/v2\/product_brand?post=10317"},{"taxonomy":"product_cat","embeddable":true,"href":"https:\/\/www.makitamarket.com.tr\/site\/wp-json\/wp\/v2\/product_cat?post=10317"},{"taxonomy":"product_tag","embeddable":true,"href":"https:\/\/www.makitamarket.com.tr\/site\/wp-json\/wp\/v2\/product_tag?post=10317"}],"curies":[{"name":"wp","href":"https:\/\/api.w.org\/{rel}","templated":true}]}}