{"id":10319,"date":"2024-11-27T20:01:09","date_gmt":"2024-11-27T17:01:09","guid":{"rendered":"https:\/\/www.makitamarket.com.tr\/site\/urun\/bmi-bmi-650-040-635-comp-torpedo-3-lazerli-terazi-set\/"},"modified":"2026-03-30T07:44:28","modified_gmt":"2026-03-30T04:44:28","slug":"bmi-bmi-650-040-635-comp-torpedo-3-lazerli-terazi-set","status":"publish","type":"product","link":"https:\/\/www.makitamarket.com.tr\/site\/urun\/bmi-bmi-650-040-635-comp-torpedo-3-lazerli-terazi-set\/","title":{"rendered":"Bmi 650 040 635 BMI 650 040 635 COMP TORPEDO 3 LAZERL\u0130 TERAZ\u0130 SET"},"content":{"rendered":"<div>\n\tFayans d\u00f6\u015feme, raf, dolap, kap\u0131 ve pencere \u00e7er\u00e7evelerinin terazilenmesinde ayr\u0131ca merdiven basamaklar\u0131n\u0131n kademelenmesinde kullan\u0131l\u0131r. Referans noktas\u0131 belirleme, markalama.<\/div>\n<table>\n<tr>\n<td>Set \u0130\u00e7eri\u011fi<\/td>\n<td>Torpedo 3 Lazer,D\u00f6ner Lazer terazi platformu 90 derece a\u00e7\u0131l\u0131 prizma \u00f6zel lazer g\u00f6zl\u00fc\u011f\u00fc<\/td>\n<\/tr>\n<tr>\n<td>Boyutlar<\/td>\n<td>450x300x160 mm<\/td>\n<\/tr>\n<tr>\n<td>A\u011f\u0131rl\u0131k<\/td>\n<td>2,1kg<\/td>\n<\/tr>\n<\/table>\n","protected":false},"excerpt":{"rendered":"<div>\n\tFayans d\u00f6\u015feme, raf, dolap, kap\u0131 ve pencere \u00e7er\u00e7evelerinin terazilenmesinde ayr\u0131ca merdiven basamaklar\u0131n\u0131n kademelenmesinde kullan\u0131l\u0131r. Referans noktas\u0131 belirleme, markalama.<\/div>\n","protected":false},"featured_media":10318,"comment_status":"open","ping_status":"closed","template":"","meta":{"_acf_changed":false},"product_brand":[1522],"product_cat":[837],"product_tag":[],"class_list":{"0":"post-10319","1":"product","2":"type-product","3":"status-publish","4":"has-post-thumbnail","6":"product_brand-bmi","7":"product_cat-lazerli-olcum-cihazlari","9":"first","10":"instock","11":"taxable","12":"shipping-taxable","13":"purchasable","14":"product-type-simple","15":"add-to-wishlist-after_add_to_cart"},"acf":[],"_links":{"self":[{"href":"https:\/\/www.makitamarket.com.tr\/site\/wp-json\/wp\/v2\/product\/10319","targetHints":{"allow":["GET"]}}],"collection":[{"href":"https:\/\/www.makitamarket.com.tr\/site\/wp-json\/wp\/v2\/product"}],"about":[{"href":"https:\/\/www.makitamarket.com.tr\/site\/wp-json\/wp\/v2\/types\/product"}],"replies":[{"embeddable":true,"href":"https:\/\/www.makitamarket.com.tr\/site\/wp-json\/wp\/v2\/comments?post=10319"}],"wp:featuredmedia":[{"embeddable":true,"href":"https:\/\/www.makitamarket.com.tr\/site\/wp-json\/wp\/v2\/media\/10318"}],"wp:attachment":[{"href":"https:\/\/www.makitamarket.com.tr\/site\/wp-json\/wp\/v2\/media?parent=10319"}],"wp:term":[{"taxonomy":"product_brand","embeddable":true,"href":"https:\/\/www.makitamarket.com.tr\/site\/wp-json\/wp\/v2\/product_brand?post=10319"},{"taxonomy":"product_cat","embeddable":true,"href":"https:\/\/www.makitamarket.com.tr\/site\/wp-json\/wp\/v2\/product_cat?post=10319"},{"taxonomy":"product_tag","embeddable":true,"href":"https:\/\/www.makitamarket.com.tr\/site\/wp-json\/wp\/v2\/product_tag?post=10319"}],"curies":[{"name":"wp","href":"https:\/\/api.w.org\/{rel}","templated":true}]}}