{"id":10324,"date":"2024-11-27T20:01:11","date_gmt":"2024-11-27T17:01:11","guid":{"rendered":"https:\/\/www.makitamarket.com.tr\/site\/urun\/nikon-yun-polisaj-bonesi-cirtli-180-mm\/"},"modified":"2026-04-06T13:12:26","modified_gmt":"2026-04-06T10:12:26","slug":"nikon-yun-polisaj-bonesi-cirtli-180-mm","status":"publish","type":"product","link":"https:\/\/www.makitamarket.com.tr\/site\/urun\/nikon-yun-polisaj-bonesi-cirtli-180-mm\/","title":{"rendered":"Nikon N52076 Y\u00dcN POL\u0130SAJ BONES\u0130 CIRTLI 180 mm"},"content":{"rendered":"<p>\n\tT\u00fcm markalar ile uyumludur.<\/p>\n<table>\n<tr>\n<td>Tip &#8211; \u00d6l\u00e7\u00fc<\/td>\n<td>CIRTLI &#8211; 180mm<\/td>\n<\/tr>\n<\/table>\n","protected":false},"excerpt":{"rendered":"<p>\n\tT\u00fcm markalar ile uyumludur.<\/p>\n","protected":false},"featured_media":0,"comment_status":"open","ping_status":"closed","template":"","meta":{"_acf_changed":false},"product_brand":[1518],"product_cat":[860],"product_tag":[],"class_list":{"0":"post-10324","1":"product","2":"type-product","3":"status-publish","5":"product_brand-nikon","6":"product_cat-yun-polisaj-boneleri","8":"first","9":"instock","10":"taxable","11":"shipping-taxable","12":"purchasable","13":"product-type-simple","14":"add-to-wishlist-after_add_to_cart"},"acf":[],"_links":{"self":[{"href":"https:\/\/www.makitamarket.com.tr\/site\/wp-json\/wp\/v2\/product\/10324","targetHints":{"allow":["GET"]}}],"collection":[{"href":"https:\/\/www.makitamarket.com.tr\/site\/wp-json\/wp\/v2\/product"}],"about":[{"href":"https:\/\/www.makitamarket.com.tr\/site\/wp-json\/wp\/v2\/types\/product"}],"replies":[{"embeddable":true,"href":"https:\/\/www.makitamarket.com.tr\/site\/wp-json\/wp\/v2\/comments?post=10324"}],"wp:attachment":[{"href":"https:\/\/www.makitamarket.com.tr\/site\/wp-json\/wp\/v2\/media?parent=10324"}],"wp:term":[{"taxonomy":"product_brand","embeddable":true,"href":"https:\/\/www.makitamarket.com.tr\/site\/wp-json\/wp\/v2\/product_brand?post=10324"},{"taxonomy":"product_cat","embeddable":true,"href":"https:\/\/www.makitamarket.com.tr\/site\/wp-json\/wp\/v2\/product_cat?post=10324"},{"taxonomy":"product_tag","embeddable":true,"href":"https:\/\/www.makitamarket.com.tr\/site\/wp-json\/wp\/v2\/product_tag?post=10324"}],"curies":[{"name":"wp","href":"https:\/\/api.w.org\/{rel}","templated":true}]}}