{"id":10329,"date":"2024-11-27T20:01:13","date_gmt":"2024-11-27T17:01:13","guid":{"rendered":"https:\/\/www.makitamarket.com.tr\/site\/urun\/prexiso-cep-tipi-kalaem-lazer\/"},"modified":"2025-07-11T19:34:04","modified_gmt":"2025-07-11T16:34:04","slug":"prexiso-cep-tipi-kalaem-lazer","status":"publish","type":"product","link":"https:\/\/www.makitamarket.com.tr\/site\/urun\/prexiso-cep-tipi-kalaem-lazer\/","title":{"rendered":"Prexiso P10 CEP T\u0130P\u0130 KALAEM LAZER"},"content":{"rendered":"<div>\n\t\u2022 Basit, tek tu\u015fla kullan\u0131m<\/div>\n<div>\n\t\u2022 S\u00fcrekli \u00f6l\u00e7\u00fcm mod\u00fcl\u00fc<\/div>\n<div>\n\t\u2022 Cep tipi kalem lazer<\/div>\n<div>\n\t\u2022 Otomatik kapanma<\/div>\n<div>\n\t\u2022 \u015eantiye, emlak ve DIY projeleri i\u00e7in m\u00fckemmel<\/div>\n<table>\n<tr>\n<td>\u00d6l\u00e7\u00fcm Mesafesi<\/td>\n<td>0,5-10m<\/td>\n<\/tr>\n<tr>\n<td>Hassasiyet<\/td>\n<td>\u00b16 mm<\/td>\n<\/tr>\n<tr>\n<td>\u00d6l\u00e7\u00fcm Birimleri<\/td>\n<td>m \/ ft<\/td>\n<\/tr>\n<tr>\n<td>Pil<\/td>\n<td>2xAAA alkalin pil<\/td>\n<\/tr>\n<tr>\n<td>Otomatik Kapanma<\/td>\n<td>120sn<\/td>\n<\/tr>\n<tr>\n<td>Komple Uzunluk<\/td>\n<td>146 mm<\/td>\n<\/tr>\n<tr>\n<td>Paket Miktar\u0131<\/td>\n<td>6 adet<\/td>\n<\/tr>\n<\/table>\n","protected":false},"excerpt":{"rendered":"<div>\n\t\u2022 Basit, tek tu\u015fla kullan\u0131m<\/div>\n<div>\n\t\u2022 S\u00fcrekli \u00f6l\u00e7\u00fcm mod\u00fcl\u00fc<\/div>\n<div>\n\t\u2022 Cep tipi kalem lazer<\/div>\n<div>\n\t\u2022 Otomatik kapanma<\/div>\n<div>\n\t\u2022 \u015eantiye, emlak ve DIY projeleri i\u00e7in m\u00fckemmel<\/div>\n","protected":false},"featured_media":10328,"comment_status":"open","ping_status":"closed","template":"","meta":{"_acf_changed":false},"product_brand":[],"product_cat":[1051],"product_tag":[],"class_list":{"0":"post-10329","1":"product","2":"type-product","3":"status-publish","4":"has-post-thumbnail","6":"product_cat-kalem-lazerler","8":"first","9":"instock","10":"taxable","11":"shipping-taxable","12":"purchasable","13":"product-type-simple","14":"add-to-wishlist-after_add_to_cart"},"acf":[],"_links":{"self":[{"href":"https:\/\/www.makitamarket.com.tr\/site\/wp-json\/wp\/v2\/product\/10329","targetHints":{"allow":["GET"]}}],"collection":[{"href":"https:\/\/www.makitamarket.com.tr\/site\/wp-json\/wp\/v2\/product"}],"about":[{"href":"https:\/\/www.makitamarket.com.tr\/site\/wp-json\/wp\/v2\/types\/product"}],"replies":[{"embeddable":true,"href":"https:\/\/www.makitamarket.com.tr\/site\/wp-json\/wp\/v2\/comments?post=10329"}],"wp:featuredmedia":[{"embeddable":true,"href":"https:\/\/www.makitamarket.com.tr\/site\/wp-json\/wp\/v2\/media\/10328"}],"wp:attachment":[{"href":"https:\/\/www.makitamarket.com.tr\/site\/wp-json\/wp\/v2\/media?parent=10329"}],"wp:term":[{"taxonomy":"product_brand","embeddable":true,"href":"https:\/\/www.makitamarket.com.tr\/site\/wp-json\/wp\/v2\/product_brand?post=10329"},{"taxonomy":"product_cat","embeddable":true,"href":"https:\/\/www.makitamarket.com.tr\/site\/wp-json\/wp\/v2\/product_cat?post=10329"},{"taxonomy":"product_tag","embeddable":true,"href":"https:\/\/www.makitamarket.com.tr\/site\/wp-json\/wp\/v2\/product_tag?post=10329"}],"curies":[{"name":"wp","href":"https:\/\/api.w.org\/{rel}","templated":true}]}}