{"id":10338,"date":"2024-11-27T20:01:16","date_gmt":"2024-11-27T17:01:16","guid":{"rendered":"https:\/\/www.makitamarket.com.tr\/site\/urun\/gison-1-2-havali-somun-sikma\/"},"modified":"2026-04-06T14:06:54","modified_gmt":"2026-04-06T11:06:54","slug":"gison-1-2-havali-somun-sikma","status":"publish","type":"product","link":"https:\/\/www.makitamarket.com.tr\/site\/urun\/gison-1-2-havali-somun-sikma\/","title":{"rendered":"Gison GW15B 1\/2&#8243; HAVALI SOMUN SIKMA"},"content":{"rendered":"<table>\n<tr>\n<td>Soket \u00d6l\u00e7\u00fcs\u00fc<\/td>\n<td>1\/2&#8243; (12.7 mm.)<\/td>\n<\/tr>\n<tr>\n<td>Somun Kapasitesi<\/td>\n<td>16 mm.<\/td>\n<\/tr>\n<tr>\n<td>Tork G\u00fcc\u00fc (kg.m)(Nm).<\/td>\n<td>31.6 (312)<\/td>\n<\/tr>\n<tr>\n<td>Net A\u011f\u0131rl\u0131k (kg)<\/td>\n<td>2.45 kg.<\/td>\n<\/tr>\n<tr>\n<td>Uzunluk (mm)<\/td>\n<td>178 mm.<\/td>\n<\/tr>\n<tr>\n<td>Hava T\u00fcketimi<\/td>\n<td>0.22 m\u00b3\/dak.<\/td>\n<\/tr>\n<tr>\n<td>Hava Giri\u015fi<\/td>\n<td>1\/4&#8243;<\/td>\n<\/tr>\n<tr>\n<td>Hortum \u00d6l\u00e7\u00fcs\u00fc (ID)<\/td>\n<td>6.5 mm.<\/td>\n<\/tr>\n<tr>\n<td>G\u00fcr\u00fclt\u00fc Seviyesi (dBA)<\/td>\n<td>98 dBA.<\/td>\n<\/tr>\n<tr>\n<td>Sars\u0131nt\u0131 Seviyesi<\/td>\n<td>4.1 m\/S\u00b2.<\/td>\n<\/tr>\n<tr>\n<td>Koli Adedi<\/td>\n<td>10 ad.<\/td>\n<\/tr>\n<tr>\n<td>Hava Bas\u0131nc\u0131<\/td>\n<td>90 psi (6.3 kg\/cm\u00b3)<\/td>\n<\/tr>\n<tr>\n<td>Mekanizma<\/td>\n<td>One Hummer<\/td>\n<\/tr>\n<\/table>\n","protected":false},"excerpt":{"rendered":"<p>Soket \u00d6l\u00e7\u00fcs\u00fc 1\/2&#8243; (12.7 mm.) Somun Kapasitesi 16 mm. Tork G\u00fcc\u00fc (kg.m)(Nm). 31.6 (312) Net A\u011f\u0131rl\u0131k (kg) 2.45 kg. Uzunluk (mm) 178 mm. Hava T\u00fcketimi 0.22 m\u00b3\/dak. Hava Giri\u015fi 1\/4&#8243;<\/p>\n","protected":false},"featured_media":12459,"comment_status":"open","ping_status":"closed","template":"","meta":{"_acf_changed":false},"product_brand":[1512],"product_cat":[880],"product_tag":[],"class_list":{"0":"post-10338","1":"product","2":"type-product","3":"status-publish","4":"has-post-thumbnail","6":"product_brand-gison","7":"product_cat-havali-somun-sikmalar","9":"first","10":"outofstock","11":"taxable","12":"shipping-taxable","13":"purchasable","14":"product-type-simple","15":"add-to-wishlist-after_add_to_cart"},"acf":[],"_links":{"self":[{"href":"https:\/\/www.makitamarket.com.tr\/site\/wp-json\/wp\/v2\/product\/10338","targetHints":{"allow":["GET"]}}],"collection":[{"href":"https:\/\/www.makitamarket.com.tr\/site\/wp-json\/wp\/v2\/product"}],"about":[{"href":"https:\/\/www.makitamarket.com.tr\/site\/wp-json\/wp\/v2\/types\/product"}],"replies":[{"embeddable":true,"href":"https:\/\/www.makitamarket.com.tr\/site\/wp-json\/wp\/v2\/comments?post=10338"}],"wp:featuredmedia":[{"embeddable":true,"href":"https:\/\/www.makitamarket.com.tr\/site\/wp-json\/wp\/v2\/media\/12459"}],"wp:attachment":[{"href":"https:\/\/www.makitamarket.com.tr\/site\/wp-json\/wp\/v2\/media?parent=10338"}],"wp:term":[{"taxonomy":"product_brand","embeddable":true,"href":"https:\/\/www.makitamarket.com.tr\/site\/wp-json\/wp\/v2\/product_brand?post=10338"},{"taxonomy":"product_cat","embeddable":true,"href":"https:\/\/www.makitamarket.com.tr\/site\/wp-json\/wp\/v2\/product_cat?post=10338"},{"taxonomy":"product_tag","embeddable":true,"href":"https:\/\/www.makitamarket.com.tr\/site\/wp-json\/wp\/v2\/product_tag?post=10338"}],"curies":[{"name":"wp","href":"https:\/\/api.w.org\/{rel}","templated":true}]}}