{"id":10339,"date":"2024-11-27T20:01:16","date_gmt":"2024-11-27T17:01:16","guid":{"rendered":"https:\/\/www.makitamarket.com.tr\/site\/urun\/optimum-bf16-ve-bf20-icin-alt-sehpa\/"},"modified":"2025-11-16T05:33:45","modified_gmt":"2025-11-16T02:33:45","slug":"optimum-bf16-ve-bf20-icin-alt-sehpa","status":"publish","type":"product","link":"https:\/\/www.makitamarket.com.tr\/site\/urun\/optimum-bf16-ve-bf20-icin-alt-sehpa\/","title":{"rendered":"Optimum 3353000 BF16 VE BF20 \u0130\u00c7\u0130N ALT SEHPA"},"content":{"rendered":"<p>\n\tBF16 ve BF20 i\u00e7in tala\u015fl\u0131k<\/p>\n<table><\/table>\n","protected":false},"excerpt":{"rendered":"<p>\n\tBF16 ve BF20 i\u00e7in tala\u015fl\u0131k<\/p>\n","protected":false},"featured_media":0,"comment_status":"open","ping_status":"closed","template":"","meta":{"_acf_changed":false},"product_brand":[1511],"product_cat":[824],"product_tag":[],"class_list":{"0":"post-10339","1":"product","2":"type-product","3":"status-publish","5":"product_brand-optimum","6":"product_cat-aksesuarlar-metal-isleme-makinalari-2","8":"first","9":"outofstock","10":"taxable","11":"shipping-taxable","12":"purchasable","13":"product-type-simple","14":"add-to-wishlist-after_add_to_cart"},"acf":[],"_links":{"self":[{"href":"https:\/\/www.makitamarket.com.tr\/site\/wp-json\/wp\/v2\/product\/10339","targetHints":{"allow":["GET"]}}],"collection":[{"href":"https:\/\/www.makitamarket.com.tr\/site\/wp-json\/wp\/v2\/product"}],"about":[{"href":"https:\/\/www.makitamarket.com.tr\/site\/wp-json\/wp\/v2\/types\/product"}],"replies":[{"embeddable":true,"href":"https:\/\/www.makitamarket.com.tr\/site\/wp-json\/wp\/v2\/comments?post=10339"}],"wp:attachment":[{"href":"https:\/\/www.makitamarket.com.tr\/site\/wp-json\/wp\/v2\/media?parent=10339"}],"wp:term":[{"taxonomy":"product_brand","embeddable":true,"href":"https:\/\/www.makitamarket.com.tr\/site\/wp-json\/wp\/v2\/product_brand?post=10339"},{"taxonomy":"product_cat","embeddable":true,"href":"https:\/\/www.makitamarket.com.tr\/site\/wp-json\/wp\/v2\/product_cat?post=10339"},{"taxonomy":"product_tag","embeddable":true,"href":"https:\/\/www.makitamarket.com.tr\/site\/wp-json\/wp\/v2\/product_tag?post=10339"}],"curies":[{"name":"wp","href":"https:\/\/api.w.org\/{rel}","templated":true}]}}