{"id":10384,"date":"2024-11-27T20:01:35","date_gmt":"2024-11-27T17:01:35","guid":{"rendered":"https:\/\/www.makitamarket.com.tr\/site\/urun\/proxxon-pd400-icin-10x10x80-mm\/"},"modified":"2026-04-06T14:21:53","modified_gmt":"2026-04-06T11:21:53","slug":"proxxon-pd400-icin-10x10x80-mm","status":"publish","type":"product","link":"https:\/\/www.makitamarket.com.tr\/site\/urun\/proxxon-pd400-icin-10x10x80-mm\/","title":{"rendered":"Proxxon 24552 PD400 \u0130\u00c7\u0130N 10x10x80 mm"},"content":{"rendered":"<div>\n\tBiirer adet d\u0131\u015f pafta (60\u00b0 ta\u015flanm\u0131\u015f, metrik) , i\u00e7-d\u0131\u015f ve genel kesim kalemi.<br \/>\n\tKayar kapakl\u0131 ah\u015fap kutu i\u00e7inde.<\/div>\n<table><\/table>\n","protected":false},"excerpt":{"rendered":"<div>\n\tBiirer adet d\u0131\u015f pafta (60\u00b0 ta\u015flanm\u0131\u015f, metrik) , i\u00e7-d\u0131\u015f ve genel kesim kalemi.<br \/>\n\tKayar kapakl\u0131 ah\u015fap kutu i\u00e7inde.<\/div>\n","protected":false},"featured_media":13180,"comment_status":"open","ping_status":"closed","template":"","meta":{"_acf_changed":false},"product_brand":[1501],"product_cat":[926],"product_tag":[],"class_list":{"0":"post-10384","1":"product","2":"type-product","3":"status-publish","4":"has-post-thumbnail","6":"product_brand-proxxon","7":"product_cat-aksesuarlar-mikro-aletleri","9":"first","10":"instock","11":"taxable","12":"shipping-taxable","13":"purchasable","14":"product-type-simple","15":"add-to-wishlist-after_add_to_cart"},"acf":[],"_links":{"self":[{"href":"https:\/\/www.makitamarket.com.tr\/site\/wp-json\/wp\/v2\/product\/10384","targetHints":{"allow":["GET"]}}],"collection":[{"href":"https:\/\/www.makitamarket.com.tr\/site\/wp-json\/wp\/v2\/product"}],"about":[{"href":"https:\/\/www.makitamarket.com.tr\/site\/wp-json\/wp\/v2\/types\/product"}],"replies":[{"embeddable":true,"href":"https:\/\/www.makitamarket.com.tr\/site\/wp-json\/wp\/v2\/comments?post=10384"}],"wp:featuredmedia":[{"embeddable":true,"href":"https:\/\/www.makitamarket.com.tr\/site\/wp-json\/wp\/v2\/media\/13180"}],"wp:attachment":[{"href":"https:\/\/www.makitamarket.com.tr\/site\/wp-json\/wp\/v2\/media?parent=10384"}],"wp:term":[{"taxonomy":"product_brand","embeddable":true,"href":"https:\/\/www.makitamarket.com.tr\/site\/wp-json\/wp\/v2\/product_brand?post=10384"},{"taxonomy":"product_cat","embeddable":true,"href":"https:\/\/www.makitamarket.com.tr\/site\/wp-json\/wp\/v2\/product_cat?post=10384"},{"taxonomy":"product_tag","embeddable":true,"href":"https:\/\/www.makitamarket.com.tr\/site\/wp-json\/wp\/v2\/product_tag?post=10384"}],"curies":[{"name":"wp","href":"https:\/\/api.w.org\/{rel}","templated":true}]}}