{"id":10414,"date":"2024-11-27T20:01:52","date_gmt":"2024-11-27T17:01:52","guid":{"rendered":"https:\/\/www.makitamarket.com.tr\/site\/urun\/mastech-dijital-nem-ve-isi-olcer-ms6503\/"},"modified":"2025-11-16T05:35:22","modified_gmt":"2025-11-16T02:35:22","slug":"mastech-dijital-nem-ve-isi-olcer-ms6503","status":"publish","type":"product","link":"https:\/\/www.makitamarket.com.tr\/site\/urun\/mastech-dijital-nem-ve-isi-olcer-ms6503\/","title":{"rendered":"Mastech MS-6503 DIJITAL NEM VE ISI OLCER MS6503"},"content":{"rendered":"<p>Aksesuarlar Yaz\u0131l\u0131m AC\/Dc Adapt\u00f6r 9v\/30ma ba\u011flant\u0131 kablosu<\/p>\n<table>\n<tr>\n<td>Ambalaj<\/td>\n<td>karton kutu<\/td>\n<\/tr>\n<tr>\n<td>RS232C<\/td>\n<td>Bilgisayar Ara Y\u00fcz\u00fc<\/td>\n<\/tr>\n<tr>\n<td>RH Aral\u0131\u011f\u0131<\/td>\n<td>%0-%100<\/td>\n<\/tr>\n<tr>\n<td>RH \u00c7\u00f6z\u00fcn\u00fcrl\u00fc\u011f\u00fc<\/td>\n<td>%0,1RH<\/td>\n<\/tr>\n<tr>\n<td>Yan\u0131tlama Zaman\u0131<\/td>\n<td>Hafif esintili havada 40 sn<\/td>\n<\/tr>\n<tr>\n<td>S\u0131cakl\u0131k Aral\u0131\u011f\u0131<\/td>\n<td>-20Derece-60Derece<\/td>\n<\/tr>\n<tr>\n<td>S\u0131cakl\u0131k \u00c7\u00f6z\u00fcn\u00fcrl\u00fc\u011f\u00fc<\/td>\n<td>0,1 Derece<\/td>\n<\/tr>\n<tr>\n<td>S\u0131cakl\u0131k Hassasiyeti<\/td>\n<td>+-0,7 Derece<\/td>\n<\/tr>\n<tr>\n<td>Batarya<\/td>\n<td>9Vx1 6F22<\/td>\n<\/tr>\n<tr>\n<td>A\u011f\u0131rl\u0131k<\/td>\n<td>330gr<\/td>\n<\/tr>\n<\/table>\n","protected":false},"excerpt":{"rendered":"<p>Aksesuarlar Yaz\u0131l\u0131m AC\/Dc Adapt\u00f6r 9v\/30ma ba\u011flant\u0131 kablosu<\/p>\n","protected":false},"featured_media":10413,"comment_status":"open","ping_status":"closed","template":"","meta":{"_acf_changed":false},"product_brand":[1526],"product_cat":[1565],"product_tag":[],"class_list":{"0":"post-10414","1":"product","2":"type-product","3":"status-publish","4":"has-post-thumbnail","6":"product_brand-mastech","7":"product_cat-yok-yok","9":"first","10":"outofstock","11":"taxable","12":"shipping-taxable","13":"purchasable","14":"product-type-simple","15":"add-to-wishlist-after_add_to_cart"},"acf":[],"_links":{"self":[{"href":"https:\/\/www.makitamarket.com.tr\/site\/wp-json\/wp\/v2\/product\/10414","targetHints":{"allow":["GET"]}}],"collection":[{"href":"https:\/\/www.makitamarket.com.tr\/site\/wp-json\/wp\/v2\/product"}],"about":[{"href":"https:\/\/www.makitamarket.com.tr\/site\/wp-json\/wp\/v2\/types\/product"}],"replies":[{"embeddable":true,"href":"https:\/\/www.makitamarket.com.tr\/site\/wp-json\/wp\/v2\/comments?post=10414"}],"wp:featuredmedia":[{"embeddable":true,"href":"https:\/\/www.makitamarket.com.tr\/site\/wp-json\/wp\/v2\/media\/10413"}],"wp:attachment":[{"href":"https:\/\/www.makitamarket.com.tr\/site\/wp-json\/wp\/v2\/media?parent=10414"}],"wp:term":[{"taxonomy":"product_brand","embeddable":true,"href":"https:\/\/www.makitamarket.com.tr\/site\/wp-json\/wp\/v2\/product_brand?post=10414"},{"taxonomy":"product_cat","embeddable":true,"href":"https:\/\/www.makitamarket.com.tr\/site\/wp-json\/wp\/v2\/product_cat?post=10414"},{"taxonomy":"product_tag","embeddable":true,"href":"https:\/\/www.makitamarket.com.tr\/site\/wp-json\/wp\/v2\/product_tag?post=10414"}],"curies":[{"name":"wp","href":"https:\/\/api.w.org\/{rel}","templated":true}]}}