{"id":10416,"date":"2024-11-27T20:01:55","date_gmt":"2024-11-27T17:01:55","guid":{"rendered":"https:\/\/www.makitamarket.com.tr\/site\/urun\/bessey-agir-hizmet-dovme-demirci-iskencesi-1000mm-12000n\/"},"modified":"2026-03-30T07:46:27","modified_gmt":"2026-03-30T04:46:27","slug":"bessey-agir-hizmet-dovme-demirci-iskencesi-1000mm-12000n","status":"publish","type":"product","link":"https:\/\/www.makitamarket.com.tr\/site\/urun\/bessey-agir-hizmet-dovme-demirci-iskencesi-1000mm-12000n\/","title":{"rendered":"Bessey BESGSM100 A\u011eIR H\u0130ZMET D\u00d6VME DEM\u0130RC\u0130 \u0130\u015eKENCES\u0130 1000mm 12000N"},"content":{"rendered":"<table>\n<tr>\n<td>Uzunluk<\/td>\n<td>1000<\/td>\n<\/tr>\n<tr>\n<td>Derinlik<\/td>\n<td>140<\/td>\n<\/tr>\n<tr>\n<td>Ray Kal\u0131nl\u0131\u011f\u0131<\/td>\n<td>34&#215;13<\/td>\n<\/tr>\n<tr>\n<td>A\u011f\u0131rl\u0131k<\/td>\n<td>4.95<\/td>\n<\/tr>\n<tr>\n<td>Max. S\u0131kma Kuvveti<\/td>\n<td>12.000N<\/td>\n<\/tr>\n<\/table>\n","protected":false},"excerpt":{"rendered":"<p>Uzunluk 1000 Derinlik 140 Ray Kal\u0131nl\u0131\u011f\u0131 34&#215;13 A\u011f\u0131rl\u0131k 4.95 Max. S\u0131kma Kuvveti 12.000N<\/p>\n","protected":false},"featured_media":10415,"comment_status":"open","ping_status":"closed","template":"","meta":{"_acf_changed":false},"product_brand":[1534],"product_cat":[1565],"product_tag":[],"class_list":{"0":"post-10416","1":"product","2":"type-product","3":"status-publish","4":"has-post-thumbnail","6":"product_brand-bessey","7":"product_cat-yok-yok","9":"first","10":"instock","11":"taxable","12":"shipping-taxable","13":"purchasable","14":"product-type-simple","15":"add-to-wishlist-after_add_to_cart"},"acf":[],"_links":{"self":[{"href":"https:\/\/www.makitamarket.com.tr\/site\/wp-json\/wp\/v2\/product\/10416","targetHints":{"allow":["GET"]}}],"collection":[{"href":"https:\/\/www.makitamarket.com.tr\/site\/wp-json\/wp\/v2\/product"}],"about":[{"href":"https:\/\/www.makitamarket.com.tr\/site\/wp-json\/wp\/v2\/types\/product"}],"replies":[{"embeddable":true,"href":"https:\/\/www.makitamarket.com.tr\/site\/wp-json\/wp\/v2\/comments?post=10416"}],"wp:featuredmedia":[{"embeddable":true,"href":"https:\/\/www.makitamarket.com.tr\/site\/wp-json\/wp\/v2\/media\/10415"}],"wp:attachment":[{"href":"https:\/\/www.makitamarket.com.tr\/site\/wp-json\/wp\/v2\/media?parent=10416"}],"wp:term":[{"taxonomy":"product_brand","embeddable":true,"href":"https:\/\/www.makitamarket.com.tr\/site\/wp-json\/wp\/v2\/product_brand?post=10416"},{"taxonomy":"product_cat","embeddable":true,"href":"https:\/\/www.makitamarket.com.tr\/site\/wp-json\/wp\/v2\/product_cat?post=10416"},{"taxonomy":"product_tag","embeddable":true,"href":"https:\/\/www.makitamarket.com.tr\/site\/wp-json\/wp\/v2\/product_tag?post=10416"}],"curies":[{"name":"wp","href":"https:\/\/api.w.org\/{rel}","templated":true}]}}