{"id":10437,"date":"2024-11-27T20:02:04","date_gmt":"2024-11-27T17:02:04","guid":{"rendered":"https:\/\/www.makitamarket.com.tr\/site\/urun\/kasei-benzinli-ufleme-toplama-makinasi-22-5-cc\/"},"modified":"2025-11-16T05:40:09","modified_gmt":"2025-11-16T02:40:09","slug":"kasei-benzinli-ufleme-toplama-makinasi-22-5-cc","status":"publish","type":"product","link":"https:\/\/www.makitamarket.com.tr\/site\/urun\/kasei-benzinli-ufleme-toplama-makinasi-22-5-cc\/","title":{"rendered":"Kasei EBV230E BENZ\u0130NL\u0130 \u00dcFLEME &#8211; TOPLAMA MAK\u0130NASI 22.5 CC"},"content":{"rendered":"<table>\n<tr>\n<td>Motor tipi<\/td>\n<td>2 Zamanl\u0131 Motor<\/td>\n<\/tr>\n<tr>\n<td>Motor Hacmi<\/td>\n<td>22.5 CC<\/td>\n<\/tr>\n<tr>\n<td>Motor G\u00fcc\u00fc<\/td>\n<td>0,65 kW<\/td>\n<\/tr>\n<tr>\n<td>Yak\u0131t deposu<\/td>\n<td>1.5 L<\/td>\n<\/tr>\n<tr>\n<td>Ortalama Hava Hacmi<\/td>\n<td>0.13 m3\/sn<\/td>\n<\/tr>\n<tr>\n<td>\u00d6l\u00e7\u00fcler<\/td>\n<td>585x295x395 mm<\/td>\n<\/tr>\n<tr>\n<td>A\u011f\u0131rl\u0131k<\/td>\n<td>4,1 kg<\/td>\n<\/tr>\n<tr>\n<td>Yak\u0131t Cinsi<\/td>\n<td>Benzinli<\/td>\n<\/tr>\n<\/table>\n","protected":false},"excerpt":{"rendered":"<p>Motor tipi 2 Zamanl\u0131 Motor Motor Hacmi 22.5 CC Motor G\u00fcc\u00fc 0,65 kW Yak\u0131t deposu 1.5 L Ortalama Hava Hacmi 0.13 m3\/sn \u00d6l\u00e7\u00fcler 585x295x395 mm A\u011f\u0131rl\u0131k 4,1 kg Yak\u0131t Cinsi<\/p>\n","protected":false},"featured_media":0,"comment_status":"open","ping_status":"closed","template":"","meta":{"_acf_changed":false},"product_brand":[1535],"product_cat":[879],"product_tag":[],"class_list":{"0":"post-10437","1":"product","2":"type-product","3":"status-publish","5":"product_brand-kasei","6":"product_cat-benzinli-ufleme-makinalari","8":"first","9":"outofstock","10":"taxable","11":"shipping-taxable","12":"purchasable","13":"product-type-simple","14":"add-to-wishlist-after_add_to_cart"},"acf":[],"_links":{"self":[{"href":"https:\/\/www.makitamarket.com.tr\/site\/wp-json\/wp\/v2\/product\/10437","targetHints":{"allow":["GET"]}}],"collection":[{"href":"https:\/\/www.makitamarket.com.tr\/site\/wp-json\/wp\/v2\/product"}],"about":[{"href":"https:\/\/www.makitamarket.com.tr\/site\/wp-json\/wp\/v2\/types\/product"}],"replies":[{"embeddable":true,"href":"https:\/\/www.makitamarket.com.tr\/site\/wp-json\/wp\/v2\/comments?post=10437"}],"wp:attachment":[{"href":"https:\/\/www.makitamarket.com.tr\/site\/wp-json\/wp\/v2\/media?parent=10437"}],"wp:term":[{"taxonomy":"product_brand","embeddable":true,"href":"https:\/\/www.makitamarket.com.tr\/site\/wp-json\/wp\/v2\/product_brand?post=10437"},{"taxonomy":"product_cat","embeddable":true,"href":"https:\/\/www.makitamarket.com.tr\/site\/wp-json\/wp\/v2\/product_cat?post=10437"},{"taxonomy":"product_tag","embeddable":true,"href":"https:\/\/www.makitamarket.com.tr\/site\/wp-json\/wp\/v2\/product_tag?post=10437"}],"curies":[{"name":"wp","href":"https:\/\/api.w.org\/{rel}","templated":true}]}}