{"id":10456,"date":"2024-11-27T20:02:16","date_gmt":"2024-11-27T17:02:16","guid":{"rendered":"https:\/\/www.makitamarket.com.tr\/site\/urun\/big-red-arabali-zemin-kriko-3-ton\/"},"modified":"2026-03-30T07:55:25","modified_gmt":"2026-03-30T04:55:25","slug":"big-red-arabali-zemin-kriko-3-ton","status":"publish","type":"product","link":"https:\/\/www.makitamarket.com.tr\/site\/urun\/big-red-arabali-zemin-kriko-3-ton\/","title":{"rendered":"Big Red T830025 ARABALI ZEM\u0130N KR\u0130KO 3 TON"},"content":{"rendered":"<table>\n<tr>\n<td>Kald\u0131rma Kapasitesi<\/td>\n<td>3 Ton<\/td>\n<\/tr>\n<tr>\n<td>Minimum Kald\u0131rma<\/td>\n<td>130mm<\/td>\n<\/tr>\n<tr>\n<td>Maksimum Kald\u0131rma<\/td>\n<td>465mm<\/td>\n<\/tr>\n<\/table>\n","protected":false},"excerpt":{"rendered":"<p>Kald\u0131rma Kapasitesi 3 Ton Minimum Kald\u0131rma 130mm Maksimum Kald\u0131rma 465mm<\/p>\n","protected":false},"featured_media":10924,"comment_status":"open","ping_status":"closed","template":"","meta":{"_acf_changed":false},"product_brand":[1519],"product_cat":[1101],"product_tag":[],"class_list":{"0":"post-10456","1":"product","2":"type-product","3":"status-publish","4":"has-post-thumbnail","6":"product_brand-big-red","7":"product_cat-krikolar-garaj-ekipmanlari-garaj-ekipmanlari","9":"first","10":"outofstock","11":"taxable","12":"shipping-taxable","13":"purchasable","14":"product-type-simple","15":"add-to-wishlist-after_add_to_cart"},"acf":[],"_links":{"self":[{"href":"https:\/\/www.makitamarket.com.tr\/site\/wp-json\/wp\/v2\/product\/10456","targetHints":{"allow":["GET"]}}],"collection":[{"href":"https:\/\/www.makitamarket.com.tr\/site\/wp-json\/wp\/v2\/product"}],"about":[{"href":"https:\/\/www.makitamarket.com.tr\/site\/wp-json\/wp\/v2\/types\/product"}],"replies":[{"embeddable":true,"href":"https:\/\/www.makitamarket.com.tr\/site\/wp-json\/wp\/v2\/comments?post=10456"}],"wp:featuredmedia":[{"embeddable":true,"href":"https:\/\/www.makitamarket.com.tr\/site\/wp-json\/wp\/v2\/media\/10924"}],"wp:attachment":[{"href":"https:\/\/www.makitamarket.com.tr\/site\/wp-json\/wp\/v2\/media?parent=10456"}],"wp:term":[{"taxonomy":"product_brand","embeddable":true,"href":"https:\/\/www.makitamarket.com.tr\/site\/wp-json\/wp\/v2\/product_brand?post=10456"},{"taxonomy":"product_cat","embeddable":true,"href":"https:\/\/www.makitamarket.com.tr\/site\/wp-json\/wp\/v2\/product_cat?post=10456"},{"taxonomy":"product_tag","embeddable":true,"href":"https:\/\/www.makitamarket.com.tr\/site\/wp-json\/wp\/v2\/product_tag?post=10456"}],"curies":[{"name":"wp","href":"https:\/\/api.w.org\/{rel}","templated":true}]}}