{"id":10462,"date":"2024-11-27T20:02:18","date_gmt":"2024-11-27T17:02:18","guid":{"rendered":"https:\/\/www.makitamarket.com.tr\/site\/urun\/proxxon-akulu-bant-zimpara-rbs-a-govde\/"},"modified":"2026-04-06T13:17:02","modified_gmt":"2026-04-06T10:17:02","slug":"proxxon-akulu-bant-zimpara-rbs-a-govde","status":"publish","type":"product","link":"https:\/\/www.makitamarket.com.tr\/site\/urun\/proxxon-akulu-bant-zimpara-rbs-a-govde\/","title":{"rendered":"Proxxon 29832 AK\u00dcL\u00dc BANT ZIMPARA RBS\/A G\u00d6VDE"},"content":{"rendered":"<div>\n\t<strong>Uyumlu Aksesuarlar:<\/strong><\/div>\n<div>\n\t<strong>PROX28583:<\/strong>\u00a0Z\u0131mpara 80 kum (5)<\/div>\n<div>\n\t<strong>PROX28582:<\/strong>\u00a0Z\u0131mpara 120 kum (5)<\/div>\n<div>\n\t<strong>PROX28581:<\/strong>\u00a0Z\u0131mpara 180 kum (5)<\/div>\n<div>\n\t<strong>PROX28410:<\/strong>\u00a0Micromot alet tutucu<\/div>\n<div>\n\t<strong>PROX28576:<\/strong>\u00a0\u0130nce perdah kay\u0131\u015f\u0131 (4)<\/div>\n<div>\n\t(\u015earj aleti ve batarya dahil de\u011fildir.)<\/div>\n<table>\n<tr>\n<td>G\u00fc\u00e7<\/td>\n<td>10,8 V<\/td>\n<\/tr>\n<tr>\n<td>Devir<\/td>\n<td>200-700 d\/dak<\/td>\n<\/tr>\n<tr>\n<td>Bant \u00f6l\u00e7\u00fcs\u00fc<\/td>\n<td>10 x 330 mm<\/td>\n<\/tr>\n<tr>\n<td>A\u011f\u0131rl\u0131k<\/td>\n<td>900g<\/td>\n<\/tr>\n<tr>\n<td>Muhafaza<\/td>\n<td>Dayan\u0131kl\u0131 Plastik Kutu<\/td>\n<\/tr>\n<\/table>\n","protected":false},"excerpt":{"rendered":"<div>\n\t<strong>Uyumlu Aksesuarlar:<\/strong><\/div>\n<div>\n\t<strong>PROX28583:<\/strong>\u00a0Z\u0131mpara 80 kum (5)<\/div>\n<div>\n\t<strong>PROX28582:<\/strong>\u00a0Z\u0131mpara 120 kum (5)<\/div>\n<div>\n\t<strong>PROX28581:<\/strong>\u00a0Z\u0131mpara 180 kum (5)<\/div>\n<div>\n\t<strong>PROX28410:<\/strong>\u00a0Micromot alet tutucu<\/div>\n<div>\n\t<strong>PROX28576:<\/strong>\u00a0\u0130nce perdah kay\u0131\u015f\u0131 (4)<\/div>\n<div>\n\t(\u015earj aleti ve batarya dahil de\u011fildir.)<\/div>\n","protected":false},"featured_media":0,"comment_status":"open","ping_status":"closed","template":"","meta":{"_acf_changed":false},"product_brand":[1501],"product_cat":[1001],"product_tag":[],"class_list":{"0":"post-10462","1":"product","2":"type-product","3":"status-publish","5":"product_brand-proxxon","6":"product_cat-zimpara-makinalari-akulu-mikro-aletler","8":"first","9":"instock","10":"taxable","11":"shipping-taxable","12":"purchasable","13":"product-type-simple","14":"add-to-wishlist-after_add_to_cart"},"acf":[],"_links":{"self":[{"href":"https:\/\/www.makitamarket.com.tr\/site\/wp-json\/wp\/v2\/product\/10462","targetHints":{"allow":["GET"]}}],"collection":[{"href":"https:\/\/www.makitamarket.com.tr\/site\/wp-json\/wp\/v2\/product"}],"about":[{"href":"https:\/\/www.makitamarket.com.tr\/site\/wp-json\/wp\/v2\/types\/product"}],"replies":[{"embeddable":true,"href":"https:\/\/www.makitamarket.com.tr\/site\/wp-json\/wp\/v2\/comments?post=10462"}],"wp:attachment":[{"href":"https:\/\/www.makitamarket.com.tr\/site\/wp-json\/wp\/v2\/media?parent=10462"}],"wp:term":[{"taxonomy":"product_brand","embeddable":true,"href":"https:\/\/www.makitamarket.com.tr\/site\/wp-json\/wp\/v2\/product_brand?post=10462"},{"taxonomy":"product_cat","embeddable":true,"href":"https:\/\/www.makitamarket.com.tr\/site\/wp-json\/wp\/v2\/product_cat?post=10462"},{"taxonomy":"product_tag","embeddable":true,"href":"https:\/\/www.makitamarket.com.tr\/site\/wp-json\/wp\/v2\/product_tag?post=10462"}],"curies":[{"name":"wp","href":"https:\/\/api.w.org\/{rel}","templated":true}]}}