{"id":10464,"date":"2024-11-27T20:02:19","date_gmt":"2024-11-27T17:02:19","guid":{"rendered":"https:\/\/www.makitamarket.com.tr\/site\/urun\/gison-gison-s8p-havali-yankeski-yedek-bicagi\/"},"modified":"2026-03-30T07:47:29","modified_gmt":"2026-03-30T04:47:29","slug":"gison-gison-s8p-havali-yankeski-yedek-bicagi","status":"publish","type":"product","link":"https:\/\/www.makitamarket.com.tr\/site\/urun\/gison-gison-s8p-havali-yankeski-yedek-bicagi\/","title":{"rendered":"Gison GPS8P GISON S8P HAVALI YANKESK\u0130 YEDEK BI\u00c7A\u011eI"},"content":{"rendered":"<table border=\"1\" cellpadding=\"0\" cellspacing=\"1\" style=\"width: 320px;\" width=\"319\">\n<colgroup>\n<col \/>\n<col \/>\n<col \/>\n<col \/>\n\t<\/colgroup>\n<tbody>\n<tr height=\"20\">\n<td height=\"180\" rowspan=\"9\" style=\"height: 180px; width: 64px; text-align: center;\">\n\t\t\t\t<strong>S8P<\/strong><\/td>\n<td rowspan=\"2\" style=\"width: 113px; text-align: center;\">\n\t\t\t\t<strong>Uyumlu Yankeski<\/strong><\/td>\n<td colspan=\"2\" style=\"width: 143px;\">\n\t\t\t\t<strong>Tel Kesme Kapasitesi<\/strong><\/td>\n<\/tr>\n<tr height=\"20\">\n<td align=\"left\" height=\"20\" style=\"height: 20px;\">\n\t\t\t\t<strong>Cinsi<\/strong><\/td>\n<td align=\"left\">\n\t\t\t\t<strong>\u00a0Kal\u0131nl\u0131k<\/strong><\/td>\n<\/tr>\n<tr height=\"20\">\n<td height=\"80\" rowspan=\"4\" style=\"height: 80px; text-align: center;\">\n\t\t\t\t<strong>GP030<\/strong><\/td>\n<td align=\"left\">\n\t\t\t\tDemir<\/td>\n<td style=\"text-align: center;\">\n\t\t\t\t2,8mm<\/td>\n<\/tr>\n<tr height=\"20\">\n<td align=\"left\" height=\"20\" style=\"height: 20px;\">\n\t\t\t\tBak\u0131r<\/td>\n<td style=\"text-align: center;\">\n\t\t\t\t3,3mm<\/td>\n<\/tr>\n<tr height=\"20\">\n<td align=\"left\" height=\"20\" style=\"height: 20px;\">\n\t\t\t\t\u00c7elik<\/td>\n<td style=\"text-align: center;\">\n\t\t\t\t2,0mm<\/td>\n<\/tr>\n<tr height=\"20\">\n<td align=\"left\" height=\"20\" style=\"height: 20px;\">\n\t\t\t\tPiano<\/td>\n<td style=\"text-align: center;\">\n\t\t\t\t1,2mm<\/td>\n<\/tr>\n<tr height=\"20\">\n<td height=\"60\" rowspan=\"3\" style=\"height: 60px; text-align: center;\">\n\t\t\t\t<strong>GP040<\/strong><\/td>\n<td align=\"left\">\n\t\t\t\tDemir<\/td>\n<td style=\"text-align: center;\">\n\t\t\t\t4,0mm<\/td>\n<\/tr>\n<tr height=\"20\">\n<td align=\"left\" height=\"20\" style=\"height: 20px;\">\n\t\t\t\tBak\u0131r<\/td>\n<td style=\"text-align: center;\">\n\t\t\t\t4,8mm<\/td>\n<\/tr>\n<tr height=\"20\">\n<td align=\"left\" height=\"20\" style=\"height: 20px;\">\n\t\t\t\t\u00c7elik<\/td>\n<td style=\"text-align: center;\">\n\t\t\t\t2,8mm<\/td>\n<\/tr>\n<\/tbody>\n<\/table>\n<p>\n\t<strong>CE-Made in Taiwan<\/strong><\/p>\n<table>\n<tr>\n<td>Uyumlu Yankeski<\/td>\n<td>GP030-GP040<\/td>\n<\/tr>\n<\/table>\n","protected":false},"excerpt":{"rendered":"<table border=\"1\" cellpadding=\"0\" cellspacing=\"1\" style=\"width: 320px;\" width=\"319\">\n<colgroup>\n<col \/>\n<col \/>\n<col \/>\n<col \/>\n\t<\/colgroup>\n<tbody>\n<tr height=\"20\">\n<td height=\"180\" rowspan=\"9\" style=\"height: 180px; width: 64px; text-align: center;\">\n\t\t\t\t<strong>S8P<\/strong><\/td>\n<td rowspan=\"2\" style=\"width: 113px; text-align: center;\">\n\t\t\t\t<strong>Uyumlu Yankeski<\/strong><\/td>\n<td colspan=\"2\" style=\"width: 143px;\">\n\t\t\t\t<strong>Tel Kesme Kapasitesi<\/strong><\/td>\n<\/tr>\n<tr height=\"20\">\n<td align=\"left\" height=\"20\" style=\"height: 20px;\">\n\t\t\t\t<strong>Cinsi<\/strong><\/td>\n<td align=\"left\">\n\t\t\t\t<strong>\u00a0Kal\u0131nl\u0131k<\/strong><\/td>\n<\/tr>\n<tr height=\"20\">\n<td height=\"80\" rowspan=\"4\" style=\"height: 80px; text-align: center;\">\n\t\t\t\t<strong>GP030<\/strong><\/td>\n<td align=\"left\">\n\t\t\t\tDemir<\/td>\n<td style=\"text-align: center;\">\n\t\t\t\t2,8mm<\/td>\n<\/tr>\n<tr height=\"20\">\n<td align=\"left\" height=\"20\" style=\"height: 20px;\">\n\t\t\t\tBak\u0131r<\/td>\n<td style=\"text-align: center;\">\n\t\t\t\t3,3mm<\/td>\n<\/tr>\n<tr height=\"20\">\n<td align=\"left\" height=\"20\" style=\"height: 20px;\">\n\t\t\t\t\u00c7elik<\/td>\n<td style=\"text-align: center;\">\n\t\t\t\t2,0mm<\/td>\n<\/tr>\n<tr height=\"20\">\n<td align=\"left\" height=\"20\" style=\"height: 20px;\">\n\t\t\t\tPiano<\/td>\n<td style=\"text-align: center;\">\n\t\t\t\t1,2mm<\/td>\n<\/tr>\n<tr height=\"20\">\n<td height=\"60\" rowspan=\"3\" style=\"height: 60px; text-align: center;\">\n\t\t\t\t<strong>GP040<\/strong><\/td>\n<td align=\"left\">\n\t\t\t\tDemir<\/td>\n<td style=\"text-align: center;\">\n\t\t\t\t4,0mm<\/td>\n<\/tr>\n<tr height=\"20\">\n<td align=\"left\" height=\"20\" style=\"height: 20px;\">\n\t\t\t\tBak\u0131r<\/td>\n<td style=\"text-align: center;\">\n\t\t\t\t4,8mm<\/td>\n<\/tr>\n<tr height=\"20\">\n<td align=\"left\" height=\"20\" style=\"height: 20px;\">\n\t\t\t\t\u00c7elik<\/td>\n<td style=\"text-align: center;\">\n\t\t\t\t2,8mm<\/td>\n<\/tr>\n<\/tbody>\n<\/table>\n<p>\n\t<strong>CE-Made in Taiwan<\/strong><\/p>\n","protected":false},"featured_media":10463,"comment_status":"open","ping_status":"closed","template":"","meta":{"_acf_changed":false},"product_brand":[1512],"product_cat":[902],"product_tag":[],"class_list":{"0":"post-10464","1":"product","2":"type-product","3":"status-publish","4":"has-post-thumbnail","6":"product_brand-gison","7":"product_cat-havali-yankeskiler","9":"first","10":"outofstock","11":"taxable","12":"shipping-taxable","13":"purchasable","14":"product-type-simple","15":"add-to-wishlist-after_add_to_cart"},"acf":[],"_links":{"self":[{"href":"https:\/\/www.makitamarket.com.tr\/site\/wp-json\/wp\/v2\/product\/10464","targetHints":{"allow":["GET"]}}],"collection":[{"href":"https:\/\/www.makitamarket.com.tr\/site\/wp-json\/wp\/v2\/product"}],"about":[{"href":"https:\/\/www.makitamarket.com.tr\/site\/wp-json\/wp\/v2\/types\/product"}],"replies":[{"embeddable":true,"href":"https:\/\/www.makitamarket.com.tr\/site\/wp-json\/wp\/v2\/comments?post=10464"}],"wp:featuredmedia":[{"embeddable":true,"href":"https:\/\/www.makitamarket.com.tr\/site\/wp-json\/wp\/v2\/media\/10463"}],"wp:attachment":[{"href":"https:\/\/www.makitamarket.com.tr\/site\/wp-json\/wp\/v2\/media?parent=10464"}],"wp:term":[{"taxonomy":"product_brand","embeddable":true,"href":"https:\/\/www.makitamarket.com.tr\/site\/wp-json\/wp\/v2\/product_brand?post=10464"},{"taxonomy":"product_cat","embeddable":true,"href":"https:\/\/www.makitamarket.com.tr\/site\/wp-json\/wp\/v2\/product_cat?post=10464"},{"taxonomy":"product_tag","embeddable":true,"href":"https:\/\/www.makitamarket.com.tr\/site\/wp-json\/wp\/v2\/product_tag?post=10464"}],"curies":[{"name":"wp","href":"https:\/\/api.w.org\/{rel}","templated":true}]}}