{"id":10476,"date":"2024-11-27T20:02:22","date_gmt":"2024-11-27T17:02:22","guid":{"rendered":"https:\/\/www.makitamarket.com.tr\/site\/urun\/big-red-trifor-800-kg\/"},"modified":"2026-04-06T13:17:04","modified_gmt":"2026-04-06T10:17:04","slug":"big-red-trifor-800-kg","status":"publish","type":"product","link":"https:\/\/www.makitamarket.com.tr\/site\/urun\/big-red-trifor-800-kg\/","title":{"rendered":"Big Red TRK0800 TR\u0130FOR 800 kg"},"content":{"rendered":"<table>\n<tr>\n<td>\u00d6l\u00e7\u00fcleri<\/td>\n<td>626x238x64mm<\/td>\n<\/tr>\n<tr>\n<td>A\u011f\u0131rl\u0131k<\/td>\n<td>6.4 kg<\/td>\n<\/tr>\n<tr>\n<td>\u00c7ektirme Kapasitesi<\/td>\n<td>800 Kg.<\/td>\n<\/tr>\n<tr>\n<td>Halat \u00e7ap\u0131<\/td>\n<td>8.3 mm<\/td>\n<\/tr>\n<tr>\n<td>Halat Boyu<\/td>\n<td>20mt<\/td>\n<\/tr>\n<\/table>\n","protected":false},"excerpt":{"rendered":"<p>\u00d6l\u00e7\u00fcleri 626x238x64mm A\u011f\u0131rl\u0131k 6.4 kg \u00c7ektirme Kapasitesi 800 Kg. Halat \u00e7ap\u0131 8.3 mm Halat Boyu 20mt<\/p>\n","protected":false},"featured_media":10475,"comment_status":"open","ping_status":"closed","template":"","meta":{"_acf_changed":false},"product_brand":[1519],"product_cat":[943],"product_tag":[],"class_list":{"0":"post-10476","1":"product","2":"type-product","3":"status-publish","4":"has-post-thumbnail","6":"product_brand-big-red","7":"product_cat-triforlar","9":"first","10":"outofstock","11":"taxable","12":"shipping-taxable","13":"purchasable","14":"product-type-simple","15":"add-to-wishlist-after_add_to_cart"},"acf":[],"_links":{"self":[{"href":"https:\/\/www.makitamarket.com.tr\/site\/wp-json\/wp\/v2\/product\/10476","targetHints":{"allow":["GET"]}}],"collection":[{"href":"https:\/\/www.makitamarket.com.tr\/site\/wp-json\/wp\/v2\/product"}],"about":[{"href":"https:\/\/www.makitamarket.com.tr\/site\/wp-json\/wp\/v2\/types\/product"}],"replies":[{"embeddable":true,"href":"https:\/\/www.makitamarket.com.tr\/site\/wp-json\/wp\/v2\/comments?post=10476"}],"wp:featuredmedia":[{"embeddable":true,"href":"https:\/\/www.makitamarket.com.tr\/site\/wp-json\/wp\/v2\/media\/10475"}],"wp:attachment":[{"href":"https:\/\/www.makitamarket.com.tr\/site\/wp-json\/wp\/v2\/media?parent=10476"}],"wp:term":[{"taxonomy":"product_brand","embeddable":true,"href":"https:\/\/www.makitamarket.com.tr\/site\/wp-json\/wp\/v2\/product_brand?post=10476"},{"taxonomy":"product_cat","embeddable":true,"href":"https:\/\/www.makitamarket.com.tr\/site\/wp-json\/wp\/v2\/product_cat?post=10476"},{"taxonomy":"product_tag","embeddable":true,"href":"https:\/\/www.makitamarket.com.tr\/site\/wp-json\/wp\/v2\/product_tag?post=10476"}],"curies":[{"name":"wp","href":"https:\/\/api.w.org\/{rel}","templated":true}]}}