{"id":10482,"date":"2024-11-27T20:02:24","date_gmt":"2024-11-27T17:02:24","guid":{"rendered":"https:\/\/www.makitamarket.com.tr\/site\/urun\/virax-virax-2102-66-dokum-boru-kesici-bicagi\/"},"modified":"2026-04-06T13:17:07","modified_gmt":"2026-04-06T10:17:07","slug":"virax-virax-2102-66-dokum-boru-kesici-bicagi","status":"publish","type":"product","link":"https:\/\/www.makitamarket.com.tr\/site\/urun\/virax-virax-2102-66-dokum-boru-kesici-bicagi\/","title":{"rendered":"Virax 210266 VIRAX 2102 66 D\u00d6K\u00dcM BORU KES\u0130C\u0130 BI\u00c7A\u011eI"},"content":{"rendered":"<table>\n<tr>\n<td>Uyumlu Kesici<\/td>\n<td>210265<\/td>\n<\/tr>\n<tr>\n<td>A (mm)<\/td>\n<td>50 mm<\/td>\n<\/tr>\n<tr>\n<td>A1 (mm)<\/td>\n<td>11.1 mm<\/td>\n<\/tr>\n<tr>\n<td>E (mm)<\/td>\n<td>9.5 mm<\/td>\n<\/tr>\n<tr>\n<td>Paket<\/td>\n<td>5 adet<\/td>\n<\/tr>\n<\/table>\n","protected":false},"excerpt":{"rendered":"<p>Uyumlu Kesici 210265 A (mm) 50 mm A1 (mm) 11.1 mm E (mm) 9.5 mm Paket 5 adet<\/p>\n","protected":false},"featured_media":10481,"comment_status":"open","ping_status":"closed","template":"","meta":{"_acf_changed":false},"product_brand":[1495],"product_cat":[826],"product_tag":[],"class_list":{"0":"post-10482","1":"product","2":"type-product","3":"status-publish","4":"has-post-thumbnail","6":"product_brand-virax","7":"product_cat-celik-boru-kesiciler","9":"first","10":"instock","11":"taxable","12":"shipping-taxable","13":"purchasable","14":"product-type-simple","15":"add-to-wishlist-after_add_to_cart"},"acf":[],"_links":{"self":[{"href":"https:\/\/www.makitamarket.com.tr\/site\/wp-json\/wp\/v2\/product\/10482","targetHints":{"allow":["GET"]}}],"collection":[{"href":"https:\/\/www.makitamarket.com.tr\/site\/wp-json\/wp\/v2\/product"}],"about":[{"href":"https:\/\/www.makitamarket.com.tr\/site\/wp-json\/wp\/v2\/types\/product"}],"replies":[{"embeddable":true,"href":"https:\/\/www.makitamarket.com.tr\/site\/wp-json\/wp\/v2\/comments?post=10482"}],"wp:featuredmedia":[{"embeddable":true,"href":"https:\/\/www.makitamarket.com.tr\/site\/wp-json\/wp\/v2\/media\/10481"}],"wp:attachment":[{"href":"https:\/\/www.makitamarket.com.tr\/site\/wp-json\/wp\/v2\/media?parent=10482"}],"wp:term":[{"taxonomy":"product_brand","embeddable":true,"href":"https:\/\/www.makitamarket.com.tr\/site\/wp-json\/wp\/v2\/product_brand?post=10482"},{"taxonomy":"product_cat","embeddable":true,"href":"https:\/\/www.makitamarket.com.tr\/site\/wp-json\/wp\/v2\/product_cat?post=10482"},{"taxonomy":"product_tag","embeddable":true,"href":"https:\/\/www.makitamarket.com.tr\/site\/wp-json\/wp\/v2\/product_tag?post=10482"}],"curies":[{"name":"wp","href":"https:\/\/api.w.org\/{rel}","templated":true}]}}