{"id":10496,"date":"2024-11-27T20:02:31","date_gmt":"2024-11-27T17:02:31","guid":{"rendered":"https:\/\/www.makitamarket.com.tr\/site\/urun\/makita-titresim-zimpara-18v\/"},"modified":"2025-11-16T12:09:20","modified_gmt":"2025-11-16T09:09:20","slug":"makita-titresim-zimpara-18v","status":"publish","type":"product","link":"https:\/\/www.makitamarket.com.tr\/site\/urun\/makita-titresim-zimpara-18v\/","title":{"rendered":"Makita DBO380Z T\u0130TRE\u015e\u0130M ZIMPARA 18V"},"content":{"rendered":"<p><strong class=\"red-title\" style=\"font-size: 16px;\">A\u00e7\u0131klama:<\/strong> <span><\/p>\n<p>Model DBO380Z<\/p>\n<p>Titre\u015fim Z\u0131mpara<\/p>\n<p>18V \u2022 93&#215;228 mm<\/p>\n<p><span style=\"color: rgb(0, 112, 192);\">Dahili Toz Emme Sistemli Titre\u015fim Z\u0131mpara.<\/span><\/p>\n<p>DBO380, hassas son i\u015flem \u00e7al\u0131\u015fmalar\u0131 i\u00e7in LXT\u00ae destekli ak\u00fcl\u00fc titre\u015fim z\u0131mpara makinas\u0131d\u0131r.K\u00f6m\u00fcrs\u00fcz&nbsp;motoru daha uzun \u00e7al\u0131\u015fma s\u00fcresi ve daha fazla g\u00fc\u00e7 sa\u011flar.<\/p>\n<p><span style=\"color: red;\">Kullan\u0131m amac\u0131: <\/span>Bu alet ah\u015fap, plastik ve metal malzemelerin geni\u015f y\u00fczeyleriyle boyal\u0131 y\u00fczeylerin z\u0131mparalanmas\u0131 amac\u0131yla kullan\u0131l\u0131r.<\/p>\n<p><u>\u00d6zellikleri:<\/u><\/p>\n<p>18V, BL MOTOR,XPT<\/p>\n<p>BL Motor\/K\u00f6m\u00fcrs\u00fcz Motor mevcuttur. K\u00f6m\u00fcrs\u00fcz motor sayesinde \u00e7al\u0131\u015fma esnas\u0131nda olu\u015fan \u0131s\u0131 enerjisi kaybolmaz ve makinenin g\u00fcc\u00fcne iletilir.<\/p>\n<p>XPT(Ekstra Koruma Teknolojisi) sayesinde nemli ve ya\u011fmurlu ortamlarda kullan\u0131labilir. D\u00fc\u015fmeye kar\u015f\u0131 ekstra dayan\u0131kl\u0131d\u0131r.<\/p>\n<p>Ak\u00fcl\u00fc yap\u0131s\u0131 kullan\u0131c\u0131ya kablosuz kullan\u0131m imkan\u0131 sunar ve bu sayede kullan\u0131c\u0131lar geni\u015f alanlarda kablo s\u0131n\u0131rlamalar\u0131 olmadan rahat\u00e7a \u00e7al\u0131\u015fabilirler.<\/p>\n<ol>\n<li data-list=\"ordered\"><span class=\"ql-ui\" contenteditable=\"false\"><\/span>Toz emme \u00fcnitesi mevcuttur.<\/li>\n<li data-list=\"ordered\"><span class=\"ql-ui\" contenteditable=\"false\"><\/span>\u00c7ift yal\u0131t\u0131ml\u0131d\u0131r.<\/li>\n<li data-list=\"ordered\"><span class=\"ql-ui\" contenteditable=\"false\"><\/span>C\u0131rtl\u0131 tip<\/li>\n<li data-list=\"ordered\"><span class=\"ql-ui\" contenteditable=\"false\"><\/span>Plastik ta\u015f\u0131ma \u00e7antal\u0131d\u0131r.<\/li>\n<\/ol>\n<p><span style=\"color: red;\">Ambalaj i\u00e7eri\u011finde ak\u00fc ve ak\u00fc \u015farj cihaz\u0131 bulunmamaktad\u0131r.<\/span><\/p>\n<p><span style=\"color: red;\">1.5\/2.0\/3.0\/4.0\/5.0\/6.0 Ah ak\u00fcl\u00fclerle uyumludur.<\/span><\/p>\n<p><\/span><strong class=\"red-title\" style=\"font-size: 16px;\">Kullan\u0131m Amac\u0131:<\/strong> <span><\/p>\n<p><\/p>\n<p><\/span><strong class=\"red-title\" style=\"font-size: 16px;\">\u00d6zellikler:<\/strong> <span><\/p>\n<p><\/p>\n<p><\/span><strong class=\"red-title\" style=\"font-size: 16px;\">Paket \u0130\u00e7eri\u011fi:<\/strong> <span><\/p>\n<p><\/p>\n<p><\/span><\/p>\n<table>\n<tr>\n<td>Taban \u00d6l\u00e7\u00fcleri<\/td>\n<td>92&#215;185 mm<\/td>\n<\/tr>\n<tr>\n<td>A\u015f\u0131nd\u0131r\u0131c\u0131 Ka\u011f\u0131t \u00d6l\u00e7\u00fcleri<\/td>\n<td>93x228mm<\/td>\n<\/tr>\n<tr>\n<td>Dakikada Titre\u015fim<\/td>\n<td>4.000\/8.000\/12.000<\/td>\n<\/tr>\n<tr>\n<td>Net A\u011f\u0131rl\u0131k<\/td>\n<td>2.0kg<\/td>\n<\/tr>\n<tr>\n<td>G\u00fc\u00e7-Kapasite<\/td>\n<td>18V\/Li-ion<\/td>\n<\/tr>\n<\/table>\n","protected":false},"excerpt":{"rendered":"<p><strong class=\"red-title\" style=\"font-size: 16px;\">A\u00e7\u0131klama:<\/strong> <span><\/p>\n<p>Model DBO380Z<\/p>\n<p>Titre\u015fim Z\u0131mpara<\/p>\n<p>18V \u2022 93&#215;228 mm<\/p>\n<p><span style=\"color: rgb(0, 112, 192);\">Dahili Toz Emme Sistemli Titre\u015fim Z\u0131mpara.<\/span><\/p>\n<p>DBO380, hassas son i\u015flem \u00e7al\u0131\u015fmalar\u0131 i\u00e7in LXT\u00ae destekli ak\u00fcl\u00fc titre\u015fim z\u0131mpara makinas\u0131d\u0131r.K\u00f6m\u00fcrs\u00fcz&nbsp;motoru daha uzun \u00e7al\u0131\u015fma s\u00fcresi ve daha fazla g\u00fc\u00e7 sa\u011flar.<\/p>\n<p><span style=\"color: red;\">Kullan\u0131m amac\u0131: <\/span>Bu alet ah\u015fap, plastik ve metal malzemelerin geni\u015f y\u00fczeyleriyle boyal\u0131 y\u00fczeylerin z\u0131mparalanmas\u0131 amac\u0131yla kullan\u0131l\u0131r.<\/p>\n<p><u>\u00d6zellikleri:<\/u><\/p>\n<p>18V, BL MOTOR,XPT<\/p>\n<p>BL Motor\/K\u00f6m\u00fcrs\u00fcz Motor mevcuttur. K\u00f6m\u00fcrs\u00fcz motor sayesinde \u00e7al\u0131\u015fma esnas\u0131nda olu\u015fan \u0131s\u0131 enerjisi kaybolmaz ve makinenin g\u00fcc\u00fcne iletilir.<\/p>\n<p>XPT(Ekstra Koruma Teknolojisi) sayesinde nemli ve ya\u011fmurlu ortamlarda kullan\u0131labilir. D\u00fc\u015fmeye kar\u015f\u0131 ekstra dayan\u0131kl\u0131d\u0131r.<\/p>\n<p>Ak\u00fcl\u00fc yap\u0131s\u0131 kullan\u0131c\u0131ya kablosuz kullan\u0131m imkan\u0131 sunar ve bu sayede kullan\u0131c\u0131lar geni\u015f alanlarda kablo s\u0131n\u0131rlamalar\u0131 olmadan rahat\u00e7a \u00e7al\u0131\u015fabilirler.<\/p>\n<ol>\n<li data-list=\"ordered\"><span class=\"ql-ui\" contenteditable=\"false\"><\/span>Toz emme \u00fcnitesi mevcuttur.<\/li>\n<li data-list=\"ordered\"><span class=\"ql-ui\" contenteditable=\"false\"><\/span>\u00c7ift yal\u0131t\u0131ml\u0131d\u0131r.<\/li>\n<li data-list=\"ordered\"><span class=\"ql-ui\" contenteditable=\"false\"><\/span>C\u0131rtl\u0131 tip<\/li>\n<li data-list=\"ordered\"><span class=\"ql-ui\" contenteditable=\"false\"><\/span>Plastik ta\u015f\u0131ma \u00e7antal\u0131d\u0131r.<\/li>\n<\/ol>\n<p><span style=\"color: red;\">Ambalaj i\u00e7eri\u011finde ak\u00fc ve ak\u00fc \u015farj cihaz\u0131 bulunmamaktad\u0131r.<\/span><\/p>\n<p><span style=\"color: red;\">1.5\/2.0\/3.0\/4.0\/5.0\/6.0 Ah ak\u00fcl\u00fclerle uyumludur.<\/span><\/p>\n<p><\/span><strong class=\"red-title\" style=\"font-size: 16px;\">Kullan\u0131m Amac\u0131:<\/strong> <span><\/p>\n<p><\/p>\n<p><\/span><strong class=\"red-title\" style=\"font-size: 16px;\">\u00d6zellikler:<\/strong> <span><\/p>\n<p><\/p>\n<p><\/span><strong class=\"red-title\" style=\"font-size: 16px;\">Paket \u0130\u00e7eri\u011fi:<\/strong> <span><\/p>\n<p><\/p>\n<p><\/span><\/p>\n","protected":false},"featured_media":10495,"comment_status":"open","ping_status":"closed","template":"","meta":{"_acf_changed":false},"product_brand":[1485],"product_cat":[1565],"product_tag":[],"class_list":{"0":"post-10496","1":"product","2":"type-product","3":"status-publish","4":"has-post-thumbnail","6":"product_brand-makita","7":"product_cat-yok-yok","9":"first","10":"outofstock","11":"taxable","12":"shipping-taxable","13":"purchasable","14":"product-type-simple","15":"add-to-wishlist-after_add_to_cart"},"acf":[],"_links":{"self":[{"href":"https:\/\/www.makitamarket.com.tr\/site\/wp-json\/wp\/v2\/product\/10496","targetHints":{"allow":["GET"]}}],"collection":[{"href":"https:\/\/www.makitamarket.com.tr\/site\/wp-json\/wp\/v2\/product"}],"about":[{"href":"https:\/\/www.makitamarket.com.tr\/site\/wp-json\/wp\/v2\/types\/product"}],"replies":[{"embeddable":true,"href":"https:\/\/www.makitamarket.com.tr\/site\/wp-json\/wp\/v2\/comments?post=10496"}],"wp:featuredmedia":[{"embeddable":true,"href":"https:\/\/www.makitamarket.com.tr\/site\/wp-json\/wp\/v2\/media\/10495"}],"wp:attachment":[{"href":"https:\/\/www.makitamarket.com.tr\/site\/wp-json\/wp\/v2\/media?parent=10496"}],"wp:term":[{"taxonomy":"product_brand","embeddable":true,"href":"https:\/\/www.makitamarket.com.tr\/site\/wp-json\/wp\/v2\/product_brand?post=10496"},{"taxonomy":"product_cat","embeddable":true,"href":"https:\/\/www.makitamarket.com.tr\/site\/wp-json\/wp\/v2\/product_cat?post=10496"},{"taxonomy":"product_tag","embeddable":true,"href":"https:\/\/www.makitamarket.com.tr\/site\/wp-json\/wp\/v2\/product_tag?post=10496"}],"curies":[{"name":"wp","href":"https:\/\/api.w.org\/{rel}","templated":true}]}}