{"id":10506,"date":"2024-11-27T20:02:33","date_gmt":"2024-11-27T17:02:33","guid":{"rendered":"https:\/\/www.makitamarket.com.tr\/site\/urun\/knipex-duz-cene-ayarli-pense-400-mm\/"},"modified":"2026-03-30T07:48:24","modified_gmt":"2026-03-30T04:48:24","slug":"knipex-duz-cene-ayarli-pense-400-mm","status":"publish","type":"product","link":"https:\/\/www.makitamarket.com.tr\/site\/urun\/knipex-duz-cene-ayarli-pense-400-mm\/","title":{"rendered":"Knipex 8603400 D\u00dcZ \u00c7ENE AYARLI PENSE 400 mm"},"content":{"rendered":"<p><b>86 03 400 D\u00fcz \u00c7ene Ayarl\u0131 Pense XL<\/b><br \/>E\u015fsiz montaj aleti \u015fimdi 400 mm&#8217;lik boyda da mevcuttur 85 mm&#8217;ye \/ 3 3\/8 in\u00e7&#8217;e kadar olan a\u011f\u0131z geni\u015flikleri i\u00e7in \u0130\u015f par\u00e7alar\u0131n\u0131n kavranmas\u0131, tutulmas\u0131, s\u0131k\u0131\u015ft\u0131r\u0131lmas\u0131 ve b\u00fck\u00fclmesi i\u00e7in olduk\u00e7a kullan\u0131\u015fl\u0131d\u0131r. Ergonomik sap pozisyonu ile birlikte i\u015f par\u00e7alar\u0131na uyum optimize edilmi\u015ftir. Mafsal pimi g\u00fcvenli bir \u015fekilde yerine oturur: Ayar istem d\u0131\u015f\u0131 bozulmaz. Elle uygulanan kuvveti 10 kat g\u00fc\u00e7lendirmesi sayesinde y\u00fcksek s\u0131k\u0131\u015ft\u0131rma g\u00fcc\u00fc. Ayarlanabilir pense. Kavrama \u00e7enelerinin aras\u0131ndaki s\u0131k\u0131\u015ft\u0131rma pimi sayesinde c\u0131vata ba\u011flant\u0131lar\u0131n\u0131n c\u0131rc\u0131r lokma anahtar prensibine g\u00f6re h\u0131zl\u0131 bir \u015fekilde s\u0131k\u0131lmas\u0131 ve gev\u015fetilmesi m\u00fcmk\u00fcnd\u00fcr. Paralel \u00e7eneler sayesinde, belirtilen kapasiteye kadar t\u00fcm civata \u00f6l\u00e7\u00fclerinin kademesiz olarak tutulmas\u0131 m\u00fcmk\u00fcnd\u00fcr. D\u00fcz \u00e7eneler; \u00f6rne\u011fin pirin\u00e7, k\u0131z\u0131l d\u00f6k\u00fcm veya paslanmaz \u00e7elik gibi y\u00fcksek kaliteli ba\u011flant\u0131 elemanlar\u0131n\u0131n da zarar verilmeden montaj\u0131 i\u00e7in uygundur. Bo\u015fluksuz \u015fekilde somunlar\u0131 kavrad\u0131\u011f\u0131 i\u00e7in somun k\u00f6\u015felerine zarar vermez. <\/p>\n<li><b>\u00c7ene kal\u0131nl\u0131\u011f\u0131 (eklem) (B2): <\/b>16,0 mm<\/li>\n<li><b>Joint Thickness (B3): <\/b>20,0 mm<\/li>\n<li><b>Tip Thickness (B1): <\/b>12,5 mm<\/li>\n<li><b>Ayar pozisyonu: <\/b>25<\/li>\n<li><b>Somun ve anahtar \u00f6l\u00e7\u00fcs\u00fc kapasitesi: <\/b>\u00d8 338<\/li>\n<li><b>Somun ve anahtar \u00f6l\u00e7\u00fcs\u00fc kapasitesi: <\/b>85 mm<\/li>\n<table>\n<tr>\n<td>Uzunluk<\/td>\n<td>400<\/td>\n<\/tr>\n<tr>\n<td>Kafa<\/td>\n<td>Krom<\/td>\n<\/tr>\n<tr>\n<td>Sap<\/td>\n<td>\u0130nce \u0130zole<\/td>\n<\/tr>\n<tr>\n<td>Tutma \u00d6l\u00e7\u00fcleri<\/td>\n<td>85 mm, 3.3\/8&#8243;<\/td>\n<\/tr>\n<tr>\n<td>A\u011f\u0131rl\u0131k<\/td>\n<td>1460 gr<\/td>\n<\/tr>\n<\/table>\n","protected":false},"excerpt":{"rendered":"<p><b>86 03 400 D\u00fcz \u00c7ene Ayarl\u0131 Pense XL<\/b><br \/>E\u015fsiz montaj aleti \u015fimdi 400 mm&#8217;lik boyda da mevcuttur 85 mm&#8217;ye \/ 3 3\/8 in\u00e7&#8217;e kadar olan a\u011f\u0131z geni\u015flikleri i\u00e7in \u0130\u015f par\u00e7alar\u0131n\u0131n kavranmas\u0131, tutulmas\u0131, s\u0131k\u0131\u015ft\u0131r\u0131lmas\u0131 ve b\u00fck\u00fclmesi i\u00e7in olduk\u00e7a kullan\u0131\u015fl\u0131d\u0131r. Ergonomik sap pozisyonu ile birlikte i\u015f par\u00e7alar\u0131na uyum optimize edilmi\u015ftir. Mafsal pimi g\u00fcvenli bir \u015fekilde yerine oturur: Ayar istem d\u0131\u015f\u0131 bozulmaz. Elle uygulanan kuvveti 10 kat g\u00fc\u00e7lendirmesi sayesinde y\u00fcksek s\u0131k\u0131\u015ft\u0131rma g\u00fcc\u00fc. Ayarlanabilir pense. Kavrama \u00e7enelerinin aras\u0131ndaki s\u0131k\u0131\u015ft\u0131rma pimi sayesinde c\u0131vata ba\u011flant\u0131lar\u0131n\u0131n c\u0131rc\u0131r lokma anahtar prensibine g\u00f6re h\u0131zl\u0131 bir \u015fekilde s\u0131k\u0131lmas\u0131 ve gev\u015fetilmesi m\u00fcmk\u00fcnd\u00fcr. Paralel \u00e7eneler sayesinde, belirtilen kapasiteye kadar t\u00fcm civata \u00f6l\u00e7\u00fclerinin kademesiz olarak tutulmas\u0131 m\u00fcmk\u00fcnd\u00fcr. D\u00fcz \u00e7eneler; \u00f6rne\u011fin pirin\u00e7, k\u0131z\u0131l d\u00f6k\u00fcm veya paslanmaz \u00e7elik gibi y\u00fcksek kaliteli ba\u011flant\u0131 elemanlar\u0131n\u0131n da zarar verilmeden montaj\u0131 i\u00e7in uygundur. Bo\u015fluksuz \u015fekilde somunlar\u0131 kavrad\u0131\u011f\u0131 i\u00e7in somun k\u00f6\u015felerine zarar vermez. <\/p>\n<li><b>\u00c7ene kal\u0131nl\u0131\u011f\u0131 (eklem) (B2): <\/b>16,0 mm<\/li>\n<li><b>Joint Thickness (B3): <\/b>20,0 mm<\/li>\n<li><b>Tip Thickness (B1): <\/b>12,5 mm<\/li>\n<li><b>Ayar pozisyonu: <\/b>25<\/li>\n<li><b>Somun ve anahtar \u00f6l\u00e7\u00fcs\u00fc kapasitesi: <\/b>\u00d8 338<\/li>\n<li><b>Somun ve anahtar \u00f6l\u00e7\u00fcs\u00fc kapasitesi: <\/b>85 mm<\/li>\n","protected":false},"featured_media":10505,"comment_status":"open","ping_status":"closed","template":"","meta":{"_acf_changed":false},"product_brand":[1486],"product_cat":[1062],"product_tag":[],"class_list":{"0":"post-10506","1":"product","2":"type-product","3":"status-publish","4":"has-post-thumbnail","6":"product_brand-knipex","7":"product_cat-duz-cene-ayarli-penseler","9":"first","10":"instock","11":"taxable","12":"shipping-taxable","13":"purchasable","14":"product-type-simple","15":"add-to-wishlist-after_add_to_cart"},"acf":[],"_links":{"self":[{"href":"https:\/\/www.makitamarket.com.tr\/site\/wp-json\/wp\/v2\/product\/10506","targetHints":{"allow":["GET"]}}],"collection":[{"href":"https:\/\/www.makitamarket.com.tr\/site\/wp-json\/wp\/v2\/product"}],"about":[{"href":"https:\/\/www.makitamarket.com.tr\/site\/wp-json\/wp\/v2\/types\/product"}],"replies":[{"embeddable":true,"href":"https:\/\/www.makitamarket.com.tr\/site\/wp-json\/wp\/v2\/comments?post=10506"}],"wp:featuredmedia":[{"embeddable":true,"href":"https:\/\/www.makitamarket.com.tr\/site\/wp-json\/wp\/v2\/media\/10505"}],"wp:attachment":[{"href":"https:\/\/www.makitamarket.com.tr\/site\/wp-json\/wp\/v2\/media?parent=10506"}],"wp:term":[{"taxonomy":"product_brand","embeddable":true,"href":"https:\/\/www.makitamarket.com.tr\/site\/wp-json\/wp\/v2\/product_brand?post=10506"},{"taxonomy":"product_cat","embeddable":true,"href":"https:\/\/www.makitamarket.com.tr\/site\/wp-json\/wp\/v2\/product_cat?post=10506"},{"taxonomy":"product_tag","embeddable":true,"href":"https:\/\/www.makitamarket.com.tr\/site\/wp-json\/wp\/v2\/product_tag?post=10506"}],"curies":[{"name":"wp","href":"https:\/\/api.w.org\/{rel}","templated":true}]}}