{"id":10510,"date":"2024-11-27T20:02:34","date_gmt":"2024-11-27T17:02:34","guid":{"rendered":"https:\/\/www.makitamarket.com.tr\/site\/urun\/makita-makita-dhp483z-darbeli-matkap-vidalama\/"},"modified":"2025-11-16T05:43:01","modified_gmt":"2025-11-16T02:43:01","slug":"makita-makita-dhp483z-darbeli-matkap-vidalama","status":"publish","type":"product","link":"https:\/\/www.makitamarket.com.tr\/site\/urun\/makita-makita-dhp483z-darbeli-matkap-vidalama\/","title":{"rendered":"Makita DHP483Z MAKITA DHP483Z DARBEL\u0130 MATKAP V\u0130DALAMA"},"content":{"rendered":"<p>Ambalaj i\u00e7eri\u011finde ak\u00fc ve ak\u00fc \u015farz cihaz\u0131 bulunmamaktad\u0131r.<\/p>\n<p>1.5\/2.0\/3.0\/4.0\/5.0\/6.0 Ah ak\u00fcl\u00fclerle uyumludur.<\/p>\n<table>\n<tr>\n<td>Kapasite<\/td>\n<td>\u00c7elik:13,  Ah\u015fap: 38mm, Tu\u011fla:13mm<\/td>\n<\/tr>\n<tr>\n<td>Bo\u015fta Devir<\/td>\n<td>0-500\/1.700 devir\/dk<\/td>\n<\/tr>\n<tr>\n<td>Maksimum Tork<\/td>\n<td>23\/40 N.m<\/td>\n<\/tr>\n<tr>\n<td>Net A\u011f\u0131rl\u0131k<\/td>\n<td>1.3kg<\/td>\n<\/tr>\n<tr>\n<td>G\u00fc\u00e7-Kapasite<\/td>\n<td>18V\/Li-ion<\/td>\n<\/tr>\n<tr>\n<td>Mandren<\/td>\n<td>1\/2&#8243;<\/td>\n<\/tr>\n<\/table>\n","protected":false},"excerpt":{"rendered":"<p>Ambalaj i\u00e7eri\u011finde ak\u00fc ve ak\u00fc \u015farz cihaz\u0131 bulunmamaktad\u0131r.<\/p>\n<p>1.5\/2.0\/3.0\/4.0\/5.0\/6.0 Ah ak\u00fcl\u00fclerle uyumludur.<\/p>\n","protected":false},"featured_media":10509,"comment_status":"open","ping_status":"closed","template":"","meta":{"_acf_changed":false},"product_brand":[1485],"product_cat":[738],"product_tag":[],"class_list":{"0":"post-10510","1":"product","2":"type-product","3":"status-publish","4":"has-post-thumbnail","6":"product_brand-makita","7":"product_cat-z-serisi-solo-urunler","9":"first","10":"outofstock","11":"taxable","12":"shipping-taxable","13":"purchasable","14":"product-type-simple","15":"add-to-wishlist-after_add_to_cart"},"acf":[],"_links":{"self":[{"href":"https:\/\/www.makitamarket.com.tr\/site\/wp-json\/wp\/v2\/product\/10510","targetHints":{"allow":["GET"]}}],"collection":[{"href":"https:\/\/www.makitamarket.com.tr\/site\/wp-json\/wp\/v2\/product"}],"about":[{"href":"https:\/\/www.makitamarket.com.tr\/site\/wp-json\/wp\/v2\/types\/product"}],"replies":[{"embeddable":true,"href":"https:\/\/www.makitamarket.com.tr\/site\/wp-json\/wp\/v2\/comments?post=10510"}],"wp:featuredmedia":[{"embeddable":true,"href":"https:\/\/www.makitamarket.com.tr\/site\/wp-json\/wp\/v2\/media\/10509"}],"wp:attachment":[{"href":"https:\/\/www.makitamarket.com.tr\/site\/wp-json\/wp\/v2\/media?parent=10510"}],"wp:term":[{"taxonomy":"product_brand","embeddable":true,"href":"https:\/\/www.makitamarket.com.tr\/site\/wp-json\/wp\/v2\/product_brand?post=10510"},{"taxonomy":"product_cat","embeddable":true,"href":"https:\/\/www.makitamarket.com.tr\/site\/wp-json\/wp\/v2\/product_cat?post=10510"},{"taxonomy":"product_tag","embeddable":true,"href":"https:\/\/www.makitamarket.com.tr\/site\/wp-json\/wp\/v2\/product_tag?post=10510"}],"curies":[{"name":"wp","href":"https:\/\/api.w.org\/{rel}","templated":true}]}}