{"id":10524,"date":"2024-11-27T20:02:39","date_gmt":"2024-11-27T17:02:39","guid":{"rendered":"https:\/\/www.makitamarket.com.tr\/site\/urun\/makita-kademeli-matkap-ucu-24-40x89-mm\/"},"modified":"2026-03-30T07:48:28","modified_gmt":"2026-03-30T04:48:28","slug":"makita-kademeli-matkap-ucu-24-40x89-mm","status":"publish","type":"product","link":"https:\/\/www.makitamarket.com.tr\/site\/urun\/makita-kademeli-matkap-ucu-24-40x89-mm\/","title":{"rendered":"Makita D-40076 KADEMEL\u0130 MATKAP UCU 24 &#8211; 40&#215;89 mm"},"content":{"rendered":"<p>\n\t<span _fck_bookmark=\"1\" style=\"display: none;\">\u00a0<\/span><span _fck_bookmark=\"1\" style=\"display: none;\">\u00a0<\/span>Plastik, Demir d\u0131\u015f metal, Yumu\u015fak \u00e7elik malzeme deliminde kullan\u0131lmas\u0131 tavsiye edilir.<\/p>\n<p>\n\tAla\u015f\u0131ml\u0131 \u00e7elik, D\u00f6kme demir malzeme deliminde de kullan\u0131labilir.<\/p>\n<p>\n\tD\u00fcz sap tipine sahiptir.<\/p>\n<table>\n<tr>\n<td>\u00c7ap<\/td>\n<td>24-40<\/td>\n<\/tr>\n<tr>\n<td>Uzunluk<\/td>\n<td>89<\/td>\n<\/tr>\n<tr>\n<td>\u00c7al\u0131\u015fma Uzunlu\u011fu<\/td>\n<td>64<\/td>\n<\/tr>\n<\/table>\n","protected":false},"excerpt":{"rendered":"<p>\n\t<span _fck_bookmark=\"1\" style=\"display: none;\">\u00a0<\/span><span _fck_bookmark=\"1\" style=\"display: none;\">\u00a0<\/span>Plastik, Demir d\u0131\u015f metal, Yumu\u015fak \u00e7elik malzeme deliminde kullan\u0131lmas\u0131 tavsiye edilir.<\/p>\n<p>\n\tAla\u015f\u0131ml\u0131 \u00e7elik, D\u00f6kme demir malzeme deliminde de kullan\u0131labilir.<\/p>\n<p>\n\tD\u00fcz sap tipine sahiptir.<\/p>\n","protected":false},"featured_media":10523,"comment_status":"open","ping_status":"closed","template":"","meta":{"_acf_changed":false},"product_brand":[1485],"product_cat":[1064],"product_tag":[],"class_list":{"0":"post-10524","1":"product","2":"type-product","3":"status-publish","4":"has-post-thumbnail","6":"product_brand-makita","7":"product_cat-metal-delme-uclari","9":"first","10":"instock","11":"taxable","12":"shipping-taxable","13":"purchasable","14":"product-type-simple","15":"add-to-wishlist-after_add_to_cart"},"acf":[],"_links":{"self":[{"href":"https:\/\/www.makitamarket.com.tr\/site\/wp-json\/wp\/v2\/product\/10524","targetHints":{"allow":["GET"]}}],"collection":[{"href":"https:\/\/www.makitamarket.com.tr\/site\/wp-json\/wp\/v2\/product"}],"about":[{"href":"https:\/\/www.makitamarket.com.tr\/site\/wp-json\/wp\/v2\/types\/product"}],"replies":[{"embeddable":true,"href":"https:\/\/www.makitamarket.com.tr\/site\/wp-json\/wp\/v2\/comments?post=10524"}],"wp:featuredmedia":[{"embeddable":true,"href":"https:\/\/www.makitamarket.com.tr\/site\/wp-json\/wp\/v2\/media\/10523"}],"wp:attachment":[{"href":"https:\/\/www.makitamarket.com.tr\/site\/wp-json\/wp\/v2\/media?parent=10524"}],"wp:term":[{"taxonomy":"product_brand","embeddable":true,"href":"https:\/\/www.makitamarket.com.tr\/site\/wp-json\/wp\/v2\/product_brand?post=10524"},{"taxonomy":"product_cat","embeddable":true,"href":"https:\/\/www.makitamarket.com.tr\/site\/wp-json\/wp\/v2\/product_cat?post=10524"},{"taxonomy":"product_tag","embeddable":true,"href":"https:\/\/www.makitamarket.com.tr\/site\/wp-json\/wp\/v2\/product_tag?post=10524"}],"curies":[{"name":"wp","href":"https:\/\/api.w.org\/{rel}","templated":true}]}}