{"id":10526,"date":"2024-11-27T20:02:39","date_gmt":"2024-11-27T17:02:39","guid":{"rendered":"https:\/\/www.makitamarket.com.tr\/site\/urun\/knipex-circir-kolu-265-mm\/"},"modified":"2026-03-30T07:52:30","modified_gmt":"2026-03-30T04:52:30","slug":"knipex-circir-kolu-265-mm","status":"publish","type":"product","link":"https:\/\/www.makitamarket.com.tr\/site\/urun\/knipex-circir-kolu-265-mm\/","title":{"rendered":"Knipex 9842 CIRCIR KOLU 265 mm"},"content":{"rendered":"<p><b>98 42 C\u0131rc\u0131rl\u0131 d\u00fcz eleman<\/b><br \/>Sa\u011fa ve sola d\u00f6nme ayarlanabilir. Civatal\u0131 kilitleme mekanizmas\u0131 sayesinde \u00e7al\u0131\u015ft\u0131rma aletlerinin h\u0131zl\u0131, g\u00fcvenli ve kolay bir \u015fekilde sabitlenmesi. <\/p>\n<li><b>Ba\u011flant\u0131 d\u00f6rtgeni: <\/b>1\/2 in<\/li>\n<table>\n<tr>\n<td>Uzunluk<\/td>\n<td>265<\/td>\n<\/tr>\n<tr>\n<td>\u00d6l\u00e7\u00fc<\/td>\n<td>1\/2&#8243;<\/td>\n<\/tr>\n<tr>\n<td>A\u011f\u0131rl\u0131k<\/td>\n<td>599 gr<\/td>\n<\/tr>\n<\/table>\n","protected":false},"excerpt":{"rendered":"<p><b>98 42 C\u0131rc\u0131rl\u0131 d\u00fcz eleman<\/b><br \/>Sa\u011fa ve sola d\u00f6nme ayarlanabilir. Civatal\u0131 kilitleme mekanizmas\u0131 sayesinde \u00e7al\u0131\u015ft\u0131rma aletlerinin h\u0131zl\u0131, g\u00fcvenli ve kolay bir \u015fekilde sabitlenmesi. <\/p>\n<li><b>Ba\u011flant\u0131 d\u00f6rtgeni: <\/b>1\/2 in<\/li>\n","protected":false},"featured_media":10774,"comment_status":"open","ping_status":"closed","template":"","meta":{"_acf_changed":false},"product_brand":[1486],"product_cat":[1065],"product_tag":[],"class_list":{"0":"post-10526","1":"product","2":"type-product","3":"status-publish","4":"has-post-thumbnail","6":"product_brand-knipex","7":"product_cat-circir-kollari","9":"first","10":"instock","11":"taxable","12":"shipping-taxable","13":"purchasable","14":"product-type-simple","15":"add-to-wishlist-after_add_to_cart"},"acf":[],"_links":{"self":[{"href":"https:\/\/www.makitamarket.com.tr\/site\/wp-json\/wp\/v2\/product\/10526","targetHints":{"allow":["GET"]}}],"collection":[{"href":"https:\/\/www.makitamarket.com.tr\/site\/wp-json\/wp\/v2\/product"}],"about":[{"href":"https:\/\/www.makitamarket.com.tr\/site\/wp-json\/wp\/v2\/types\/product"}],"replies":[{"embeddable":true,"href":"https:\/\/www.makitamarket.com.tr\/site\/wp-json\/wp\/v2\/comments?post=10526"}],"wp:featuredmedia":[{"embeddable":true,"href":"https:\/\/www.makitamarket.com.tr\/site\/wp-json\/wp\/v2\/media\/10774"}],"wp:attachment":[{"href":"https:\/\/www.makitamarket.com.tr\/site\/wp-json\/wp\/v2\/media?parent=10526"}],"wp:term":[{"taxonomy":"product_brand","embeddable":true,"href":"https:\/\/www.makitamarket.com.tr\/site\/wp-json\/wp\/v2\/product_brand?post=10526"},{"taxonomy":"product_cat","embeddable":true,"href":"https:\/\/www.makitamarket.com.tr\/site\/wp-json\/wp\/v2\/product_cat?post=10526"},{"taxonomy":"product_tag","embeddable":true,"href":"https:\/\/www.makitamarket.com.tr\/site\/wp-json\/wp\/v2\/product_tag?post=10526"}],"curies":[{"name":"wp","href":"https:\/\/api.w.org\/{rel}","templated":true}]}}